{"id":273,"date":"2021-10-16T11:12:03","date_gmt":"2021-10-16T08:12:03","guid":{"rendered":"https:\/\/marketplace.epassi.fi\/tploiste\/?post_type=product&#038;p=273"},"modified":"2024-07-19T10:43:21","modified_gmt":"2024-07-19T07:43:21","slug":"aikuisten-tanssitunti-1krt-viikossa","status":"publish","type":"product","link":"https:\/\/marketplace.epassi.fi\/tploiste\/kauppa\/liikuntaedut\/liikunta-muut\/aikuisten-tanssitunti-1krt-viikossa\/","title":{"rendered":"Aikuisten tanssitunti 1krt\/viikossa"},"content":{"rendered":"<p>Ilmoittautuminen yhdelle tanssitunnille koko tanssikaudelle (18krt\/60min). Valitsemalla kausimaksun saat yksitt\u00e4isen tanssitunnin kaikista edullisimmin. Omia poissaoloja voi korvata saman kauden aikana muilla aikuisten tunneilla.<\/p>\n<p>Kev\u00e4\u00e4n 2024 tuntivalikoima aikuisille:<\/p>\n<p>Maanantaisin: Showjazz keskitaso<\/p>\n<p>Tiistaisin: KuntoDance avoin taso (aamutunti) &amp; Show alkeet\/keskitaso (UUTUUS)<\/p>\n<p>Keskiviikkoisin: Showjazz alkeet<\/p>\n<p>Torstaisin: Jumps &amp; turns alkeet &amp; Nykytanssi avoin taso<\/p>\n<p>Lauantaisin: Show avoin taso (UUTUUS)<\/p>\n<p>Tervetuloa tanssimaan ja loistamaan Loisteelle! Huom! Muista tehd\u00e4 epassi suorituksen j\u00e4lkeen normaali ilmoittautuminen www.loistestudiot.com tai laita s\u00e4hk\u00f6postia toimisto@tanssipisteloiste.fi<\/p>\n","protected":false},"excerpt":{"rendered":"<p>Ilmoittautuminen yhdelle tanssitunnille koko tanssikaudelle (18krt\/60min).<\/p>\n","protected":false},"featured_media":364,"comment_status":"open","ping_status":"closed","template":"","meta":{"_acf_changed":false,"_kad_post_transparent":"default","_kad_post_title":"","_kad_post_layout":"default","_kad_post_sidebar_id":"","_kad_post_content_style":"default","_kad_post_vertical_padding":"default","_kad_post_feature":"","_kad_post_feature_position":"","_kad_post_header":false,"_kad_post_footer":false,"_kad_post_classname":""},"product_brand":[],"product_cat":[29,19],"product_tag":[],"class_list":{"0":"post-273","1":"product","2":"type-product","3":"status-publish","4":"has-post-thumbnail","6":"product_cat-liikunta-muut","7":"product_cat-liikuntaedut","9":"first","10":"instock","11":"virtual","12":"taxable","13":"purchasable","14":"product-type-simple","15":"entry","16":"content-bg","17":"loop-entry"},"acf":[],"_links":{"self":[{"href":"https:\/\/marketplace.epassi.fi\/tploiste\/wp-json\/wp\/v2\/product\/273","targetHints":{"allow":["GET"]}}],"collection":[{"href":"https:\/\/marketplace.epassi.fi\/tploiste\/wp-json\/wp\/v2\/product"}],"about":[{"href":"https:\/\/marketplace.epassi.fi\/tploiste\/wp-json\/wp\/v2\/types\/product"}],"replies":[{"embeddable":true,"href":"https:\/\/marketplace.epassi.fi\/tploiste\/wp-json\/wp\/v2\/comments?post=273"}],"wp:featuredmedia":[{"embeddable":true,"href":"https:\/\/marketplace.epassi.fi\/tploiste\/wp-json\/wp\/v2\/media\/364"}],"wp:attachment":[{"href":"https:\/\/marketplace.epassi.fi\/tploiste\/wp-json\/wp\/v2\/media?parent=273"}],"wp:term":[{"taxonomy":"product_brand","embeddable":true,"href":"https:\/\/marketplace.epassi.fi\/tploiste\/wp-json\/wp\/v2\/product_brand?post=273"},{"taxonomy":"product_cat","embeddable":true,"href":"https:\/\/marketplace.epassi.fi\/tploiste\/wp-json\/wp\/v2\/product_cat?post=273"},{"taxonomy":"product_tag","embeddable":true,"href":"https:\/\/marketplace.epassi.fi\/tploiste\/wp-json\/wp\/v2\/product_tag?post=273"}],"curies":[{"name":"wp","href":"https:\/\/api.w.org\/{rel}","templated":true}]}}