{"id":282,"date":"2021-11-17T15:02:11","date_gmt":"2021-11-17T13:02:11","guid":{"rendered":"https:\/\/marketplace.epassi.fi\/tploiste\/?post_type=product&#038;p=282"},"modified":"2024-07-19T10:42:48","modified_gmt":"2024-07-19T07:42:48","slug":"lahjakortti","status":"publish","type":"product","link":"https:\/\/marketplace.epassi.fi\/tploiste\/kauppa\/liikuntaedut\/liikunta-muut\/lahjakortti\/","title":{"rendered":"Lahjakortti kev\u00e4tkaudelle 2024"},"content":{"rendered":"<p>Lahjakortin voi k\u00e4ytt\u00e4\u00e4 sarjakortteihin tai kausimaksupakettiin kev\u00e4t tai syyskaudelle 2024.<\/p>\n<p>Lahjakorttia ei pysty vaihtamaan takaisin rahaksi.<\/p>\n","protected":false},"excerpt":{"rendered":"<p>Lahjakortin voi k\u00e4ytt\u00e4\u00e4 sarjakortteihin tai kausimaksupakettiin kev\u00e4t tai syyskaudelle 2024.<\/p>\n<p>Lahjakorttia ei pysty vaihtamaan takaisin rahaksi.<\/p>\n","protected":false},"featured_media":374,"comment_status":"open","ping_status":"closed","template":"","meta":{"_acf_changed":false,"_kad_post_transparent":"default","_kad_post_title":"","_kad_post_layout":"default","_kad_post_sidebar_id":"","_kad_post_content_style":"default","_kad_post_vertical_padding":"default","_kad_post_feature":"","_kad_post_feature_position":"","_kad_post_header":false,"_kad_post_footer":false,"_kad_post_classname":""},"product_brand":[],"product_cat":[29,19],"product_tag":[],"class_list":{"0":"post-282","1":"product","2":"type-product","3":"status-publish","4":"has-post-thumbnail","6":"product_cat-liikunta-muut","7":"product_cat-liikuntaedut","9":"first","10":"instock","11":"taxable","12":"shipping-taxable","13":"purchasable","14":"product-type-variable","15":"has-default-attributes","16":"entry","17":"content-bg","18":"loop-entry"},"acf":[],"_links":{"self":[{"href":"https:\/\/marketplace.epassi.fi\/tploiste\/wp-json\/wp\/v2\/product\/282","targetHints":{"allow":["GET"]}}],"collection":[{"href":"https:\/\/marketplace.epassi.fi\/tploiste\/wp-json\/wp\/v2\/product"}],"about":[{"href":"https:\/\/marketplace.epassi.fi\/tploiste\/wp-json\/wp\/v2\/types\/product"}],"replies":[{"embeddable":true,"href":"https:\/\/marketplace.epassi.fi\/tploiste\/wp-json\/wp\/v2\/comments?post=282"}],"wp:featuredmedia":[{"embeddable":true,"href":"https:\/\/marketplace.epassi.fi\/tploiste\/wp-json\/wp\/v2\/media\/374"}],"wp:attachment":[{"href":"https:\/\/marketplace.epassi.fi\/tploiste\/wp-json\/wp\/v2\/media?parent=282"}],"wp:term":[{"taxonomy":"product_brand","embeddable":true,"href":"https:\/\/marketplace.epassi.fi\/tploiste\/wp-json\/wp\/v2\/product_brand?post=282"},{"taxonomy":"product_cat","embeddable":true,"href":"https:\/\/marketplace.epassi.fi\/tploiste\/wp-json\/wp\/v2\/product_cat?post=282"},{"taxonomy":"product_tag","embeddable":true,"href":"https:\/\/marketplace.epassi.fi\/tploiste\/wp-json\/wp\/v2\/product_tag?post=282"}],"curies":[{"name":"wp","href":"https:\/\/api.w.org\/{rel}","templated":true}]}}