{"id":22,"date":"2021-09-13T17:45:59","date_gmt":"2021-09-13T17:45:59","guid":{"rendered":"https:\/\/marketplace.epassi.fi\/treenaakotona\/?page_id=22"},"modified":"2021-10-12T10:57:35","modified_gmt":"2021-10-12T10:57:35","slug":"info","status":"publish","type":"page","link":"https:\/\/marketplace.epassi.fi\/treenaakotona\/info\/","title":{"rendered":"Info"},"content":{"rendered":"\n\t<div class=\"entry-content single-content\">\n\n\t\t<div class=\"wp-block-columns\" style=\"gap:30px\">\n\t\t\t<div class=\"wp-block-column\">\n\t\t\t\t<h2>Treenaa miss\u00e4 ja milloin vaan!<\/h2>\n\t\t\t\t<p><p>Treenaakotona.com on helpoin tapa treenata!<\/p>\n<p>Treenaa kotona tai miss\u00e4 ja milloin vain - tarvitset vain internet-yhteyden. Joka viikko uutta sis\u00e4lt\u00f6\u00e4 sek\u00e4 valmiiksi mietitty j\u00e4rkev\u00e4 viikko-ohjelma. Ammattitaitoiset ohjaajamme tekev\u00e4t treenin kanssasi alusta loppuun. <\/p>\n<p>Palvelustamme l\u00f6yd\u00e4t kattavan valikoiman treenej\u00e4 matalan kynnyksen tuolijumpista aina tiukkoihin kahvakuula- ja HIIT treeneihin. Palvelumme toimii tietokoneella, tabletilla, k\u00e4nnyk\u00e4ll\u00e4 ja televisiossa. <\/p>\n<p>K\u00e4yt\u00f6ss\u00e4si on vapaasti laaja treeniarkistomme, joka on k\u00e4yt\u00f6ss\u00e4si aina ( yli 600 erilaista treeni\u00e4) sek\u00e4 erilaiset 4 viikon kurssit.<\/p>\n<p>Saat apua aina tarvittaessa. Jos sinulla on kysytt\u00e4v\u00e4\u00e4 treeneist\u00e4, tekniikasta tai haluat olla muuten yhteydess\u00e4, olemme sinua varten.<\/p>\n<\/p>\n\t\t\t\t<h3>Treenaakotona.com<\/h3>\n\t\t\t\t<p>www.treenaakotona.com <br>\n\t\t\t\t\tONLINE <\/p>\n\t\t\t\t<p><a href=\"tel:0451361339\">0451361339<\/a><\/p>\n\t\t\t\t<p><a href=\"mailto:asiakaspalvelu@treenaakotona.com\">asiakaspalvelu@treenaakotona.com<\/a><\/p>\n\n\t\t\t\t\t\t\t<\/div>\n\n\t\t\t<div class=\"wp-block-column\">\n\t\t\t\t<figure class=\"wp-block-image size-large\"><img loading=\"lazy\" decoding=\"async\" width=\"768\" height=\"495\" src=\"https:\/\/marketplace.epassi.fi\/treenaakotona\/wp-content\/uploads\/sites\/27\/2021\/10\/Treenaakotonacom_laitteet_1-768x495.jpg\" class=\"attachment-medium_large size-medium_large\" alt=\"\" \/><\/figure>\n\t\t\t<\/div>\n\t\t<\/div>\n\t<\/div>\n\t\n","protected":false},"excerpt":{"rendered":"","protected":false},"author":2,"featured_media":0,"parent":0,"menu_order":0,"comment_status":"closed","ping_status":"closed","template":"","meta":{"_acf_changed":false,"_kad_post_transparent":"","_kad_post_title":"","_kad_post_layout":"","_kad_post_sidebar_id":"","_kad_post_content_style":"","_kad_post_vertical_padding":"","_kad_post_feature":"","_kad_post_feature_position":"","_kad_post_header":false,"_kad_post_footer":false,"_kad_post_classname":"","footnotes":""},"class_list":["post-22","page","type-page","status-publish","hentry"],"acf":[],"_links":{"self":[{"href":"https:\/\/marketplace.epassi.fi\/treenaakotona\/wp-json\/wp\/v2\/pages\/22","targetHints":{"allow":["GET"]}}],"collection":[{"href":"https:\/\/marketplace.epassi.fi\/treenaakotona\/wp-json\/wp\/v2\/pages"}],"about":[{"href":"https:\/\/marketplace.epassi.fi\/treenaakotona\/wp-json\/wp\/v2\/types\/page"}],"author":[{"embeddable":true,"href":"https:\/\/marketplace.epassi.fi\/treenaakotona\/wp-json\/wp\/v2\/users\/2"}],"replies":[{"embeddable":true,"href":"https:\/\/marketplace.epassi.fi\/treenaakotona\/wp-json\/wp\/v2\/comments?post=22"}],"version-history":[{"count":10,"href":"https:\/\/marketplace.epassi.fi\/treenaakotona\/wp-json\/wp\/v2\/pages\/22\/revisions"}],"predecessor-version":[{"id":264,"href":"https:\/\/marketplace.epassi.fi\/treenaakotona\/wp-json\/wp\/v2\/pages\/22\/revisions\/264"}],"wp:attachment":[{"href":"https:\/\/marketplace.epassi.fi\/treenaakotona\/wp-json\/wp\/v2\/media?parent=22"}],"curies":[{"name":"wp","href":"https:\/\/api.w.org\/{rel}","templated":true}]}}