{"id":273,"date":"2021-10-16T11:12:03","date_gmt":"2021-10-16T11:12:03","guid":{"rendered":"https:\/\/marketplace.epassi.fi\/treenaakotona\/?post_type=product&#038;p=273"},"modified":"2026-01-02T17:31:46","modified_gmt":"2026-01-02T15:31:46","slug":"black-friday-tarjous-6-kk","status":"publish","type":"product","link":"https:\/\/marketplace.epassi.fi\/treenaakotona\/kauppa\/liikuntaedut\/jooga\/black-friday-tarjous-6-kk\/","title":{"rendered":"JOULU &#8211; TARJOUS 12 kk vain 97 \u20ac  (norm.149\u20ac)"},"content":{"rendered":"<p>Treenaakotona.com on helpoin tapa treenata! Treenaa kotona tai miss\u00e4 ja milloin vain &#8211; tarvitset vain internet-yhteyden. Joka viikko uutta sis\u00e4lt\u00f6\u00e4 sek\u00e4 valmiiksi mietitty j\u00e4rkev\u00e4 viikko-ohjelma. Ammattitaitoiset ohjaajamme tekev\u00e4t treenin kanssasi alusta loppuun.<\/p>\n<p>Palvelustamme l\u00f6yd\u00e4t kattavan valikoiman treenej\u00e4 matalan kynnyksen tuolijumpista aina tiukkoihin kahvakuula- ja HIIT treeneihin. Palvelumme toimii tietokoneella, tabletilla, k\u00e4nnyk\u00e4ll\u00e4 ja televisiossa.<\/p>\n<p>K\u00e4yt\u00f6ss\u00e4si on vapaasti laaja treeniarkistomme, joka on k\u00e4yt\u00f6ss\u00e4si aina ( yli 700 erilaista treeni\u00e4) sek\u00e4 erilaiset 4 viikon kurssit.<\/p>\n<p>Saat apua aina tarvittaessa. Jos sinulla on kysytt\u00e4v\u00e4\u00e4 treeneist\u00e4, tekniikasta tai haluat olla muuten yhteydess\u00e4, olemme sinua varten.<\/p>\n","protected":false},"excerpt":{"rendered":"<p>Koko vuoden treenit palvelussamme treenaakotona.comissa. Kaikki treenimme, viikko-ohjelmat, kurssit ym. sis\u00e4lt\u00f6 ovat vapaasti k\u00e4yt\u00f6ss\u00e4si. (norm.149 \u20ac)<\/p>\n","protected":false},"featured_media":1010,"comment_status":"open","ping_status":"closed","template":"","meta":{"_acf_changed":false,"_kad_post_transparent":"default","_kad_post_title":"","_kad_post_layout":"default","_kad_post_sidebar_id":"","_kad_post_content_style":"default","_kad_post_vertical_padding":"default","_kad_post_feature":"","_kad_post_feature_position":"","_kad_post_header":false,"_kad_post_footer":false,"_kad_post_classname":""},"product_brand":[],"product_cat":[25,23,29,19,27,28,15],"product_tag":[],"class_list":{"0":"post-273","1":"product","2":"type-product","3":"status-publish","4":"has-post-thumbnail","6":"product_cat-jooga","7":"product_cat-kuntosali","8":"product_cat-liikunta-muut","9":"product_cat-liikuntaedut","10":"product_cat-ryhmaliikunta","11":"product_cat-verkkotreenit","12":"product_cat-yleinen","14":"first","15":"instock","16":"virtual","17":"taxable","18":"purchasable","19":"product-type-simple","20":"entry","21":"content-bg","22":"loop-entry"},"acf":[],"_links":{"self":[{"href":"https:\/\/marketplace.epassi.fi\/treenaakotona\/wp-json\/wp\/v2\/product\/273","targetHints":{"allow":["GET"]}}],"collection":[{"href":"https:\/\/marketplace.epassi.fi\/treenaakotona\/wp-json\/wp\/v2\/product"}],"about":[{"href":"https:\/\/marketplace.epassi.fi\/treenaakotona\/wp-json\/wp\/v2\/types\/product"}],"replies":[{"embeddable":true,"href":"https:\/\/marketplace.epassi.fi\/treenaakotona\/wp-json\/wp\/v2\/comments?post=273"}],"wp:featuredmedia":[{"embeddable":true,"href":"https:\/\/marketplace.epassi.fi\/treenaakotona\/wp-json\/wp\/v2\/media\/1010"}],"wp:attachment":[{"href":"https:\/\/marketplace.epassi.fi\/treenaakotona\/wp-json\/wp\/v2\/media?parent=273"}],"wp:term":[{"taxonomy":"product_brand","embeddable":true,"href":"https:\/\/marketplace.epassi.fi\/treenaakotona\/wp-json\/wp\/v2\/product_brand?post=273"},{"taxonomy":"product_cat","embeddable":true,"href":"https:\/\/marketplace.epassi.fi\/treenaakotona\/wp-json\/wp\/v2\/product_cat?post=273"},{"taxonomy":"product_tag","embeddable":true,"href":"https:\/\/marketplace.epassi.fi\/treenaakotona\/wp-json\/wp\/v2\/product_tag?post=273"}],"curies":[{"name":"wp","href":"https:\/\/api.w.org\/{rel}","templated":true}]}}