{"id":386,"date":"2021-12-06T10:39:45","date_gmt":"2021-12-06T08:39:45","guid":{"rendered":"https:\/\/marketplace.epassi.fi\/treenaakotona\/?post_type=product&#038;p=386"},"modified":"2026-01-02T17:31:46","modified_gmt":"2026-01-02T15:31:46","slug":"joulu-tarjous-24-kk-190-e","status":"publish","type":"product","link":"https:\/\/marketplace.epassi.fi\/treenaakotona\/kauppa\/liikuntaedut\/jooga\/joulu-tarjous-24-kk-190-e\/","title":{"rendered":"JOULU- TARJOUS (24 kk) 190 \u20ac"},"content":{"rendered":"<p>Treenaakotona.com on helpoin tapa treenata! Treenaa kotona tai miss\u00e4 ja milloin vain &#8211; tarvitset vain internet-yhteyden. Joka viikko uutta sis\u00e4lt\u00f6\u00e4 sek\u00e4 valmiiksi mietitty j\u00e4rkev\u00e4 viikko-ohjelma. Ammattitaitoiset ohjaajamme tekev\u00e4t treenin kanssasi alusta loppuun.<\/p>\n<p>Palvelustamme l\u00f6yd\u00e4t kattavan valikoiman treenej\u00e4 matalan kynnyksen tuolijumpista aina tiukkoihin kahvakuula- ja HIIT treeneihin. Palvelumme toimii tietokoneella, tabletilla, k\u00e4nnyk\u00e4ll\u00e4 ja televisiossa.<\/p>\n<p>K\u00e4yt\u00f6ss\u00e4si on vapaasti laaja treeniarkistomme, joka on k\u00e4yt\u00f6ss\u00e4si aina ( yli 600 erilaista treeni\u00e4) sek\u00e4 erilaiset 4 viikon kurssit.<\/p>\n<p>Saat apua aina tarvittaessa. Jos sinulla on kysytt\u00e4v\u00e4\u00e4 treeneist\u00e4, tekniikasta tai haluat olla muuten yhteydess\u00e4, olemme sinua varten.<\/p>\n","protected":false},"excerpt":{"rendered":"<p>Kahden vuoden treenit (24 kk) palvelussamme www.treenaakotona.com Kaikki treenimme, viikko-ohjelmat, kurssit ym. sis\u00e4lt\u00f6 ovat vapaasti k\u00e4yt\u00f6ss\u00e4si. (Norm.298 \u20ac)<\/p>\n<p>P.s Jos sinulla ei viel\u00e4 ole tunnusta palvelussamme, voit tehd\u00e4 tunnuksen sivustollamme treenaakotona.com kohdasta &#8221;Aloita treenit&#8221;. Avaamme sitten yll\u00e4pidon kautta tunnuksellesi\u00a0 24 kk treenit. <strong>Laita viesti asiakaspalvelu@treenaakotona.com kun olet rekkaroinnin tehnyt, niin huomaamme sen ja avaamme tunnuksellesi 24 kk treenit.<\/strong><\/p>\n<p>Tai voit laittaaa viesti\u00e4 meille asiakaspalvelu@treenaakotona.com niin neuvomme miten luot itsellesi k\u00e4ytt\u00e4j\u00e4tunnuksen, jos sinulla ei sit\u00e4 viel\u00e4 ole.<\/p>\n","protected":false},"featured_media":387,"comment_status":"open","ping_status":"closed","template":"","meta":{"_acf_changed":false,"_kad_post_transparent":"default","_kad_post_title":"","_kad_post_layout":"default","_kad_post_sidebar_id":"","_kad_post_content_style":"default","_kad_post_vertical_padding":"default","_kad_post_feature":"","_kad_post_feature_position":"","_kad_post_header":false,"_kad_post_footer":false,"_kad_post_classname":""},"product_brand":[],"product_cat":[25,23,29,19,27,28,15],"product_tag":[],"class_list":{"0":"post-386","1":"product","2":"type-product","3":"status-publish","4":"has-post-thumbnail","6":"product_cat-jooga","7":"product_cat-kuntosali","8":"product_cat-liikunta-muut","9":"product_cat-liikuntaedut","10":"product_cat-ryhmaliikunta","11":"product_cat-verkkotreenit","12":"product_cat-yleinen","14":"first","15":"instock","16":"taxable","17":"shipping-taxable","18":"purchasable","19":"product-type-simple","20":"entry","21":"content-bg","22":"loop-entry"},"acf":[],"_links":{"self":[{"href":"https:\/\/marketplace.epassi.fi\/treenaakotona\/wp-json\/wp\/v2\/product\/386","targetHints":{"allow":["GET"]}}],"collection":[{"href":"https:\/\/marketplace.epassi.fi\/treenaakotona\/wp-json\/wp\/v2\/product"}],"about":[{"href":"https:\/\/marketplace.epassi.fi\/treenaakotona\/wp-json\/wp\/v2\/types\/product"}],"replies":[{"embeddable":true,"href":"https:\/\/marketplace.epassi.fi\/treenaakotona\/wp-json\/wp\/v2\/comments?post=386"}],"wp:featuredmedia":[{"embeddable":true,"href":"https:\/\/marketplace.epassi.fi\/treenaakotona\/wp-json\/wp\/v2\/media\/387"}],"wp:attachment":[{"href":"https:\/\/marketplace.epassi.fi\/treenaakotona\/wp-json\/wp\/v2\/media?parent=386"}],"wp:term":[{"taxonomy":"product_brand","embeddable":true,"href":"https:\/\/marketplace.epassi.fi\/treenaakotona\/wp-json\/wp\/v2\/product_brand?post=386"},{"taxonomy":"product_cat","embeddable":true,"href":"https:\/\/marketplace.epassi.fi\/treenaakotona\/wp-json\/wp\/v2\/product_cat?post=386"},{"taxonomy":"product_tag","embeddable":true,"href":"https:\/\/marketplace.epassi.fi\/treenaakotona\/wp-json\/wp\/v2\/product_tag?post=386"}],"curies":[{"name":"wp","href":"https:\/\/api.w.org\/{rel}","templated":true}]}}