{"id":305,"date":"2021-11-10T08:54:17","date_gmt":"2021-11-10T06:54:17","guid":{"rendered":"https:\/\/marketplace.epassi.fi\/treenarisi\/?post_type=product&#038;p=305"},"modified":"2024-09-01T00:02:50","modified_gmt":"2024-08-31T21:02:50","slug":"etavalmennus-2kk","status":"publish","type":"product","link":"https:\/\/marketplace.epassi.fi\/treenarisi\/kauppa\/liikuntaedut\/kuntosali\/etavalmennus-2kk\/","title":{"rendered":"Et\u00e4valmennus 2kk"},"content":{"rendered":"<p>2 kuukauden et\u00e4valmennus jossa et\u00e4tapaamiset 2 kertaa kuukaudessa.<\/p>\n<p>Sis\u00e4lt\u00e4\u00e4:<br \/>\n\u2013 Henkil\u00f6kohtainen treeniohjelma ja -ruokavalio<br \/>\n\u2013 Et\u00e4tapaaminen 45min 2krt\/kk<br \/>\n\u2013 Yhteydenpito Syke-sovelluksen kautta valmennuksen ajan<\/p>\n<p>Tilattuasi valmennuksen saat ohjeet esitietojen t\u00e4ytt\u00e4miseksi. Esitiedot t\u00e4ytetty\u00e4si valmentaja laatii henkil\u00f6kohtaiset ohjelmat ja kutsuu sinut valmennettavakseen Syke-sovelluksen kautta.<br \/>\nEt\u00e4tapaamiset sovitaan erikseen valmentajan kanssa.<\/p>\n","protected":false},"excerpt":{"rendered":"<p>2 kuukauden et\u00e4valmennus jossa et\u00e4tapaamiset 2 kertaa kuukaudessa. Lis\u00e4tietoja alla<\/p>\n<p>Saatavilla my\u00f6s Treeniohjelma tai Ruokavalio seurannalla.<\/p>\n<p>Katso kaikki henkil\u00f6kohtaiset valmennukset klikkaamalla &#8221;Osta et\u00e4valmennus&#8221; painiketta<\/p>\n","protected":false},"featured_media":306,"comment_status":"open","ping_status":"closed","template":"","meta":{"_acf_changed":false,"_kad_post_transparent":"default","_kad_post_title":"","_kad_post_layout":"default","_kad_post_sidebar_id":"","_kad_post_content_style":"default","_kad_post_vertical_padding":"default","_kad_post_feature":"","_kad_post_feature_position":"","_kad_post_header":false,"_kad_post_footer":false,"_kad_post_classname":""},"product_brand":[],"product_cat":[23,29,19,28,15],"product_tag":[],"class_list":{"0":"post-305","1":"product","2":"type-product","3":"status-publish","4":"has-post-thumbnail","6":"product_cat-kuntosali","7":"product_cat-liikunta-muut","8":"product_cat-liikuntaedut","9":"product_cat-verkkotreenit","10":"product_cat-yleinen","12":"first","13":"instock","14":"taxable","15":"shipping-taxable","16":"product-type-external","17":"entry","18":"content-bg","19":"loop-entry"},"acf":[],"_links":{"self":[{"href":"https:\/\/marketplace.epassi.fi\/treenarisi\/wp-json\/wp\/v2\/product\/305","targetHints":{"allow":["GET"]}}],"collection":[{"href":"https:\/\/marketplace.epassi.fi\/treenarisi\/wp-json\/wp\/v2\/product"}],"about":[{"href":"https:\/\/marketplace.epassi.fi\/treenarisi\/wp-json\/wp\/v2\/types\/product"}],"replies":[{"embeddable":true,"href":"https:\/\/marketplace.epassi.fi\/treenarisi\/wp-json\/wp\/v2\/comments?post=305"}],"wp:featuredmedia":[{"embeddable":true,"href":"https:\/\/marketplace.epassi.fi\/treenarisi\/wp-json\/wp\/v2\/media\/306"}],"wp:attachment":[{"href":"https:\/\/marketplace.epassi.fi\/treenarisi\/wp-json\/wp\/v2\/media?parent=305"}],"wp:term":[{"taxonomy":"product_brand","embeddable":true,"href":"https:\/\/marketplace.epassi.fi\/treenarisi\/wp-json\/wp\/v2\/product_brand?post=305"},{"taxonomy":"product_cat","embeddable":true,"href":"https:\/\/marketplace.epassi.fi\/treenarisi\/wp-json\/wp\/v2\/product_cat?post=305"},{"taxonomy":"product_tag","embeddable":true,"href":"https:\/\/marketplace.epassi.fi\/treenarisi\/wp-json\/wp\/v2\/product_tag?post=305"}],"curies":[{"name":"wp","href":"https:\/\/api.w.org\/{rel}","templated":true}]}}