{"id":308,"date":"2021-11-10T09:16:36","date_gmt":"2021-11-10T07:16:36","guid":{"rendered":"https:\/\/marketplace.epassi.fi\/treenarisi\/?post_type=product&#038;p=308"},"modified":"2025-12-12T09:25:35","modified_gmt":"2025-12-12T07:25:35","slug":"henkilokohtaisesti-suunniteltu-treeniohjelma","status":"publish","type":"product","link":"https:\/\/marketplace.epassi.fi\/treenarisi\/kauppa\/liikuntaedut\/kuntosali\/henkilokohtaisesti-suunniteltu-treeniohjelma\/","title":{"rendered":"Henkil\u00f6kohtaisesti suunniteltu treeniohjelma"},"content":{"rendered":"<p>Tarvitsetko treeniohjelman tavoitteellisen treenaamisen tueksi?<\/p>\n<p>Henkil\u00f6kohtaisesti suunniteltu treeniohjelma tehd\u00e4\u00e4n sinun tavoitteesi, toiveesi ja el\u00e4m\u00e4ntilanteesi huomioiden. Oli tavoitteenasi sitten painonpudotus, lihasten kasvatus tai mik\u00e4 tahansa, on t\u00e4rke\u00e4\u00e4 ett\u00e4 treenisi ovat oikeanlaiset ja tavoitteitasi tukevat.<br \/>\nTreeniohjelma on kuvallinen ja se voidaan tehd\u00e4 kotiin tai kuntosalille.<\/p>\n<p>Saat tilauksen yhteydess\u00e4 kassalla ohjeet esitietojen t\u00e4ytt\u00e4miseksi. Saat ohjeen my\u00f6s s\u00e4hk\u00f6postitse.<\/p>\n<p>Esitietojen palauttamisen j\u00e4lkeen ohjelma suunnitellaan ja toimitetaan sinulle 1-3arkip\u00e4iv\u00e4n kuluessa.<\/p>\n","protected":false},"excerpt":{"rendered":"<p>Henkil\u00f6kohtaisesti suunniteltu treeniohjelma 59\u20ac, lis\u00e4tietoja alla.<\/p>\n<p>Meilt\u00e4 my\u00f6s valmiit treeniohjelmat ja ruokavaliot sek\u00e4 henkil\u00f6kohtaisesti suunniteltu ruokavalio. My\u00f6s verkkovalmennukset ja henkil\u00f6kohtaiset valmennukset.<\/p>\n<p>Katso kaikki treeniohjelmat klikkaamalla &#8221;Osta treeniohjelma&#8221; painiketta<\/p>\n","protected":false},"featured_media":312,"comment_status":"open","ping_status":"closed","template":"","meta":{"_acf_changed":false,"_kad_post_transparent":"default","_kad_post_title":"","_kad_post_layout":"default","_kad_post_sidebar_id":"","_kad_post_content_style":"default","_kad_post_vertical_padding":"default","_kad_post_feature":"","_kad_post_feature_position":"","_kad_post_header":false,"_kad_post_footer":false,"_kad_post_classname":""},"product_brand":[],"product_cat":[23,29,19,28,15],"product_tag":[],"class_list":{"0":"post-308","1":"product","2":"type-product","3":"status-publish","4":"has-post-thumbnail","6":"product_cat-kuntosali","7":"product_cat-liikunta-muut","8":"product_cat-liikuntaedut","9":"product_cat-verkkotreenit","10":"product_cat-yleinen","12":"first","13":"instock","14":"featured","15":"taxable","16":"shipping-taxable","17":"product-type-external","18":"entry","19":"content-bg","20":"loop-entry"},"acf":[],"_links":{"self":[{"href":"https:\/\/marketplace.epassi.fi\/treenarisi\/wp-json\/wp\/v2\/product\/308","targetHints":{"allow":["GET"]}}],"collection":[{"href":"https:\/\/marketplace.epassi.fi\/treenarisi\/wp-json\/wp\/v2\/product"}],"about":[{"href":"https:\/\/marketplace.epassi.fi\/treenarisi\/wp-json\/wp\/v2\/types\/product"}],"replies":[{"embeddable":true,"href":"https:\/\/marketplace.epassi.fi\/treenarisi\/wp-json\/wp\/v2\/comments?post=308"}],"wp:featuredmedia":[{"embeddable":true,"href":"https:\/\/marketplace.epassi.fi\/treenarisi\/wp-json\/wp\/v2\/media\/312"}],"wp:attachment":[{"href":"https:\/\/marketplace.epassi.fi\/treenarisi\/wp-json\/wp\/v2\/media?parent=308"}],"wp:term":[{"taxonomy":"product_brand","embeddable":true,"href":"https:\/\/marketplace.epassi.fi\/treenarisi\/wp-json\/wp\/v2\/product_brand?post=308"},{"taxonomy":"product_cat","embeddable":true,"href":"https:\/\/marketplace.epassi.fi\/treenarisi\/wp-json\/wp\/v2\/product_cat?post=308"},{"taxonomy":"product_tag","embeddable":true,"href":"https:\/\/marketplace.epassi.fi\/treenarisi\/wp-json\/wp\/v2\/product_tag?post=308"}],"curies":[{"name":"wp","href":"https:\/\/api.w.org\/{rel}","templated":true}]}}