{"id":319,"date":"2021-12-14T22:30:44","date_gmt":"2021-12-14T20:30:44","guid":{"rendered":"https:\/\/marketplace.epassi.fi\/treenarisi\/?post_type=product&#038;p=319"},"modified":"2025-12-15T00:45:11","modified_gmt":"2025-12-14T22:45:11","slug":"henkilokohtaisesti-suunniteltu-ruokavalio","status":"publish","type":"product","link":"https:\/\/marketplace.epassi.fi\/treenarisi\/kauppa\/hyvinvointi\/henkilokohtaisesti-suunniteltu-ruokavalio\/","title":{"rendered":"Henkil\u00f6kohtaisesti suunniteltu ruokavalio"},"content":{"rendered":"<p><strong>Treenaatko, mutta j\u00e4t\u00e4t sy\u00f6m\u00e4tt\u00e4 oikein?<\/strong> Treenin ohella pit\u00e4\u00e4 muistaa my\u00f6s ruokavalion t\u00e4rkeys, olipa tavoitteenasi painonpudotus tai lihasten kasvatus.<\/p>\n<p>Oikean ruokavalion avulla jaksat arjessa, treenaaminen ei maistu puulta ja saat aikaan parempia tuloksia. Ilman oikeanlaista, s\u00e4\u00e4nn\u00f6llist\u00e4 ruokavaliota tavoitteet j\u00e4\u00e4v\u00e4t saavuttamatta.<br \/>\nTreenarisi ruokavalioilla tuet omaa treenaamistasi ja korjaat ruokailutottumuksesi. Ruokavaliot sis\u00e4lt\u00e4v\u00e4t kokop\u00e4iv\u00e4n ruokailut aamupalasta aina iltapalaan saakka.<\/p>\n<p>Henkil\u00f6kohtaisesti suunniteltu ravintosuunnitelma suunnitellaan juuri sinun tarpeisiisi, tavoitteidesi ja toiveidesi mukaisesti.<\/p>\n<p>Saat tilauksen yhteydess\u00e4 kassalla ohjeet esitietojen t\u00e4ytt\u00e4miseksi. Saat ohjeen my\u00f6s s\u00e4hk\u00f6postitse.<br \/>\nEsitietojen palauttamisen j\u00e4lkeen ohjelma suunnitellaan ja toimitetaan sinulle 1-3arkip\u00e4iv\u00e4n kuluessa.<\/p>\n","protected":false},"excerpt":{"rendered":"<p>Henkil\u00f6kohtaisesti suunniteltu ruokavalio 64\u20ac, lis\u00e4tietoja alla.<\/p>\n<p>Meilt\u00e4 my\u00f6s valmiit ruokavaliot ja treeniohjelmat sek\u00e4 henkil\u00f6kohtaisesti suunniteltu treeniohjelma. My\u00f6s verkkovalmennukset ja henkil\u00f6kohtaiset valmennukset.<\/p>\n<p>Katso kaikki treeniohjelmat klikkaamalla &#8221;Osta ruokavalio&#8221; painiketta<\/p>\n","protected":false},"featured_media":320,"comment_status":"open","ping_status":"closed","template":"","meta":{"_acf_changed":false,"_kad_post_transparent":"default","_kad_post_title":"","_kad_post_layout":"default","_kad_post_sidebar_id":"","_kad_post_content_style":"default","_kad_post_vertical_padding":"default","_kad_post_feature":"","_kad_post_feature_position":"","_kad_post_header":false,"_kad_post_footer":false,"_kad_post_classname":""},"product_brand":[],"product_cat":[21,15],"product_tag":[],"class_list":{"0":"post-319","1":"product","2":"type-product","3":"status-publish","4":"has-post-thumbnail","6":"product_cat-hyvinvointi","7":"product_cat-yleinen","9":"first","10":"instock","11":"taxable","12":"shipping-taxable","13":"product-type-external","14":"entry","15":"content-bg","16":"loop-entry"},"acf":[],"_links":{"self":[{"href":"https:\/\/marketplace.epassi.fi\/treenarisi\/wp-json\/wp\/v2\/product\/319","targetHints":{"allow":["GET"]}}],"collection":[{"href":"https:\/\/marketplace.epassi.fi\/treenarisi\/wp-json\/wp\/v2\/product"}],"about":[{"href":"https:\/\/marketplace.epassi.fi\/treenarisi\/wp-json\/wp\/v2\/types\/product"}],"replies":[{"embeddable":true,"href":"https:\/\/marketplace.epassi.fi\/treenarisi\/wp-json\/wp\/v2\/comments?post=319"}],"wp:featuredmedia":[{"embeddable":true,"href":"https:\/\/marketplace.epassi.fi\/treenarisi\/wp-json\/wp\/v2\/media\/320"}],"wp:attachment":[{"href":"https:\/\/marketplace.epassi.fi\/treenarisi\/wp-json\/wp\/v2\/media?parent=319"}],"wp:term":[{"taxonomy":"product_brand","embeddable":true,"href":"https:\/\/marketplace.epassi.fi\/treenarisi\/wp-json\/wp\/v2\/product_brand?post=319"},{"taxonomy":"product_cat","embeddable":true,"href":"https:\/\/marketplace.epassi.fi\/treenarisi\/wp-json\/wp\/v2\/product_cat?post=319"},{"taxonomy":"product_tag","embeddable":true,"href":"https:\/\/marketplace.epassi.fi\/treenarisi\/wp-json\/wp\/v2\/product_tag?post=319"}],"curies":[{"name":"wp","href":"https:\/\/api.w.org\/{rel}","templated":true}]}}