{"id":321,"date":"2021-11-10T09:41:52","date_gmt":"2021-11-10T07:41:52","guid":{"rendered":"https:\/\/marketplace.epassi.fi\/treenarisi\/?post_type=product&#038;p=321"},"modified":"2024-09-01T00:02:50","modified_gmt":"2024-08-31T21:02:50","slug":"verkkovalmennukset","status":"publish","type":"product","link":"https:\/\/marketplace.epassi.fi\/treenarisi\/kauppa\/liikuntaedut\/kuntosali\/verkkovalmennukset\/","title":{"rendered":"Verkkovalmennukset"},"content":{"rendered":"<p>Erilaiset verkkovalmennukset 24,9\u20ac &#8211; 89\u20ac. Katso kaikki verkkovalmennuksemme klikkaamalla &#8221;Osta verkkovalmennus&#8221; painiketta<\/p>\n<p>Esimerkiksi Kevyempi min\u00e4 -verkkovalmennus nyt loppuvuoden vain 14,9\u20ac (norm. 39,9\u20ac)<\/p>\n<p>&nbsp;<\/p>\n<div class=\"woocommerce-product-details__short-description\">\n<p><strong>Kevyempi min\u00e4<\/strong><\/p>\n<p>4 Viikon painonpudotusvalmennus, jonka avulla saat hyv\u00e4n startin painonpudotukseen.<br \/>\nPudotat varmasti 4 viikon aikana painoa 2-3 kg, jonka j\u00e4lkeen sinun on helpompi jatkaa painonpudotusta.<\/p>\n<p>Sinulle joka haluat:<br \/>\n-Pudottaa painoa pysyv\u00e4sti<br \/>\n-Saada hyv\u00e4n startin el\u00e4m\u00e4ntapamuutokselle<br \/>\n-Saada lis\u00e4\u00e4 energiaa<br \/>\n-Voida paremmin<br \/>\n-Helpot ja nopeat treenit arkeen<\/p>\n<p>Sinulle joka et halua:<br \/>\n-Punnita ruokia<br \/>\n-Menn\u00e4 kuntosalille<br \/>\n-Sy\u00f6d\u00e4 pelkk\u00e4\u00e4 maitorahkaa ja kanaa<\/p>\n<p>T\u00e4m\u00e4 valmennus auttaa sinua p\u00e4\u00e4sem\u00e4\u00e4n alkuun el\u00e4m\u00e4ntapamuutoksessa. T\u00e4m\u00e4 siksi, ett\u00e4 suurin osa aloittaa el\u00e4m\u00e4ntapamuutoksen kovalla innolla ja homma loppuu yht\u00e4 nopeasti kuin alkoikin, yleens\u00e4 siksi ettei tuloksia tule tarpeeksi nopeasti.<\/p>\n<p>Valmennus sis\u00e4lt\u00e4\u00e4:<br \/>\n-Helpot ja nopeat treenit kotiin ja salille<br \/>\n-Helposti varioitavan ruokavalion, ilman reseptej\u00e4<br \/>\n-Viikkoteht\u00e4vi\u00e4<br \/>\n-Viikon vinkit<br \/>\n-Valmentajan tuen chatilla<\/p>\n<p><strong>Verkkovalmennus alkaa liittymist\u00e4si seuraavana Maanantaina ja kest\u00e4\u00e4 4 viikkoa.<\/strong><\/p>\n<\/div>\n","protected":false},"excerpt":{"rendered":"<p>Erilaiset verkkovalmennukset 24,9\u20ac &#8211; 89\u20ac. Katso kaikki klikkaamalla &#8221;Osta verkkovalmennus&#8221; painiketta<\/p>\n<p>Esimerkiksi Kevyempi min\u00e4 -verkkovalmennus 39,9\u20ac<label class=\"screen-reader-text\" for=\"quantity_618b74153be5a\"><\/label><\/p>\n","protected":false},"featured_media":322,"comment_status":"open","ping_status":"closed","template":"","meta":{"_acf_changed":false,"_kad_post_transparent":"default","_kad_post_title":"","_kad_post_layout":"default","_kad_post_sidebar_id":"","_kad_post_content_style":"default","_kad_post_vertical_padding":"default","_kad_post_feature":"","_kad_post_feature_position":"","_kad_post_header":false,"_kad_post_footer":false,"_kad_post_classname":""},"product_brand":[],"product_cat":[23,29,19,28,15],"product_tag":[],"class_list":{"0":"post-321","1":"product","2":"type-product","3":"status-publish","4":"has-post-thumbnail","6":"product_cat-kuntosali","7":"product_cat-liikunta-muut","8":"product_cat-liikuntaedut","9":"product_cat-verkkotreenit","10":"product_cat-yleinen","12":"first","13":"instock","14":"featured","15":"taxable","16":"shipping-taxable","17":"product-type-external","18":"entry","19":"content-bg","20":"loop-entry"},"acf":[],"_links":{"self":[{"href":"https:\/\/marketplace.epassi.fi\/treenarisi\/wp-json\/wp\/v2\/product\/321","targetHints":{"allow":["GET"]}}],"collection":[{"href":"https:\/\/marketplace.epassi.fi\/treenarisi\/wp-json\/wp\/v2\/product"}],"about":[{"href":"https:\/\/marketplace.epassi.fi\/treenarisi\/wp-json\/wp\/v2\/types\/product"}],"replies":[{"embeddable":true,"href":"https:\/\/marketplace.epassi.fi\/treenarisi\/wp-json\/wp\/v2\/comments?post=321"}],"wp:featuredmedia":[{"embeddable":true,"href":"https:\/\/marketplace.epassi.fi\/treenarisi\/wp-json\/wp\/v2\/media\/322"}],"wp:attachment":[{"href":"https:\/\/marketplace.epassi.fi\/treenarisi\/wp-json\/wp\/v2\/media?parent=321"}],"wp:term":[{"taxonomy":"product_brand","embeddable":true,"href":"https:\/\/marketplace.epassi.fi\/treenarisi\/wp-json\/wp\/v2\/product_brand?post=321"},{"taxonomy":"product_cat","embeddable":true,"href":"https:\/\/marketplace.epassi.fi\/treenarisi\/wp-json\/wp\/v2\/product_cat?post=321"},{"taxonomy":"product_tag","embeddable":true,"href":"https:\/\/marketplace.epassi.fi\/treenarisi\/wp-json\/wp\/v2\/product_tag?post=321"}],"curies":[{"name":"wp","href":"https:\/\/api.w.org\/{rel}","templated":true}]}}