{"id":323,"date":"2021-11-10T09:42:02","date_gmt":"2021-11-10T07:42:02","guid":{"rendered":"https:\/\/marketplace.epassi.fi\/treenarisi\/?post_type=product&#038;p=323"},"modified":"2025-12-12T09:24:46","modified_gmt":"2025-12-12T07:24:46","slug":"treeniohjelmat","status":"publish","type":"product","link":"https:\/\/marketplace.epassi.fi\/treenarisi\/kauppa\/liikuntaedut\/kuntosali\/treeniohjelmat\/","title":{"rendered":"Treeniohjelmat"},"content":{"rendered":"<p>Erilaiset valmiit treeniohjelmat ja -ohjelmapaketit 8,9\u20ac &#8211; 19,9\u20ac. Meilt\u00e4 my\u00f6s henkil\u00f6kohtaisesti suunnitellut ohjelmat.<\/p>\n<p>Esim Kahvakuulatreeniohjelma 8,9\u20ac josta lis\u00e4\u00e4 tietoa alla.<\/p>\n<p>Katso kaikki treeniohjelmat ja -ohjelmapaketit klikkaamalla &#8221;Osta treeniohjelma&#8221; painiketta<\/p>\n<p>&nbsp;<\/p>\n<p><strong>Kahvakuulatreeniohjelma<\/strong>, kuntosalilla tai kotona kahvakuulan kanssa teht\u00e4v\u00e4 treeniohjelma.<\/p>\n<p>Saat ladattua ohjelman PDF muodossa kassalla v\u00e4litt\u00f6m\u00e4sti maksettuasi tilauksen, latauslinkit l\u00e4hetet\u00e4\u00e4n my\u00f6s antamaasi s\u00e4hk\u00f6postiosoitteeseen. Saat my\u00f6s koodin, jolla voit lis\u00e4tty\u00e4 ohjelman SYKE Tribe -sovellukseen.<\/p>\n","protected":false},"excerpt":{"rendered":"<p>Erilaiset valmiit treeniohjelmat ja -ohjelmapaketit 6,9\u20ac &#8211; 19,9\u20ac. Meilt\u00e4 my\u00f6s henkil\u00f6kohtaisesti suunnitellut ohjelmat.<\/p>\n<p>Esim Kahvakuulatreeniohjelma 6,9\u20ac josta lis\u00e4\u00e4 tietoa alla.<\/p>\n<p>Katso kaikki treeniohjelmat ja -ohjelmapaketit klikkaamalla &#8221;Osta treeniohjelma&#8221; painiketta<\/p>\n","protected":false},"featured_media":324,"comment_status":"open","ping_status":"closed","template":"","meta":{"_acf_changed":false,"_kad_post_transparent":"default","_kad_post_title":"","_kad_post_layout":"default","_kad_post_sidebar_id":"","_kad_post_content_style":"default","_kad_post_vertical_padding":"default","_kad_post_feature":"","_kad_post_feature_position":"","_kad_post_header":false,"_kad_post_footer":false,"_kad_post_classname":""},"product_brand":[],"product_cat":[23,29,19,28,15],"product_tag":[],"class_list":{"0":"post-323","1":"product","2":"type-product","3":"status-publish","4":"has-post-thumbnail","6":"product_cat-kuntosali","7":"product_cat-liikunta-muut","8":"product_cat-liikuntaedut","9":"product_cat-verkkotreenit","10":"product_cat-yleinen","12":"first","13":"instock","14":"taxable","15":"shipping-taxable","16":"product-type-external","17":"entry","18":"content-bg","19":"loop-entry"},"acf":[],"_links":{"self":[{"href":"https:\/\/marketplace.epassi.fi\/treenarisi\/wp-json\/wp\/v2\/product\/323","targetHints":{"allow":["GET"]}}],"collection":[{"href":"https:\/\/marketplace.epassi.fi\/treenarisi\/wp-json\/wp\/v2\/product"}],"about":[{"href":"https:\/\/marketplace.epassi.fi\/treenarisi\/wp-json\/wp\/v2\/types\/product"}],"replies":[{"embeddable":true,"href":"https:\/\/marketplace.epassi.fi\/treenarisi\/wp-json\/wp\/v2\/comments?post=323"}],"wp:featuredmedia":[{"embeddable":true,"href":"https:\/\/marketplace.epassi.fi\/treenarisi\/wp-json\/wp\/v2\/media\/324"}],"wp:attachment":[{"href":"https:\/\/marketplace.epassi.fi\/treenarisi\/wp-json\/wp\/v2\/media?parent=323"}],"wp:term":[{"taxonomy":"product_brand","embeddable":true,"href":"https:\/\/marketplace.epassi.fi\/treenarisi\/wp-json\/wp\/v2\/product_brand?post=323"},{"taxonomy":"product_cat","embeddable":true,"href":"https:\/\/marketplace.epassi.fi\/treenarisi\/wp-json\/wp\/v2\/product_cat?post=323"},{"taxonomy":"product_tag","embeddable":true,"href":"https:\/\/marketplace.epassi.fi\/treenarisi\/wp-json\/wp\/v2\/product_tag?post=323"}],"curies":[{"name":"wp","href":"https:\/\/api.w.org\/{rel}","templated":true}]}}