{"id":273,"date":"2021-10-16T11:12:03","date_gmt":"2021-10-16T08:12:03","guid":{"rendered":"https:\/\/marketplace.epassi.fi\/tritanium-finland\/?post_type=product&#038;p=273"},"modified":"2024-09-01T00:08:37","modified_gmt":"2024-08-31T21:08:37","slug":"tritanium-extend-low-kompressiohihat-tyokayttoon-musta-pari","status":"publish","type":"product","link":"https:\/\/marketplace.epassi.fi\/tritanium-finland\/kauppa\/ergosafe\/tyokengat-ja-vaatteet\/tritanium-extend-low-kompressiohihat-tyokayttoon-musta-pari\/","title":{"rendered":"Tritanium eXtend Low &#8211; kompressiohiha ty\u00f6k\u00e4ytt\u00f6\u00f6n, musta (1 kpl)"},"content":{"rendered":"<p>Tritanium eXtend \u2013 kompressiohihat on suunniteltu alunperin urheilijoita varten, mutta niiden antama vaste on havaittu erinomaiseksi my\u00f6s erilaisissa ty\u00f6olosuhteissa. Huippulaadukkaiden ja iholle miellytt\u00e4vien materiaalien sek\u00e4 saumattoman rakenteen ansiosta hihojen k\u00e4ytt\u00f6mukavuus on huipussaan ja hihoja pystyt\u00e4\u00e4n k\u00e4ytt\u00e4m\u00e4\u00e4n pitki\u00e4kin aikoja yht\u00e4jaksoisesti. Hihoja voidaan k\u00e4ytt\u00e4\u00e4 niin sis\u00e4t\u00f6iss\u00e4 (toimisto ym.) kuin my\u00f6s ulkot\u00f6iss\u00e4, sill\u00e4 niiss\u00e4 on UV-suojaus (UV+50). Optimaalisen matalan kompressiopaineen ansiosta hihat v\u00e4hent\u00e4v\u00e4t kyyn\u00e4rnivelen kuormitusta ja poistavat kyyn\u00e4rp\u00e4\u00e4n alueelle kiinnittyvien lihasten j\u00e4nteiden \u201cvetokuormitusta\u201d. T\u00e4ll\u00e4 tavoin hihojen avulla voidaan helpottaa niin akuutteja kuin kroonistuneita kyyn\u00e4rvarren alueen kiputiloja.\u00a0Hihat on helppo pukea ja niit\u00e4 voidaan k\u00e4ytt\u00e4\u00e4 pitki\u00e4 aikoja yht\u00e4jaksoisesti (voidaan k\u00e4ytt\u00e4\u00e4 my\u00f6s nukkuessa). Hihat kest\u00e4v\u00e4t hyvin k\u00e4ytt\u00f6\u00e4 ja pesua sek\u00e4 s\u00e4ilytt\u00e4v\u00e4t luvatun kompressiopaineen pitk\u00e4\u00e4n.<\/p>\n<p><strong>Kompressiohihojen k\u00e4ytt\u00f6kohteita:<\/strong><\/p>\n<ul>\n<li>Ty\u00f6- ja urheiluper\u00e4isten rasitusvammojen hoito ja ennaltaehk\u00e4isy (esim. tennis-, golf- sek\u00e4 hiirikyyn\u00e4rp\u00e4\u00e4)<\/li>\n<li>Rasituksen j\u00e4lkeinen palautuminen<\/li>\n<li>Erilaisten yl\u00e4raajakipujen v\u00e4hent\u00e4minen<\/li>\n<li>Yl\u00e4raajojen turvotuksen v\u00e4hent\u00e4minen<\/li>\n<li>Vammojen j\u00e4lkeinen kuntoutus<\/li>\n<\/ul>\n<p><strong>Hy\u00f6dyt:<\/strong><\/p>\n<ul>\n<li>Tehostunut verenkierto, jolloin lihakset saavat enemm\u00e4n happea ja energiaa<\/li>\n<li>Tehostunut aineenvaihdunta ja lymfaattisen j\u00e4rjestelm\u00e4n toiminta, jonka ansiosta maitohapot (laktaatit) poistuvat lihaksista nopeammin<\/li>\n<li>V\u00e4hentynyt lihasarkuus<\/li>\n<li>V\u00e4hentynyt kudosturvotus ja v\u00e4syneisyyden tunne<\/li>\n<li>V\u00e4hentynyt rasitusvammariski<\/li>\n<\/ul>\n<p><strong>K\u00e4ytt\u00f6:<\/strong><\/p>\n<ul>\n<li>Pukemisohje: Pue ja riisu hihat aina &#8221;rullaamalla&#8221; vet\u00e4misen sijaan. Pue hihat riitt\u00e4v\u00e4n yl\u00f6s niin, ett\u00e4 hihojen yl\u00e4resori tulee l\u00e4helle kainaloa. Pue kompressiotuote AINA ihoa vasten, eli \u00e4l\u00e4 j\u00e4t\u00e4 esim. paidan hihaa tms. tuotteen alle.\u00a0Hihojen vahvistettu kennomainen vy\u00f6hyke tulee kyyn\u00e4rp\u00e4\u00e4n ulkosivulle.<\/li>\n<li>K\u00e4ytt\u00f6aika: Ei ajallista rajoitetta (suositus 1-10 tuntia), voi k\u00e4ytt\u00e4\u00e4 my\u00f6s nukkuessa.<\/li>\n<\/ul>\n<p>Mik\u00e4li sinulla on kysytt\u00e4v\u00e4\u00e4 tuotteisiin tai niiden valintaan liittyen, niin laitathan meille postia osoitteeseen info@tritaniumstore.fi .<\/p>\n<p><strong>Tuotetiedot:<\/strong><\/p>\n<ul>\n<li>Anatominen muotoilu: mukautuu nivelen liikkeisiin eik\u00e4 rajoita nivelen liikett\u00e4<\/li>\n<li>Iholle miellytt\u00e4v\u00e4 ja kulutusta kest\u00e4v\u00e4 materiaali<\/li>\n<li>Vahvistetut kennomaiset vy\u00f6hykkeet kompressiohihojen ulkosivuilla<\/li>\n<li>Materiaali: Nylon 75% \/ Invista Lycra\u00ae 25%, silikoni (yl\u00e4resorin sis\u00e4osa)<\/li>\n<li>5 kokoa: XS \u2013 XL (oikea koko valitaan taulukosta ohjeiden mukaisesti)<\/li>\n<li>Kokomerkinn\u00e4t jokaisen hihan yl\u00e4resorin sis\u00e4k\u00e4\u00e4nteess\u00e4<\/li>\n<li>Unisex -malli<\/li>\n<li>Pakkaus sis\u00e4lt\u00e4\u00e4 yhden hihan, joka k\u00e4y oikeaan tai vasempaan k\u00e4teen<\/li>\n<li>Valmistaja: Tritanium Finland<\/li>\n<\/ul>\n<p><strong>Kokotaulukko:<\/strong><\/p>\n<table>\n<tbody>\n<tr>\n<td>Koko<\/td>\n<td>Kyyn\u00e4rvarsi (cm)<\/td>\n<td>Hauis (cm)<\/td>\n<\/tr>\n<tr>\n<td>XS<\/td>\n<td>21-24<\/td>\n<td>22-26<\/td>\n<\/tr>\n<tr>\n<td>S<\/td>\n<td>24-26<\/td>\n<td>25-29<\/td>\n<\/tr>\n<tr>\n<td>M<\/td>\n<td>26-28<\/td>\n<td>29-33<\/td>\n<\/tr>\n<tr>\n<td>L<\/td>\n<td>28-30<\/td>\n<td>33-37<\/td>\n<\/tr>\n<tr>\n<td>XL<\/td>\n<td>30-34<\/td>\n<td>37-41<\/td>\n<\/tr>\n<\/tbody>\n<\/table>\n<p><strong>Mittausohje: Ota mitat kyyn\u00e4rvarren ja hauiksen paksuimmasta kohdasta k\u00e4sivarren lihakset rentoina. Jos kokosi on kahden koon rajalla, valitse pienempi koko. Jos olet ep\u00e4varma oikean koon valitsemisen suhteen, niin voit<\/strong> <a href=\"http:\/\/www.tritaniumstore.fi\/page\/2\/ota-yhteytta\">ottaa yhteytt\u00e4 asiantuntijaamme<\/a>.<\/p>\n<p><strong>Pesuohje:<\/strong><\/p>\n<ul>\n<li>K\u00e4sinpesu tai konepesu 30\u00b0- 40\u00b0C<\/li>\n<li>\u00c4l\u00e4 k\u00e4yt\u00e4 huuhtelu- tai valkaisuainetta<\/li>\n<li>Ei linkousta<\/li>\n<li>Ei kuivapesua<\/li>\n<li>Ei rumpukuivausta<\/li>\n<li>Ei silityst\u00e4<\/li>\n<\/ul>\n","protected":false},"excerpt":{"rendered":"<p><strong>HUOM! Hinta sis\u00e4lt\u00e4\u00e4 toimituksen postipakettina (toimitusaika n. 2-3 p\u00e4iv\u00e4\u00e4)<\/strong><\/p>\n<p>Korkealaatuiset eXtend \u2013 kompressiohihat ovat kotimaista huippusuunnittelua ja ne soveltuvat erinomaisesti henkil\u00f6ille, jotka joutuvat ty\u00f6ss\u00e4\u00e4n kuormittamaan k\u00e4sivarsien lihaksistoa ja niveli\u00e4. eXtend \u2013 kompressiohihat sopivat my\u00f6s niille, jotka k\u00e4rsiv\u00e4t erilaisista ty\u00f6per\u00e4isist\u00e4 kyyn\u00e4rvarren ja kyyn\u00e4rp\u00e4\u00e4n alueen kiputiloista tai ongelmista (esim. hiiri- ja tenniskyyn\u00e4rp\u00e4\u00e4, nivelkivut).<\/p>\n<p>Kompressiohihojen tarkasti optimoitu asteittainen matala kompressiopaine (10-15mmHg) ja ensiluokkaiset materiaalit takaavat hihojen erinomaisen k\u00e4ytt\u00f6mukavuuden l\u00e4hes miss\u00e4 tahansa ty\u00f6- tai urheiluk\u00e4yt\u00f6ss\u00e4 ja niit\u00e4 voidaan k\u00e4ytt\u00e4\u00e4 pitki\u00e4kin aikoja yht\u00e4jaksoisesti. Hihojen avulla k\u00e4sivarren lihaksisto saadaan palautumaan rasituksesta nopeammin ja t\u00e4m\u00e4n ansiosta esim. rasitusvammojen riski pienenee oleellisesti.\u00a0Kompressiohihoja voidaan k\u00e4ytt\u00e4\u00e4 jo olemassa olevien oireiden hoidossa, mutta ne ovat my\u00f6s erinomaisen tehokkaat esim. ty\u00f6per\u00e4isten rasitusvammojen ennaltaehk\u00e4isyss\u00e4.<\/p>\n<p><strong><span class=\"caps\">HUOM<\/span>! Pakkaus sis\u00e4lt\u00e4\u00e4 yhden eXtend -hihan, joka k\u00e4y molempiin k\u00e4siin!<br \/>\n<\/strong><\/p>\n","protected":false},"featured_media":681,"comment_status":"open","ping_status":"closed","template":"","meta":{"_acf_changed":false,"_kad_post_transparent":"default","_kad_post_title":"","_kad_post_layout":"default","_kad_post_sidebar_id":"","_kad_post_content_style":"default","_kad_post_vertical_padding":"default","_kad_post_feature":"","_kad_post_feature_position":"","_kad_post_header":false,"_kad_post_footer":false,"_kad_post_classname":""},"product_brand":[],"product_cat":[22,33],"product_tag":[],"class_list":{"0":"post-273","1":"product","2":"type-product","3":"status-publish","4":"has-post-thumbnail","6":"product_cat-ergosafe","7":"product_cat-tyokengat-ja-vaatteet","9":"first","10":"instock","11":"taxable","12":"shipping-taxable","13":"purchasable","14":"product-type-variable","15":"entry","16":"content-bg","17":"loop-entry"},"acf":[],"_links":{"self":[{"href":"https:\/\/marketplace.epassi.fi\/tritanium-finland\/wp-json\/wp\/v2\/product\/273","targetHints":{"allow":["GET"]}}],"collection":[{"href":"https:\/\/marketplace.epassi.fi\/tritanium-finland\/wp-json\/wp\/v2\/product"}],"about":[{"href":"https:\/\/marketplace.epassi.fi\/tritanium-finland\/wp-json\/wp\/v2\/types\/product"}],"replies":[{"embeddable":true,"href":"https:\/\/marketplace.epassi.fi\/tritanium-finland\/wp-json\/wp\/v2\/comments?post=273"}],"wp:featuredmedia":[{"embeddable":true,"href":"https:\/\/marketplace.epassi.fi\/tritanium-finland\/wp-json\/wp\/v2\/media\/681"}],"wp:attachment":[{"href":"https:\/\/marketplace.epassi.fi\/tritanium-finland\/wp-json\/wp\/v2\/media?parent=273"}],"wp:term":[{"taxonomy":"product_brand","embeddable":true,"href":"https:\/\/marketplace.epassi.fi\/tritanium-finland\/wp-json\/wp\/v2\/product_brand?post=273"},{"taxonomy":"product_cat","embeddable":true,"href":"https:\/\/marketplace.epassi.fi\/tritanium-finland\/wp-json\/wp\/v2\/product_cat?post=273"},{"taxonomy":"product_tag","embeddable":true,"href":"https:\/\/marketplace.epassi.fi\/tritanium-finland\/wp-json\/wp\/v2\/product_tag?post=273"}],"curies":[{"name":"wp","href":"https:\/\/api.w.org\/{rel}","templated":true}]}}