{"id":274,"date":"2021-10-16T11:14:50","date_gmt":"2021-10-16T08:14:50","guid":{"rendered":"https:\/\/marketplace.epassi.fi\/tritanium-finland\/?post_type=product&#038;p=274"},"modified":"2024-09-01T00:08:37","modified_gmt":"2024-08-31T21:08:37","slug":"tritanium-extend-low-kompressiosukat-tyo-ja-matkustuskayttoon","status":"publish","type":"product","link":"https:\/\/marketplace.epassi.fi\/tritanium-finland\/kauppa\/ergosafe\/tritanium-extend-low-kompressiosukat-tyo-ja-matkustuskayttoon\/","title":{"rendered":"Tritanium eXtend Low \u2013 kompressiosukat ty\u00f6- ja matkustusk\u00e4ytt\u00f6\u00f6n"},"content":{"rendered":"<div class=\"ProductFullDesc\">\n<p>Extend Low kompressiosukat \u2013 tukea jalkojesi hyvinvoinille! Extend Low \u2013kompressiosukat antavat jaloille asteittaisen tieteellisesti mitatun matalan kompressiopaineen (10-15mmHg), jonka my\u00f6t\u00e4 ne on optimoitu pitk\u00e4aikaiseen ja monipuoliseen k\u00e4ytt\u00f6\u00f6n. Sukat on helppo pukea ja niit\u00e4 voidaan k\u00e4ytt\u00e4\u00e4 pitki\u00e4 aikoja yht\u00e4jaksoisesti (voidaan k\u00e4ytt\u00e4\u00e4 my\u00f6s nukkuessa). Sukat kest\u00e4v\u00e4t hyvin k\u00e4ytt\u00f6\u00e4 ja pesua sek\u00e4 s\u00e4ilytt\u00e4v\u00e4t luvatun kompressiopaineen pitk\u00e4\u00e4n.<\/p>\n<p><em><strong>Ty\u00f6k\u00e4ytt\u00f6:<\/strong><\/em><br \/>\nExtend Low \u2013 kompressiosukat\u00a0soveltuvat erinomaisesti henkil\u00f6ille, jotka joutuvat ty\u00f6ss\u00e4\u00e4n k\u00e4velem\u00e4\u00e4n \/ seisomaan pitki\u00e4 aikoja tai tekem\u00e4\u00e4n pelk\u00e4st\u00e4\u00e4n istumaty\u00f6t\u00e4. Kompressiosukkien anatomisen muotoilun ja asteittaisen kompressiotuen ansiosta niiden k\u00e4yt\u00f6ll\u00e4 v\u00e4hennet\u00e4\u00e4n \/ ennaltaehk\u00e4ist\u00e4\u00e4n jalkojen v\u00e4symist\u00e4, turvotuksia sek\u00e4 erilaisia jalkojen kiputiloja. Lis\u00e4ksi sukkien k\u00e4yt\u00f6ll\u00e4 saadaan apua my\u00f6s jalkojen lihasten kramppailuun, suonenvetoihin sek\u00e4 turvotuksiin. N\u00e4iden ominaisuuksien ansiosta eXtend -kompressiosukilla vaikutetaan positiivisesti jalkojen yleiseen hyvinvointiin ja sit\u00e4 kautta my\u00f6s ty\u00f6ss\u00e4 jaksamiseen.<\/p>\n<p><em><strong>Matkustaminen:<\/strong><\/em><br \/>\nKorkealaatuiset eXtend \u2013 kompressiosukat soveltuvat erinomaisesti pitk\u00e4aikaiseen matkustamiseen ja niiden avulla tehostetaan jalkojen verenkiertoa, v\u00e4hennet\u00e4\u00e4n jalkojen turvotusta, kipuja sek\u00e4 v\u00e4symyst\u00e4. Sukkien ainutlaatuinen k\u00e4ytt\u00f6mukavuus, tieteellisesti optimoitu kompressiopaine ja miellytt\u00e4v\u00e4t materiaalit tekev\u00e4t eXtend Low \u2013 sukista loistavan matkakumppanin! Lis\u00e4ksi sukkien hoitavaa vaikutusta voidaan hy\u00f6dynt\u00e4\u00e4 moniin alaraajojen kiusallisiin oireisiin, kuten suonikohjuihin, turvotuksiin ja jalkojen v\u00e4symiseen.<\/p>\n<p><strong>Hy\u00f6dyt:<\/strong><\/p>\n<ul>\n<li>Tehostunut verenkierto, jolloin lihakset saavat enemm\u00e4n happea ja energiaa<\/li>\n<li>Tehostunut aineenvaihdunta ja lymfaattisen j\u00e4rjestelm\u00e4n toiminta, jonka ansiosta maitohapot (laktaatit) poistuvat lihaksista nopeammin<\/li>\n<li>V\u00e4hentynyt lihasarkuus<\/li>\n<li>V\u00e4hentynyt kudosturvotus ja v\u00e4syneisyyden tunne<\/li>\n<li>V\u00e4hentynyt rasitusvammariski<\/li>\n<\/ul>\n<p>Mik\u00e4li sinulla on kysytt\u00e4v\u00e4\u00e4 tuotteisiin tai niiden valintaan liittyen, laitathan meille postia osoitteeseen info@tritaniumstore.fi .<\/p>\n<p><strong>Tuotteen tekniset ominaisuudet:<\/strong><\/p>\n<ul>\n<li>10-15mmHg asteittainen kompressiopaine<\/li>\n<li>Erillinen muotoilu vasemmalle ja oikealle jalalle<\/li>\n<li>Vahvistetut vy\u00f6hykkeet jalkater\u00e4ss\u00e4 ja s\u00e4\u00e4ren etuosassa<\/li>\n<li>Pehmustetut painealueet kantap\u00e4\u00e4n ja varpaiden alueella (auttavat ehk\u00e4isem\u00e4\u00e4n mm. rakkuloiden ja hiertymien syntymist\u00e4 jalkoihin)<\/li>\n<li>Huippuluokan materiaalit (s\u00e4\u00e4telev\u00e4t l\u00e4mp\u00f6\u00e4 ja kuljettavat hien pois iholta)<\/li>\n<li>Materiaali: Coolmax 50% \/ Nylon 28% \/ Invista Lycra\u00ae 22%<\/li>\n<li>5 kokoa: S1-S5 (oikea koko valitaan taulukosta keng\u00e4nnumeron, pohkeen- ja nilkan ymp\u00e4rysmitan mukaan)<\/li>\n<li>Kokomerkinn\u00e4t jokaisen sukan yl\u00e4resorin sis\u00e4osassa<\/li>\n<li>Pakkaus sis\u00e4lt\u00e4\u00e4 yhden parin sukkia<\/li>\n<\/ul>\n<p><strong>Kokotaulukko:<\/strong><\/p>\n<p>&nbsp;<\/p>\n<table>\n<tbody>\n<tr>\n<td>Koko<\/td>\n<td>Keng\u00e4nnumero<\/td>\n<td>Nilkka (cm)<\/td>\n<td>Pohje (cm)<\/td>\n<\/tr>\n<tr>\n<td>S1<\/td>\n<td>34-36<\/td>\n<td>16-20<\/td>\n<td>26-36<\/td>\n<\/tr>\n<tr>\n<td>S2<\/td>\n<td>37-39<\/td>\n<td>19-22<\/td>\n<td>28-38<\/td>\n<\/tr>\n<tr>\n<td>S3<\/td>\n<td>40-43<\/td>\n<td>21-24<\/td>\n<td>32-42<\/td>\n<\/tr>\n<tr>\n<td>S4<\/td>\n<td>44-47<\/td>\n<td>22-26<\/td>\n<td>36-46<\/td>\n<\/tr>\n<tr>\n<td>S5<\/td>\n<td>48-50<\/td>\n<td>23-28<\/td>\n<td>40-50<\/td>\n<\/tr>\n<\/tbody>\n<\/table>\n<p>&nbsp;<\/p>\n<p><strong>Mittausohje: Ota mitta nilkan \/ pohkeen paksuimmasta kohdasta istuen, lihakset rentoina ja polvi 90 asteen kulmassa. Jos olet ep\u00e4varma oikean koon valitsemisen suhteen, niin laitathan meille postia osoitteeseen info@tritaniumstore.fi .<br \/>\n<\/strong><\/p>\n<p><strong>Pesuohje:<\/strong><\/p>\n<ul>\n<li>K\u00e4sinpesu tai konepesu 30\u00b0- 40\u00b0C<\/li>\n<li>\u00c4l\u00e4 k\u00e4yt\u00e4 huuhtelu- tai valkaisuainetta<\/li>\n<li>Ei linkousta<\/li>\n<li>Ei kuivapesua<\/li>\n<li>Ei rumpukuivausta<\/li>\n<li>Ei silityst\u00e4<\/li>\n<\/ul>\n<\/div>\n<p>uvaus. T\u00e4m\u00e4 kuvaus n\u00e4kyy tuotesivun alaosassa.<\/p>\n","protected":false},"excerpt":{"rendered":"<p><strong>HUOM! Hinta sis\u00e4lt\u00e4\u00e4 toimituksen postipakettina (toimitusaika n. 2-3 p\u00e4iv\u00e4\u00e4)<\/strong><\/p>\n<p>Korkealaatuiset eXtend Low \u2013 kompressiosukat ovat kotimaista huippusuunnittelua ja ne soveltuvat erinomaisesti niin ty\u00f6- kuin matkustusk\u00e4ytt\u00f6\u00f6n.<\/p>\n<p>Sukkien ainutlaatuinen k\u00e4ytt\u00f6mukavuus, tieteellisesti optimoitu asteittainen matala kompressiopaine (10-15mmHg) ja miellytt\u00e4v\u00e4t materiaalit auttavat jalkoja jaksamaan paremmin olipa kyseess\u00e4 pitk\u00e4kestoinen istuminen tai seisominen. Sukkien avulla voidaan tehostaa jalkojen verenkiertoa, v\u00e4hent\u00e4\u00e4 ja ennaltaehk\u00e4ist\u00e4 jalkojen turvotusta, v\u00e4symist\u00e4 sek\u00e4 erilaisia jalkojen kiputiloja. Sukat\u00a0soveltuvat erinomaisesti my\u00f6s kevyen intensiteetin liikuntaan ja rasituksesta palautumiseen.<\/p>\n<p><strong><span class=\"caps\">HUOM<\/span>! Pakkaus sis\u00e4lt\u00e4\u00e4 yhden parin eXtend -sukkia<\/strong><\/p>\n","protected":false},"featured_media":360,"comment_status":"open","ping_status":"closed","template":"","meta":{"_acf_changed":false,"_kad_post_transparent":"default","_kad_post_title":"","_kad_post_layout":"default","_kad_post_sidebar_id":"","_kad_post_content_style":"default","_kad_post_vertical_padding":"default","_kad_post_feature":"","_kad_post_feature_position":"","_kad_post_header":false,"_kad_post_footer":false,"_kad_post_classname":""},"product_brand":[],"product_cat":[22,21,15],"product_tag":[],"class_list":{"0":"post-274","1":"product","2":"type-product","3":"status-publish","4":"has-post-thumbnail","6":"product_cat-ergosafe","7":"product_cat-hyvinvointi","8":"product_cat-yleinen","10":"first","11":"instock","12":"taxable","13":"shipping-taxable","14":"purchasable","15":"product-type-variable","16":"entry","17":"content-bg","18":"loop-entry"},"acf":[],"_links":{"self":[{"href":"https:\/\/marketplace.epassi.fi\/tritanium-finland\/wp-json\/wp\/v2\/product\/274","targetHints":{"allow":["GET"]}}],"collection":[{"href":"https:\/\/marketplace.epassi.fi\/tritanium-finland\/wp-json\/wp\/v2\/product"}],"about":[{"href":"https:\/\/marketplace.epassi.fi\/tritanium-finland\/wp-json\/wp\/v2\/types\/product"}],"replies":[{"embeddable":true,"href":"https:\/\/marketplace.epassi.fi\/tritanium-finland\/wp-json\/wp\/v2\/comments?post=274"}],"wp:featuredmedia":[{"embeddable":true,"href":"https:\/\/marketplace.epassi.fi\/tritanium-finland\/wp-json\/wp\/v2\/media\/360"}],"wp:attachment":[{"href":"https:\/\/marketplace.epassi.fi\/tritanium-finland\/wp-json\/wp\/v2\/media?parent=274"}],"wp:term":[{"taxonomy":"product_brand","embeddable":true,"href":"https:\/\/marketplace.epassi.fi\/tritanium-finland\/wp-json\/wp\/v2\/product_brand?post=274"},{"taxonomy":"product_cat","embeddable":true,"href":"https:\/\/marketplace.epassi.fi\/tritanium-finland\/wp-json\/wp\/v2\/product_cat?post=274"},{"taxonomy":"product_tag","embeddable":true,"href":"https:\/\/marketplace.epassi.fi\/tritanium-finland\/wp-json\/wp\/v2\/product_tag?post=274"}],"curies":[{"name":"wp","href":"https:\/\/api.w.org\/{rel}","templated":true}]}}