{"id":282,"date":"2023-04-28T10:56:43","date_gmt":"2023-04-28T07:56:43","guid":{"rendered":"https:\/\/marketplace.epassi.fi\/tritanium-finland\/?post_type=product&#038;p=282"},"modified":"2024-09-01T00:08:36","modified_gmt":"2024-08-31T21:08:36","slug":"tritanium-extend-low-matalavartiset-kompressiosukat-tyokayttoon","status":"publish","type":"product","link":"https:\/\/marketplace.epassi.fi\/tritanium-finland\/kauppa\/ergosafe\/tyokengat-ja-vaatteet\/tritanium-extend-low-matalavartiset-kompressiosukat-tyokayttoon\/","title":{"rendered":"Tritanium eXtend Low \u2013 matalavartiset kompressiosukat ty\u00f6k\u00e4ytt\u00f6\u00f6n"},"content":{"rendered":"<div class=\"ProductFullDesc\">\n<p>Tritanium eXtend Low \u2013 matalavartiset kompressiosukat \u2013 tukea jalkojesi hyvinvoinille! Extend Low \u2013kompressiosukat antavat jaloille asteittaisen tieteellisesti mitatun matalan kompressiopaineen (10-15mmHg), jonka my\u00f6t\u00e4 ne on optimoitu pitk\u00e4aikaiseen ja monipuoliseen k\u00e4ytt\u00f6\u00f6n. Sukat on helppo pukea ja niit\u00e4 voidaan k\u00e4ytt\u00e4\u00e4 pitki\u00e4 aikoja yht\u00e4jaksoisesti. Sukat kest\u00e4v\u00e4t hyvin k\u00e4ytt\u00f6\u00e4 ja pesua sek\u00e4 s\u00e4ilytt\u00e4v\u00e4t luvatun kompressiopaineen pitk\u00e4\u00e4n.<\/p>\n<p><em><strong>Ty\u00f6k\u00e4ytt\u00f6:<\/strong><\/em><br \/>\nExtend Low \u2013 kompressiosukat soveltuvat erinomaisesti henkil\u00f6ille, jotka joutuvat ty\u00f6ss\u00e4\u00e4n k\u00e4velem\u00e4\u00e4n \/ seisomaan pitki\u00e4 aikoja tai tekem\u00e4\u00e4n pelk\u00e4st\u00e4\u00e4n istumaty\u00f6t\u00e4. Kompressiosukkien anatomisen muotoilun ja asteittaisen kompressiotuen ansiosta niiden k\u00e4yt\u00f6ll\u00e4 v\u00e4hennet\u00e4\u00e4n \/ ennaltaehk\u00e4ist\u00e4\u00e4n jalkojen v\u00e4symist\u00e4, turvotuksia sek\u00e4 erilaisia jalkojen kiputiloja. Lis\u00e4ksi sukkien k\u00e4yt\u00f6ll\u00e4 saadaan apua my\u00f6s jalkojen lihasten kramppailuun, suonenvetoihin sek\u00e4 turvotuksiin. N\u00e4iden ominaisuuksien ansiosta eXtend -kompressiosukilla vaikutetaan positiivisesti jalkojen yleiseen hyvinvointiin ja sit\u00e4 kautta my\u00f6s ty\u00f6ss\u00e4 jaksamiseen.<\/p>\n<p><strong>Hy\u00f6dyt:<\/strong><\/p>\n<ul>\n<li>Tehostunut verenkierto, jolloin lihakset saavat enemm\u00e4n happea ja energiaa<\/li>\n<li>Tehostunut aineenvaihdunta ja lymfaattisen j\u00e4rjestelm\u00e4n toiminta, jonka ansiosta maitohapot (laktaatit) poistuvat lihaksista nopeammin<\/li>\n<li>V\u00e4hentynyt lihasarkuus<\/li>\n<li>V\u00e4hentynyt kudosturvotus ja v\u00e4syneisyyden tunne<\/li>\n<li>V\u00e4hentynyt rasitusvammariski<\/li>\n<\/ul>\n<p>Mik\u00e4li sinulla on kysytt\u00e4v\u00e4\u00e4 tuotteisiin tai niiden valintaan liittyen, niin laitathan meille postia osoitteeseen info@tritaniumstore.fi .<\/p>\n<p><strong>Tuotteen tekniset ominaisuudet:<\/strong><\/p>\n<ul>\n<li>Designed in Finland<\/li>\n<li>Erillinen muotoilu vasemmalle ja oikealle jalalle (merkinn\u00e4t R\/L jalkater\u00e4n ulkoreunassa)<\/li>\n<li>Erikoisvahvistetut vy\u00f6hykkeet jalkater\u00e4ss\u00e4, jalkap\u00f6yd\u00e4n p\u00e4\u00e4ll\u00e4 sek\u00e4 kantap\u00e4\u00e4ss\u00e4 ja nilkan alueella<\/li>\n<li>Korkealaatuiset materiaalit (s\u00e4\u00e4telev\u00e4t l\u00e4mp\u00f6\u00e4 ja kuljettavat hien pois iholta)<\/li>\n<li>Materiaali: Nylon 75% \/ Invista Lycra\u00ae 25%<\/li>\n<li>5 kokoa: S-XXL (oikea koko valitaan taulukosta keng\u00e4nnumeron mukaan)<\/li>\n<li>Kokomerkinn\u00e4t jokaisen sukan yl\u00e4resorin sis\u00e4osassa<\/li>\n<li>Pakkaus sis\u00e4lt\u00e4\u00e4 yhden parin sukkia<\/li>\n<\/ul>\n<p><strong>Kokotaulukko:<\/strong><\/p>\n<table>\n<tbody>\n<tr>\n<td>Koko<\/td>\n<td>Keng\u00e4nnumero<\/td>\n<\/tr>\n<tr>\n<td>S<\/td>\n<td>34-37<\/td>\n<\/tr>\n<tr>\n<td>M<\/td>\n<td>38-40<\/td>\n<\/tr>\n<tr>\n<td>L<\/td>\n<td>41-43<\/td>\n<\/tr>\n<tr>\n<td>XL<\/td>\n<td>44-47<\/td>\n<\/tr>\n<tr>\n<td><span class=\"caps\">XXL<\/span><\/td>\n<td>48-51<\/td>\n<\/tr>\n<\/tbody>\n<\/table>\n<p><strong>Jos olet ep\u00e4varma oikean koon valitsemisen suhteen, niin voit<\/strong> <a href=\"http:\/\/www.tritaniumstore.fi\/page\/2\/ota-yhteytta\">ottaa yhteytt\u00e4 asiantuntijaamme<\/a>.<\/p>\n<p><strong>Pesuohje:<\/strong><\/p>\n<ul>\n<li>K\u00e4sinpesu tai konepesu 30\u00b0- 40\u00b0C<\/li>\n<li>\u00c4l\u00e4 k\u00e4yt\u00e4 huuhtelu- tai valkaisuainetta<\/li>\n<li>Ei linkousta<\/li>\n<li>Ei kuivapesua<\/li>\n<li>Ei rumpukuivausta<\/li>\n<li>Ei silityst\u00e4<\/li>\n<\/ul>\n<\/div>\n","protected":false},"excerpt":{"rendered":"<p><strong>HUOM! Hinta sis\u00e4lt\u00e4\u00e4 toimituksen postipakettina (toimitusaika n. 2-3 p\u00e4iv\u00e4\u00e4)<\/strong><\/p>\n<p>Uudet Tritanium eXtend Low \u2013 matalavartiset kompressiosukat ovat kotimaista huippusuunnittelua ja ne soveltuvat erinomaisesti henkil\u00f6ille, jotka joutuvat ty\u00f6ss\u00e4\u00e4n k\u00e4velem\u00e4\u00e4n \/ seisomaan pitki\u00e4 aikoja yht\u00e4jaksoisesti tai tekev\u00e4t istumaty\u00f6t\u00e4.<\/p>\n<p>Matalavartiset kompressiosukat aktivoivat jalkater\u00e4n lihaksistoa pit\u00e4en samalla huolen jalkojen verenkierrosta ja aineenvaihdunnasta. Sukkien ainutlaatuisen rakenteen, anatomisen muotoilun ja tieteellisesti optimoidun matalan kompressiopaineen (10-15mmHg) ansiosta jalat kest\u00e4v\u00e4t rasitusta entist\u00e4 paremmin ja esim. turvotuksia ei p\u00e4\u00e4se syntym\u00e4\u00e4n. Tyylik\u00e4s klassinen ulkon\u00e4k\u00f6, erinomainen k\u00e4ytt\u00f6mukavuus ja korkealaatuiset materiaalit takaavat sukkien monipuolisen k\u00e4ytett\u00e4vyyden monenlaisissa ty\u00f6ymp\u00e4rist\u00f6iss\u00e4 ja niiden avulla jalkasi voivat paremmin!<\/p>\n","protected":false},"featured_media":356,"comment_status":"open","ping_status":"closed","template":"","meta":{"_acf_changed":false,"_kad_post_transparent":"default","_kad_post_title":"","_kad_post_layout":"default","_kad_post_sidebar_id":"","_kad_post_content_style":"default","_kad_post_vertical_padding":"default","_kad_post_feature":"","_kad_post_feature_position":"","_kad_post_header":false,"_kad_post_footer":false,"_kad_post_classname":""},"product_brand":[],"product_cat":[22,33],"product_tag":[],"class_list":{"0":"post-282","1":"product","2":"type-product","3":"status-publish","4":"has-post-thumbnail","6":"product_cat-ergosafe","7":"product_cat-tyokengat-ja-vaatteet","9":"first","10":"instock","11":"taxable","12":"shipping-taxable","13":"purchasable","14":"product-type-variable","15":"has-default-attributes","16":"entry","17":"content-bg","18":"loop-entry"},"acf":[],"_links":{"self":[{"href":"https:\/\/marketplace.epassi.fi\/tritanium-finland\/wp-json\/wp\/v2\/product\/282","targetHints":{"allow":["GET"]}}],"collection":[{"href":"https:\/\/marketplace.epassi.fi\/tritanium-finland\/wp-json\/wp\/v2\/product"}],"about":[{"href":"https:\/\/marketplace.epassi.fi\/tritanium-finland\/wp-json\/wp\/v2\/types\/product"}],"replies":[{"embeddable":true,"href":"https:\/\/marketplace.epassi.fi\/tritanium-finland\/wp-json\/wp\/v2\/comments?post=282"}],"wp:featuredmedia":[{"embeddable":true,"href":"https:\/\/marketplace.epassi.fi\/tritanium-finland\/wp-json\/wp\/v2\/media\/356"}],"wp:attachment":[{"href":"https:\/\/marketplace.epassi.fi\/tritanium-finland\/wp-json\/wp\/v2\/media?parent=282"}],"wp:term":[{"taxonomy":"product_brand","embeddable":true,"href":"https:\/\/marketplace.epassi.fi\/tritanium-finland\/wp-json\/wp\/v2\/product_brand?post=282"},{"taxonomy":"product_cat","embeddable":true,"href":"https:\/\/marketplace.epassi.fi\/tritanium-finland\/wp-json\/wp\/v2\/product_cat?post=282"},{"taxonomy":"product_tag","embeddable":true,"href":"https:\/\/marketplace.epassi.fi\/tritanium-finland\/wp-json\/wp\/v2\/product_tag?post=282"}],"curies":[{"name":"wp","href":"https:\/\/api.w.org\/{rel}","templated":true}]}}