{"id":289,"date":"2021-10-20T17:08:34","date_gmt":"2021-10-20T14:08:34","guid":{"rendered":"https:\/\/marketplace.epassi.fi\/tritanium-finland\/?post_type=product&#038;p=289"},"modified":"2024-09-01T00:08:36","modified_gmt":"2024-08-31T21:08:36","slug":"tritanium-extend-kompressionilkkatuet-tyokayttoon-pari","status":"publish","type":"product","link":"https:\/\/marketplace.epassi.fi\/tritanium-finland\/kauppa\/ergosafe\/tyokengat-ja-vaatteet\/tritanium-extend-kompressionilkkatuet-tyokayttoon-pari\/","title":{"rendered":"Tritanium eXtend &#8211; kompressionilkkatuki ty\u00f6k\u00e4ytt\u00f6\u00f6n (1 kpl)"},"content":{"rendered":"<div class=\"ProductFullDesc\">\n<p>Kompressionilkkatukien ainutlaatuinen saumaton erikoisvahvistettu rakenne ja tieteellisesti optimoitu asteittainen kompressiopaine (20-25mmHg) tehostavat nilkan ja jalkater\u00e4n alueen verenkiertoa, est\u00e4v\u00e4t turvotuksia sek\u00e4 v\u00e4hent\u00e4v\u00e4t jalkater\u00e4n ja nilkan alueen kiputiloja. Saumattoman rakenteensa my\u00f6t\u00e4 nilkkatuet mahdollistavat jalkater\u00e4n t\u00e4yden liikkuvuuden antaen samalla niveleen keskivahvan ulkoisen \u201cmekaanisen\u201d tuen, jonka my\u00f6t\u00e4 nilkan toimintakyky ja vakaus tehostuvat sek\u00e4 vammariski pienenee. Anatomisen muotoilun ansiosta tuki on istuvuudeltaan k\u00e4ytt\u00e4j\u00e4lleen kuin yksil\u00f6llisesti valmistettu, jonka ansiosta k\u00e4ytt\u00f6mukavuus on ensiluokkaista. Ominaisuuksiltaan eXtend \u2013nilkkatuet soveltuvat erinomaisesti niin ty\u00f6k\u00e4ytt\u00f6\u00f6n, liikuntaan\u00a0kuin my\u00f6s vammojen j\u00e4lkeiseen kuntoutukseen.<\/p>\n<p><strong>Huom! <\/strong>eXtend \u2013 kompressionilkkatuet ovat kest\u00e4v\u00e4\u00e4 korkealaatuista nylon-pohjaista materiaalia ja\u00a0ne soveltuvat erinomaisesti k\u00e4ytett\u00e4v\u00e4ksi l\u00e4hes miss\u00e4 tahansa ty\u00f6kengiss\u00e4.<\/p>\n<p><strong>Hy\u00f6dyt:<\/strong><\/p>\n<ul>\n<li>v\u00e4hent\u00e4\u00e4 nilkan ja jalkater\u00e4n alueen erilaisia kiputiloja<\/li>\n<li>v\u00e4hent\u00e4\u00e4 akillesj\u00e4nteen kipuja<\/li>\n<li>v\u00e4hent\u00e4\u00e4 ja ennaltaehk\u00e4ist\u00e4 turvotusta<\/li>\n<li>tehostaa nilkan alueen kuntoutumista<\/li>\n<li>v\u00e4hent\u00e4\u00e4 ja ehk\u00e4ist\u00e4 jalkaterien ns. suonenvetoa<\/li>\n<li>v\u00e4hent\u00e4\u00e4 jalkaterien v\u00e4syneisyyden tunnetta<\/li>\n<\/ul>\n<p><strong>Huom!<\/strong> Konsultoi aina asiantuntijaa (l\u00e4\u00e4k\u00e4ri, fysioterapeutti) ennen kuin alat k\u00e4ytt\u00e4m\u00e4\u00e4n keskivahvan \/ vahvan paineen (kompressioluokka 2) kompressiotukia hoitotarkoituksessa.<\/p>\n<p>Mik\u00e4li sinulla on kysytt\u00e4v\u00e4\u00e4 tuotteisiin tai niiden valintaan liittyen, niin laitathan meille postia osoitteeseen info@tritaniumstore.fi .<\/p>\n<p><strong>K\u00e4ytt\u00f6:<\/strong><\/p>\n<ul>\n<li>K\u00e4ytt\u00f6suositus: pue kompressionilkkatuet alimmaiseksi kerrokseksi ihoa vasten jos k\u00e4yt\u00e4t sen kanssa ns. normaalia sukkaa. Huom! Jos k\u00e4yt\u00e4t nilkkatukia yhdess\u00e4 kompressiosukkien kanssa, niin t\u00e4ll\u00f6in nilkkatuki puetaan kompressiosukan p\u00e4\u00e4lle<strong>. <\/strong>Tukia voidaan k\u00e4ytt\u00e4\u00e4 suorituksen aikana esim. treenikeng\u00e4ss\u00e4 yhdess\u00e4 sukan kanssa. Voidaan k\u00e4ytt\u00e4\u00e4 my\u00f6s vammojen hoidossa sellaisenaan ilman sukkaa.<\/li>\n<li>Soveltuvuus: soveltuu erinomaisesti kaikenlaiseen harjoitteluun ja vammojen hoitoon sek\u00e4 kuntoutukseen<\/li>\n<li><strong>Pukemisohje: Pue nilkkatuet varovasti &#8221;rullaamalla&#8221; ja aseta kantakuppi huolellisesti kohdalleen. Huomio pukemisessa anatominen muotoilu (vasen \/ oikea).<\/strong><\/li>\n<\/ul>\n<p><strong>Tuotetiedot:<\/strong><\/p>\n<ul>\n<li>Erillinen muotoilu vasemmalle ja oikealle jalalle (merkinn\u00e4t R\/L jalkater\u00e4n ulkoreunassa)<\/li>\n<li>Anatominen muotoilu: mukautuu nivelen liikkeisiin eik\u00e4 rajoita nivelen liikett\u00e4<\/li>\n<li>Korkealaatuiset materiaalit (s\u00e4\u00e4telev\u00e4t l\u00e4mp\u00f6\u00e4 ja kuljettavat hien pois iholta)<\/li>\n<li>Materiaali: Nylon 75% \/ Invista Lycra\u00ae 25%<\/li>\n<li>6 kokoa: XS-XXL (oikea koko valitaan taulukosta keng\u00e4nnumeron ja nilkan ymp\u00e4rysmitan mukaan)<\/li>\n<li>Kokomerkinn\u00e4t jokaisen nilkkatuen yl\u00e4resorin sis\u00e4osassa<\/li>\n<li>Unisex -malli<\/li>\n<li>Pakkaus sis\u00e4lt\u00e4\u00e4 yhden kappaleen eXtend -nilkkatukia<\/li>\n<\/ul>\n<p><strong>Kokotaulukko:<\/strong><\/p>\n<table>\n<tbody>\n<tr>\n<td>Koko<\/td>\n<td>Nilkan ymp\u00e4rysmitta (cm)<\/td>\n<td>Keng\u00e4nnumero<\/td>\n<\/tr>\n<tr>\n<td>XS<\/td>\n<td>12-15<\/td>\n<td>27-34<\/td>\n<\/tr>\n<tr>\n<td>S<\/td>\n<td>15-18<\/td>\n<td>32-39<\/td>\n<\/tr>\n<tr>\n<td>M<\/td>\n<td>18-22<\/td>\n<td>36-43<\/td>\n<\/tr>\n<tr>\n<td>L<\/td>\n<td>22-26<\/td>\n<td>41-47<\/td>\n<\/tr>\n<tr>\n<td>XL<\/td>\n<td>26-30<\/td>\n<td>43-49<\/td>\n<\/tr>\n<tr>\n<td>XXL<\/td>\n<td>30-34<\/td>\n<td>44-52<\/td>\n<\/tr>\n<\/tbody>\n<\/table>\n<p><strong>Mittausohje: Ota mitta nilkan ohuimmasta kohdasta ja valitse oikea koko nilkan ymp\u00e4rysmitan mukaan. Jos mitta on kahden koon rajamailla, valitse\u00a0suurempi koko. Jos olet ep\u00e4varma oikean koon valitsemisen suhteen, niin voit <a href=\"http:\/\/www.kompressiomyynti.fi\/page\/2\/ota-yhteytta\">ottaa yhteytt\u00e4 asiantuntijaamme<\/a>.<\/strong><\/p>\n<p><strong>Pesuohje:<\/strong><\/p>\n<ul>\n<li>K\u00e4sinpesu tai konepesu 30\u00b0- 40\u00b0C<\/li>\n<li>\u00c4l\u00e4 k\u00e4yt\u00e4 huuhtelu- tai valkaisuainetta<\/li>\n<li>Ei linkousta<\/li>\n<li>Ei kuivapesua<\/li>\n<li>Ei rumpukuivausta<\/li>\n<li>Ei silityst\u00e4<\/li>\n<\/ul>\n<\/div>\n","protected":false},"excerpt":{"rendered":"<p><strong>HUOM! Hinta sis\u00e4lt\u00e4\u00e4 toimituksen postipakettina (toimitusaika n. 2-3 p\u00e4iv\u00e4\u00e4)<\/strong><\/p>\n<p>Kotimainen Tritanium on tuonut markkinoille uudenlaiset korkeaan kompressiopaineeseen perustuvat eXtend -kompressionilkkatuet, jotka soveltuvat ominaisuuksiensa puolesta erinomaisesti ty\u00f6k\u00e4ytt\u00f6\u00f6n. Uusinta valmistusteknologiaa hy\u00f6dynt\u00e4v\u00e4t nilkkatuet\u00a0v\u00e4hent\u00e4v\u00e4t erilaisia nilkan alueen kiputiloja ja turvotusta sek\u00e4 tehostavat nilkan alueen vammojen j\u00e4lkeist\u00e4 kuntoutumista.\u00a0Optimaalisen asteittaisen kompressiopaineen (20-25mmHg) sek\u00e4 anatomisen muotoilun ansiosta nilkkatuet tukevat nilkkanivelt\u00e4, aktivoivat nilkan aluetta tukevia lihaksia sek\u00e4 kevent\u00e4v\u00e4t nilkan alueen ja akillesj\u00e4nteen kuormitusta. Lis\u00e4ksi kompressionilkkatukien k\u00e4yt\u00f6ll\u00e4 voidaan mm. v\u00e4hent\u00e4\u00e4 vammojen j\u00e4lkeist\u00e4 turvotusta ja tehostaa kuntoutumista sek\u00e4 my\u00f6s ennaltaehk\u00e4ist\u00e4 rasitusvammoja (esim. plantaarifaskiitti, akillesj\u00e4nteen tulehdukset, nivelsidevammat yms.).<\/p>\n<p><strong>HUOM! Pakkaus sis\u00e4lt\u00e4\u00e4 yhden nilkkatuen, joka sopii molempiin jalkoihin!<\/strong><\/p>\n","protected":false},"featured_media":349,"comment_status":"open","ping_status":"closed","template":"","meta":{"_acf_changed":false,"_kad_post_transparent":"default","_kad_post_title":"","_kad_post_layout":"default","_kad_post_sidebar_id":"","_kad_post_content_style":"default","_kad_post_vertical_padding":"default","_kad_post_feature":"","_kad_post_feature_position":"","_kad_post_header":false,"_kad_post_footer":false,"_kad_post_classname":""},"product_brand":[],"product_cat":[22,33],"product_tag":[],"class_list":{"0":"post-289","1":"product","2":"type-product","3":"status-publish","4":"has-post-thumbnail","6":"product_cat-ergosafe","7":"product_cat-tyokengat-ja-vaatteet","9":"first","10":"instock","11":"taxable","12":"shipping-taxable","13":"purchasable","14":"product-type-variable","15":"entry","16":"content-bg","17":"loop-entry"},"acf":[],"_links":{"self":[{"href":"https:\/\/marketplace.epassi.fi\/tritanium-finland\/wp-json\/wp\/v2\/product\/289","targetHints":{"allow":["GET"]}}],"collection":[{"href":"https:\/\/marketplace.epassi.fi\/tritanium-finland\/wp-json\/wp\/v2\/product"}],"about":[{"href":"https:\/\/marketplace.epassi.fi\/tritanium-finland\/wp-json\/wp\/v2\/types\/product"}],"replies":[{"embeddable":true,"href":"https:\/\/marketplace.epassi.fi\/tritanium-finland\/wp-json\/wp\/v2\/comments?post=289"}],"wp:featuredmedia":[{"embeddable":true,"href":"https:\/\/marketplace.epassi.fi\/tritanium-finland\/wp-json\/wp\/v2\/media\/349"}],"wp:attachment":[{"href":"https:\/\/marketplace.epassi.fi\/tritanium-finland\/wp-json\/wp\/v2\/media?parent=289"}],"wp:term":[{"taxonomy":"product_brand","embeddable":true,"href":"https:\/\/marketplace.epassi.fi\/tritanium-finland\/wp-json\/wp\/v2\/product_brand?post=289"},{"taxonomy":"product_cat","embeddable":true,"href":"https:\/\/marketplace.epassi.fi\/tritanium-finland\/wp-json\/wp\/v2\/product_cat?post=289"},{"taxonomy":"product_tag","embeddable":true,"href":"https:\/\/marketplace.epassi.fi\/tritanium-finland\/wp-json\/wp\/v2\/product_tag?post=289"}],"curies":[{"name":"wp","href":"https:\/\/api.w.org\/{rel}","templated":true}]}}