{"id":337,"date":"2023-04-11T16:03:24","date_gmt":"2023-04-11T13:03:24","guid":{"rendered":"https:\/\/marketplace.epassi.fi\/tritanium-finland\/?post_type=product&#038;p=337"},"modified":"2024-09-01T00:08:36","modified_gmt":"2024-08-31T21:08:36","slug":"tritanium-extend-kompressiopolvituet-tyokayttoon-pari","status":"publish","type":"product","link":"https:\/\/marketplace.epassi.fi\/tritanium-finland\/kauppa\/ergosafe\/tyokengat-ja-vaatteet\/tritanium-extend-kompressiopolvituet-tyokayttoon-pari\/","title":{"rendered":"Tritanium eXtend &#8211; kompressiopolvituki ty\u00f6k\u00e4ytt\u00f6\u00f6n (1kpl)"},"content":{"rendered":"<div class=\"ProductFullDesc\">\n<div class=\"ProductFullDesc\">\n<p>Kotimaista suunnittelua olevien eXtend \u2013polvitukien valmistuksessa on k\u00e4ytetty viimeisint\u00e4 huipputeknologiaa ja alun perin polvituet suunniteltiin pelk\u00e4st\u00e4\u00e4n urheilijoita varten, mutta niiden antamat hy\u00f6dyt havaittiin erinomaiseksi my\u00f6s erilaisissa ty\u00f6olosuhteissa. Tieteellisesti optimoidun kompressiopaineen (20-30mmHg) ansiosta tuet v\u00e4hent\u00e4v\u00e4t polvinivelen kuormitusta ja tukien avulla voidaan helpottaa niin akuutteja kuin kroonistuneitakin polven alueen kiputiloja. Polvituet toimivat my\u00f6s erinomaisesti esim. rasitusvammoja ennaltaehk\u00e4isev\u00e4ss\u00e4 k\u00e4yt\u00f6ss\u00e4. Laadukkaiden ja iholle miellytt\u00e4vien materiaalien sek\u00e4 saumattoman rakenteen ansiosta tukien k\u00e4ytt\u00f6mukavuus on erinomaisen hyv\u00e4.<\/p>\n<p><strong>Hy\u00f6dyt:<\/strong><\/p>\n<ul>\n<li>v\u00e4hent\u00e4\u00e4 polven alueen erilaisia kiputiloja (esim. nivelrikko- ja kulumamuutokset, vammojen j\u00e4lkitila)<\/li>\n<li>hoitaa ja ennaltaehk\u00e4ist\u00e4 rasitusvammoja (hypp\u00e4\u00e4j\u00e4n- ja juoksijan polvi yms.)<\/li>\n<li>v\u00e4hent\u00e4\u00e4 ja ennaltaehk\u00e4ist\u00e4 turvotusta (esim. leikkausten j\u00e4lkeinen post-operatiivinen hoito)<\/li>\n<li>nopeuttaa ja tehostaa vammojen \/ leikkausten j\u00e4lkeist\u00e4 kuntoutumista<\/li>\n<\/ul>\n<p><em><strong>Huom!<\/strong> eXtend \u2013 kompressiopolvituet ovat ohutta (n. 1-2mm) ja kest\u00e4v\u00e4\u00e4 korkealaatuista nylon-pohjaista materiaalia ja ne soveltuvatkin erinomaisesti k\u00e4ytett\u00e4v\u00e4ksi l\u00e4hes miss\u00e4 tahansa ty\u00f6olosuhteissa.\u00a0Tukien k\u00e4yt\u00f6st\u00e4 hy\u00f6tyv\u00e4t k\u00e4yt\u00e4nn\u00f6ss\u00e4 kaikki polvikivuista k\u00e4rsiv\u00e4t henkil\u00f6t ja polvituet auttavat my\u00f6s ep\u00e4m\u00e4\u00e4r\u00e4isten polven alueen kiputilojen sek\u00e4 vammojen kuntoutuksessa.<\/em><\/p>\n<p>Mik\u00e4li sinulla on kysytt\u00e4v\u00e4\u00e4 tuotteisiin tai niiden valintaan liittyen, niin laitathan meille postia osoitteeseen info@tritaniumstore.fi .<\/p>\n<p><strong>Pukeminen:<\/strong><\/p>\n<ul>\n<li>Pue ja riisu polvituet aina &#8221;rullaamalla&#8221;, \u00c4L\u00c4 yl\u00e4resorista vet\u00e4m\u00e4ll\u00e4. HUOM! Tuet tulee pukea niin, ett\u00e4 polven keskikohta (polvilumpio) tulee tuen etuosan kuvion alareunaan, eli tuesta 1\/3 j\u00e4\u00e4 polven alapuolelle ja 2\/3 polven yl\u00e4puolelle. Lis\u00e4ksi tuet tulee pukea suoraan paljasta ihoa vasten ja niiden yl\u00e4osasta kannattaa ottaa viel\u00e4 ylim\u00e4\u00e4r\u00e4inen \u201dveto\u201d pois asettelemalla tuet kunnolla paikoilleen.<\/li>\n<li>Voidaan pukea mihin vuorokauden aikaan tahansa<\/li>\n<\/ul>\n<p><strong>Tuotetiedot:<\/strong><\/p>\n<ul>\n<li>Tieteellisesti optimoitu asteittainen 20-30mmHg kompressiopaine<\/li>\n<li>Saumaton rakenne ja ensiluokkaiset materiaalit, jotka maksimoivat k\u00e4ytt\u00f6mukavuuden ja kulutuskest\u00e4vyyden<\/li>\n<li>Anatominen muotoilu: mukautuu nivelen liikkeisiin eik\u00e4 rajoita nivelen liikett\u00e4<\/li>\n<li>Materiaali: Nylon 72% \/ Invista Lycra\u00ae 28%,\u00a0silikoni (yl\u00e4resorin sis\u00e4osa)<\/li>\n<li>6 kokoa: XS \u2013 XXL (oikea koko valitaan taulukosta ohjeiden mukaan)<\/li>\n<li>Pakkaus sis\u00e4lt\u00e4\u00e4 yhden kappaleen eXtend -polvitukia<\/li>\n<li>Valmistaja: Tritanium Finland<\/li>\n<\/ul>\n<p>&nbsp;<\/p>\n<p><strong>Kokotaulukko:<\/strong><\/p>\n<p>&nbsp;<\/p>\n<table>\n<tbody>\n<tr>\n<td>Koko<\/td>\n<td>Pohje (cm)<\/td>\n<td>Reisi (cm)<\/td>\n<\/tr>\n<tr>\n<td>XS<\/td>\n<td>21-27<\/td>\n<td>36-44<\/td>\n<\/tr>\n<tr>\n<td>S<\/td>\n<td>27-33<\/td>\n<td>42-50<\/td>\n<\/tr>\n<tr>\n<td>M<\/td>\n<td>31-39<\/td>\n<td>50-58<\/td>\n<\/tr>\n<tr>\n<td>L<\/td>\n<td>38-44<\/td>\n<td>58-66<\/td>\n<\/tr>\n<tr>\n<td>XL<\/td>\n<td>43-49<\/td>\n<td>66-74<\/td>\n<\/tr>\n<tr>\n<td>XXL<\/td>\n<td>48-55<\/td>\n<td>74-83<\/td>\n<\/tr>\n<\/tbody>\n<\/table>\n<p>&nbsp;<\/p>\n<p><strong>Mittausohje: Ota mitat pohkeen ja reiden paksuimmasta kohdasta seisten ilman lihasj\u00e4nnityst\u00e4, reiden ymp\u00e4rysmitta on valintakriteerin\u00e4 t\u00e4rke\u00e4mpi. Jos olet ep\u00e4varma oikean koon valitsemisen suhteen, niin voit<\/strong> <a href=\"http:\/\/www.tritaniumstore.fi\/page\/2\/ota-yhteytta\">ottaa yhteytt\u00e4 asiantuntijaamme<\/a>.<\/p>\n<p><strong>Pesuohje:<\/strong><\/p>\n<ul>\n<li>K\u00e4sinpesu tai konepesu 30\u00b0- 40\u00b0C<\/li>\n<li>\u00c4l\u00e4 k\u00e4yt\u00e4 huuhtelu- tai valkaisuainetta<\/li>\n<li>Ei linkousta<\/li>\n<li>Ei kuivapesua<\/li>\n<li>Ei rumpukuivausta<\/li>\n<li>Ei silityst\u00e4<\/li>\n<\/ul>\n<\/div>\n<\/div>\n","protected":false},"excerpt":{"rendered":"<p><strong>HUOM! Hinta sis\u00e4lt\u00e4\u00e4 toimituksen postipakettina (toimitusaika n. 2-3 p\u00e4iv\u00e4\u00e4)<\/strong><\/p>\n<p>Tritanium eXtend \u2013kompressiopolvituet ovat t\u00e4ysin uudenlaiset korkeaan kompressiopaineeseen perustuvat kompressiopolvituet, joiden k\u00e4yt\u00f6st\u00e4 hy\u00f6tyv\u00e4t l\u00e4hes kaikki erilaisista polvikivuista ja -ongelmista k\u00e4rsiv\u00e4t henkil\u00f6t. Ty\u00f6k\u00e4ytt\u00f6\u00f6n erinomaisesti soveltuvissa kompressiopolvituissa on tieteellisesti optimoitu asteittainen kompressiopaine (20-30mmHg), saumaton rakenne\u00a0ja\u00a0ensiluokkaiset materiaalit, jotka\u00a0takaavat niiden erinomaisen k\u00e4ytt\u00f6mukavuuden l\u00e4hes miss\u00e4 tahansa ty\u00f6olosuhteissa.<\/p>\n<p>Kompressiopolvitukien k\u00e4yt\u00f6ll\u00e4\u00a0v\u00e4hennet\u00e4\u00e4n erilaisia polven alueen kipuja, tehostetaan vammojen j\u00e4lkeist\u00e4 kuntoutumista sek\u00e4 ennaltaehk\u00e4ist\u00e4\u00e4n rasitusvammoja. Lis\u00e4ksi kompressiopolvitukien k\u00e4yt\u00f6st\u00e4 voidaan hy\u00f6ty\u00e4 esim. leikkauksien ja vammojen j\u00e4lkitilojen kuntouttamisessa. Tuet sopivat naisille sek\u00e4 miehille ja ne ovat helposti puettavat.<\/p>\n<p><strong><span class=\"caps\">HUOM<\/span>! Pakkaus sis\u00e4lt\u00e4\u00e4 yhden (1 kpl) eXtend -polvituen, joka sopii molempiin jalkoihin!<br \/>\n<\/strong><\/p>\n","protected":false},"featured_media":342,"comment_status":"open","ping_status":"closed","template":"","meta":{"_acf_changed":false,"_kad_post_transparent":"default","_kad_post_title":"","_kad_post_layout":"default","_kad_post_sidebar_id":"","_kad_post_content_style":"default","_kad_post_vertical_padding":"default","_kad_post_feature":"","_kad_post_feature_position":"","_kad_post_header":false,"_kad_post_footer":false,"_kad_post_classname":""},"product_brand":[],"product_cat":[22,33],"product_tag":[],"class_list":{"0":"post-337","1":"product","2":"type-product","3":"status-publish","4":"has-post-thumbnail","6":"product_cat-ergosafe","7":"product_cat-tyokengat-ja-vaatteet","9":"first","10":"instock","11":"taxable","12":"shipping-taxable","13":"purchasable","14":"product-type-variable","15":"entry","16":"content-bg","17":"loop-entry"},"acf":[],"_links":{"self":[{"href":"https:\/\/marketplace.epassi.fi\/tritanium-finland\/wp-json\/wp\/v2\/product\/337","targetHints":{"allow":["GET"]}}],"collection":[{"href":"https:\/\/marketplace.epassi.fi\/tritanium-finland\/wp-json\/wp\/v2\/product"}],"about":[{"href":"https:\/\/marketplace.epassi.fi\/tritanium-finland\/wp-json\/wp\/v2\/types\/product"}],"replies":[{"embeddable":true,"href":"https:\/\/marketplace.epassi.fi\/tritanium-finland\/wp-json\/wp\/v2\/comments?post=337"}],"wp:featuredmedia":[{"embeddable":true,"href":"https:\/\/marketplace.epassi.fi\/tritanium-finland\/wp-json\/wp\/v2\/media\/342"}],"wp:attachment":[{"href":"https:\/\/marketplace.epassi.fi\/tritanium-finland\/wp-json\/wp\/v2\/media?parent=337"}],"wp:term":[{"taxonomy":"product_brand","embeddable":true,"href":"https:\/\/marketplace.epassi.fi\/tritanium-finland\/wp-json\/wp\/v2\/product_brand?post=337"},{"taxonomy":"product_cat","embeddable":true,"href":"https:\/\/marketplace.epassi.fi\/tritanium-finland\/wp-json\/wp\/v2\/product_cat?post=337"},{"taxonomy":"product_tag","embeddable":true,"href":"https:\/\/marketplace.epassi.fi\/tritanium-finland\/wp-json\/wp\/v2\/product_tag?post=337"}],"curies":[{"name":"wp","href":"https:\/\/api.w.org\/{rel}","templated":true}]}}