{"id":290,"date":"2021-10-20T17:09:46","date_gmt":"2021-10-20T14:09:46","guid":{"rendered":"https:\/\/marketplace.epassi.fi\/tuplakasi-action\/?post_type=product&#038;p=290"},"modified":"2025-03-26T10:55:53","modified_gmt":"2025-03-26T08:55:53","slug":"karting-kokemus","status":"publish","type":"product","link":"https:\/\/marketplace.epassi.fi\/tuplakasi-action\/kauppa\/liikuntaedut\/karting-kokemus\/","title":{"rendered":"Karting kokemus"},"content":{"rendered":"<p>Tule kokemaan vauhdinhurmaa oikealla kartingradalla. Tule joko yksin, kaverisi tai ryhm\u00e4si kanssa. Varaa aika ennakkoon.<\/p>\n<p>Karting 70\u20ac \/hl\u00f6<\/p>\n","protected":false},"excerpt":{"rendered":"<p>Vuokrakarttien <strong>\u201dFerrari\u201d Sodi RX8<\/strong>, moottorina Hondan 390 kuutioinen 14 hevosvoimainen 4-tahtimoottori, josta v\u00e4\u00e4nt\u00f6\u00e4 l\u00f6ytyy. Huippunopeus suoralla on noin 80km\/h.<br \/>\n&#8211; s\u00e4\u00e4dett\u00e4v\u00e4t polkimet<br \/>\n&#8211; katalysaattori<br \/>\nJouhevasti toimiva keskipakokytkin sopii hyvin my\u00f6s hitaaseen ajoon ja aloittelijoille.<br \/>\nJarrut on nestetoimiset ja vaikuttavat vain takarenkaisiin.<\/p>\n","protected":false},"featured_media":332,"comment_status":"open","ping_status":"closed","template":"","meta":{"_acf_changed":false,"_kad_post_transparent":"default","_kad_post_title":"","_kad_post_layout":"default","_kad_post_sidebar_id":"","_kad_post_content_style":"default","_kad_post_vertical_padding":"default","_kad_post_feature":"","_kad_post_feature_position":"","_kad_post_header":false,"_kad_post_footer":false,"_kad_post_classname":""},"product_brand":[],"product_cat":[19],"product_tag":[],"class_list":{"0":"post-290","1":"product","2":"type-product","3":"status-publish","4":"has-post-thumbnail","6":"product_cat-liikuntaedut","8":"first","9":"instock","10":"virtual","11":"taxable","12":"purchasable","13":"product-type-simple","14":"entry","15":"content-bg","16":"loop-entry"},"acf":[],"_links":{"self":[{"href":"https:\/\/marketplace.epassi.fi\/tuplakasi-action\/wp-json\/wp\/v2\/product\/290","targetHints":{"allow":["GET"]}}],"collection":[{"href":"https:\/\/marketplace.epassi.fi\/tuplakasi-action\/wp-json\/wp\/v2\/product"}],"about":[{"href":"https:\/\/marketplace.epassi.fi\/tuplakasi-action\/wp-json\/wp\/v2\/types\/product"}],"replies":[{"embeddable":true,"href":"https:\/\/marketplace.epassi.fi\/tuplakasi-action\/wp-json\/wp\/v2\/comments?post=290"}],"wp:featuredmedia":[{"embeddable":true,"href":"https:\/\/marketplace.epassi.fi\/tuplakasi-action\/wp-json\/wp\/v2\/media\/332"}],"wp:attachment":[{"href":"https:\/\/marketplace.epassi.fi\/tuplakasi-action\/wp-json\/wp\/v2\/media?parent=290"}],"wp:term":[{"taxonomy":"product_brand","embeddable":true,"href":"https:\/\/marketplace.epassi.fi\/tuplakasi-action\/wp-json\/wp\/v2\/product_brand?post=290"},{"taxonomy":"product_cat","embeddable":true,"href":"https:\/\/marketplace.epassi.fi\/tuplakasi-action\/wp-json\/wp\/v2\/product_cat?post=290"},{"taxonomy":"product_tag","embeddable":true,"href":"https:\/\/marketplace.epassi.fi\/tuplakasi-action\/wp-json\/wp\/v2\/product_tag?post=290"}],"curies":[{"name":"wp","href":"https:\/\/api.w.org\/{rel}","templated":true}]}}