{"id":317,"date":"2021-12-10T11:31:27","date_gmt":"2021-12-10T09:31:27","guid":{"rendered":"https:\/\/marketplace.epassi.fi\/tuplakasi-action\/?post_type=product&#038;p=317"},"modified":"2025-03-26T10:34:54","modified_gmt":"2025-03-26T08:34:54","slug":"e-fatbike-vuokra","status":"publish","type":"product","link":"https:\/\/marketplace.epassi.fi\/tuplakasi-action\/kauppa\/liikuntaedut\/e-fatbike-vuokra\/","title":{"rendered":"E-Fatbike vuokraus"},"content":{"rendered":"<div id=\"body0\" class=\"jalustacontent richtextcontent\"><span class=\"jalustaLeipis\">Vuokraamme E-Fatbikeja varastoltamme Holiday Club Saimaalta osoitteessa Vipelentie 3-5, Rauha. <\/span><span class=\"jalustaLeipis\">E-Fatbike-py\u00f6riss\u00e4 on kolmea runkokokoa S, M ja L. Py\u00f6r\u00e4t ovat 11-vaihteisia ja kevyit\u00e4 polkea. Kyp\u00e4r\u00e4 kuuluu vuokrahintaan.\u00a0<\/span><\/div>\n<div>Vuokra-aika 3h.<\/div>\n","protected":false},"excerpt":{"rendered":"<p><span class=\"jalustaLeipis\">Imatran ymp\u00e4rist\u00f6ss\u00e4 ja Ukonniemen ulkoilumaastoissa on runsaasti reittej\u00e4 Fatbike-py\u00f6r\u00e4ilyyn. Saimaan rantojen kauniissa maisemissa ja vaihtelevissa maastoissa on mukavaa tehd\u00e4 pidempi\u00e4kin py\u00f6r\u00e4retki\u00e4.<\/span><\/p>\n","protected":false},"featured_media":318,"comment_status":"open","ping_status":"closed","template":"","meta":{"_acf_changed":false,"_kad_post_transparent":"default","_kad_post_title":"","_kad_post_layout":"default","_kad_post_sidebar_id":"","_kad_post_content_style":"default","_kad_post_vertical_padding":"default","_kad_post_feature":"","_kad_post_feature_position":"","_kad_post_header":false,"_kad_post_footer":false,"_kad_post_classname":""},"product_brand":[],"product_cat":[19],"product_tag":[],"class_list":{"0":"post-317","1":"product","2":"type-product","3":"status-publish","4":"has-post-thumbnail","6":"product_cat-liikuntaedut","8":"first","9":"instock","10":"taxable","11":"shipping-taxable","12":"purchasable","13":"product-type-simple","14":"entry","15":"content-bg","16":"loop-entry"},"acf":[],"_links":{"self":[{"href":"https:\/\/marketplace.epassi.fi\/tuplakasi-action\/wp-json\/wp\/v2\/product\/317","targetHints":{"allow":["GET"]}}],"collection":[{"href":"https:\/\/marketplace.epassi.fi\/tuplakasi-action\/wp-json\/wp\/v2\/product"}],"about":[{"href":"https:\/\/marketplace.epassi.fi\/tuplakasi-action\/wp-json\/wp\/v2\/types\/product"}],"replies":[{"embeddable":true,"href":"https:\/\/marketplace.epassi.fi\/tuplakasi-action\/wp-json\/wp\/v2\/comments?post=317"}],"wp:featuredmedia":[{"embeddable":true,"href":"https:\/\/marketplace.epassi.fi\/tuplakasi-action\/wp-json\/wp\/v2\/media\/318"}],"wp:attachment":[{"href":"https:\/\/marketplace.epassi.fi\/tuplakasi-action\/wp-json\/wp\/v2\/media?parent=317"}],"wp:term":[{"taxonomy":"product_brand","embeddable":true,"href":"https:\/\/marketplace.epassi.fi\/tuplakasi-action\/wp-json\/wp\/v2\/product_brand?post=317"},{"taxonomy":"product_cat","embeddable":true,"href":"https:\/\/marketplace.epassi.fi\/tuplakasi-action\/wp-json\/wp\/v2\/product_cat?post=317"},{"taxonomy":"product_tag","embeddable":true,"href":"https:\/\/marketplace.epassi.fi\/tuplakasi-action\/wp-json\/wp\/v2\/product_tag?post=317"}],"curies":[{"name":"wp","href":"https:\/\/api.w.org\/{rel}","templated":true}]}}