{"id":321,"date":"2021-12-10T14:17:17","date_gmt":"2021-12-10T12:17:17","guid":{"rendered":"https:\/\/marketplace.epassi.fi\/tuplakasi-action\/?post_type=product&#038;p=321"},"modified":"2025-03-26T10:31:09","modified_gmt":"2025-03-26T08:31:09","slug":"kanoottivuokraus","status":"publish","type":"product","link":"https:\/\/marketplace.epassi.fi\/tuplakasi-action\/kauppa\/liikuntaedut\/kanoottivuokraus\/","title":{"rendered":"Kanoottivuokraus"},"content":{"rendered":"<p>Vuokrahinta sis\u00e4lt\u00e4\u00e4 pelastusliivit.<\/p>\n<p>Kanootit ovat 2-3 henkil\u00f6lle.<\/p>\n<p>Vuokra-aika 3h.<\/p>\n","protected":false},"excerpt":{"rendered":"<div class=\"woocommerce-product-details__short-description\">\n<p><span class=\"jalustaLeipis\">Vuokraamme inkkarikanootteja vuokraamoltamme Holiday Club Saimaalla osoitteesta Vipelentie 3-5, Rauha. Inkkarikanooteilla on helppoa ja rentouttavaa meloa ja tutustua Imatran seudun kauniisiin rantoihin. Melontaretken lomassa voit pit\u00e4\u00e4 taukoa vaikka Malonsaaren tulipaikalla tai rantautua muihin l\u00e4hisaariin ja kiivet\u00e4 rannoille ihailemaan upeita Etel\u00e4-Saimaan maisemia.<\/span><\/p>\n<\/div>\n","protected":false},"featured_media":322,"comment_status":"open","ping_status":"closed","template":"","meta":{"_acf_changed":false,"_kad_post_transparent":"default","_kad_post_title":"","_kad_post_layout":"default","_kad_post_sidebar_id":"","_kad_post_content_style":"default","_kad_post_vertical_padding":"default","_kad_post_feature":"","_kad_post_feature_position":"","_kad_post_header":false,"_kad_post_footer":false,"_kad_post_classname":""},"product_brand":[],"product_cat":[19],"product_tag":[],"class_list":{"0":"post-321","1":"product","2":"type-product","3":"status-publish","4":"has-post-thumbnail","6":"product_cat-liikuntaedut","8":"first","9":"instock","10":"taxable","11":"shipping-taxable","12":"purchasable","13":"product-type-simple","14":"entry","15":"content-bg","16":"loop-entry"},"acf":[],"_links":{"self":[{"href":"https:\/\/marketplace.epassi.fi\/tuplakasi-action\/wp-json\/wp\/v2\/product\/321","targetHints":{"allow":["GET"]}}],"collection":[{"href":"https:\/\/marketplace.epassi.fi\/tuplakasi-action\/wp-json\/wp\/v2\/product"}],"about":[{"href":"https:\/\/marketplace.epassi.fi\/tuplakasi-action\/wp-json\/wp\/v2\/types\/product"}],"replies":[{"embeddable":true,"href":"https:\/\/marketplace.epassi.fi\/tuplakasi-action\/wp-json\/wp\/v2\/comments?post=321"}],"wp:featuredmedia":[{"embeddable":true,"href":"https:\/\/marketplace.epassi.fi\/tuplakasi-action\/wp-json\/wp\/v2\/media\/322"}],"wp:attachment":[{"href":"https:\/\/marketplace.epassi.fi\/tuplakasi-action\/wp-json\/wp\/v2\/media?parent=321"}],"wp:term":[{"taxonomy":"product_brand","embeddable":true,"href":"https:\/\/marketplace.epassi.fi\/tuplakasi-action\/wp-json\/wp\/v2\/product_brand?post=321"},{"taxonomy":"product_cat","embeddable":true,"href":"https:\/\/marketplace.epassi.fi\/tuplakasi-action\/wp-json\/wp\/v2\/product_cat?post=321"},{"taxonomy":"product_tag","embeddable":true,"href":"https:\/\/marketplace.epassi.fi\/tuplakasi-action\/wp-json\/wp\/v2\/product_tag?post=321"}],"curies":[{"name":"wp","href":"https:\/\/api.w.org\/{rel}","templated":true}]}}