{"id":327,"date":"2021-12-16T18:11:05","date_gmt":"2021-12-16T16:11:05","guid":{"rendered":"https:\/\/marketplace.epassi.fi\/tuplakasi-action\/?post_type=product&#038;p=327"},"modified":"2025-03-26T10:53:47","modified_gmt":"2025-03-26T08:53:47","slug":"vesijetti-vuokraus","status":"publish","type":"product","link":"https:\/\/marketplace.epassi.fi\/tuplakasi-action\/kauppa\/liikuntaedut\/vesijetti-vuokraus\/","title":{"rendered":"Vesijetti vuokraus"},"content":{"rendered":"<p><em>Vuokraan sis\u00e4ltyy pelastusliivit ja k\u00e4ytt\u00f6koulutus.<\/em><\/p>\n<p>L\u00e4ht\u00f6 tapahtuu vuokraamoltamme Imatran satamasta.<\/p>\n<p>Vuokra-aika 1 tunti.<\/p>\n","protected":false},"excerpt":{"rendered":"<p>L\u00e4hde tunnin mittaiselle retkelle Tuplakasi Actionin turvallisilla vesijeteill\u00e4!<\/p>\n<p>Meill\u00e4 on tarjolla 90-hevosvoimainen sek\u00e4 130-hevosvoimainen kolmen istuttava Seedoo Gti vesijetti ja kahden istuttava Seedoo Spark, joista voit valita itsellesi sopivan vaihtoehdon.<\/p>\n","protected":false},"featured_media":328,"comment_status":"open","ping_status":"closed","template":"","meta":{"_acf_changed":false,"_kad_post_transparent":"default","_kad_post_title":"","_kad_post_layout":"default","_kad_post_sidebar_id":"","_kad_post_content_style":"default","_kad_post_vertical_padding":"default","_kad_post_feature":"","_kad_post_feature_position":"","_kad_post_header":false,"_kad_post_footer":false,"_kad_post_classname":""},"product_brand":[],"product_cat":[19],"product_tag":[],"class_list":{"0":"post-327","1":"product","2":"type-product","3":"status-publish","4":"has-post-thumbnail","6":"product_cat-liikuntaedut","8":"first","9":"instock","10":"taxable","11":"shipping-taxable","12":"purchasable","13":"product-type-simple","14":"entry","15":"content-bg","16":"loop-entry"},"acf":[],"_links":{"self":[{"href":"https:\/\/marketplace.epassi.fi\/tuplakasi-action\/wp-json\/wp\/v2\/product\/327","targetHints":{"allow":["GET"]}}],"collection":[{"href":"https:\/\/marketplace.epassi.fi\/tuplakasi-action\/wp-json\/wp\/v2\/product"}],"about":[{"href":"https:\/\/marketplace.epassi.fi\/tuplakasi-action\/wp-json\/wp\/v2\/types\/product"}],"replies":[{"embeddable":true,"href":"https:\/\/marketplace.epassi.fi\/tuplakasi-action\/wp-json\/wp\/v2\/comments?post=327"}],"wp:featuredmedia":[{"embeddable":true,"href":"https:\/\/marketplace.epassi.fi\/tuplakasi-action\/wp-json\/wp\/v2\/media\/328"}],"wp:attachment":[{"href":"https:\/\/marketplace.epassi.fi\/tuplakasi-action\/wp-json\/wp\/v2\/media?parent=327"}],"wp:term":[{"taxonomy":"product_brand","embeddable":true,"href":"https:\/\/marketplace.epassi.fi\/tuplakasi-action\/wp-json\/wp\/v2\/product_brand?post=327"},{"taxonomy":"product_cat","embeddable":true,"href":"https:\/\/marketplace.epassi.fi\/tuplakasi-action\/wp-json\/wp\/v2\/product_cat?post=327"},{"taxonomy":"product_tag","embeddable":true,"href":"https:\/\/marketplace.epassi.fi\/tuplakasi-action\/wp-json\/wp\/v2\/product_tag?post=327"}],"curies":[{"name":"wp","href":"https:\/\/api.w.org\/{rel}","templated":true}]}}