{"id":290,"date":"2021-10-20T17:09:46","date_gmt":"2021-10-20T14:09:46","guid":{"rendered":"https:\/\/marketplace.epassi.fi\/turunjyry\/?post_type=product&#038;p=290"},"modified":"2026-01-04T11:27:54","modified_gmt":"2026-01-04T09:27:54","slug":"tuotteen-nimi","status":"publish","type":"product","link":"https:\/\/marketplace.epassi.fi\/turunjyry\/kauppa\/liikuntaedut\/ryhmaliikunta\/tuotteen-nimi\/","title":{"rendered":"Sarjaliput  kev\u00e4t-syksy 2026  15 kpl"},"content":{"rendered":"<p>Kev\u00e4\u00e4ll\u00e4 2026 hankitut lippuvihot ovat voimassa\u00a0 syyskauden 2026 loppuun .<\/p>\n<p>Syksyll\u00e4 hankittu Sarjaliput 15 krt on voimassa kev\u00e4tkauden 2026 loppuun<\/p>\n<p>Lis\u00e4ksi laskutetaan\u00a0 j\u00e4senmaksu kerran vuodessa , vuonna 2026 maksu on\u00a0 20 \u20ac.<\/p>\n","protected":false},"excerpt":{"rendered":"<p>Kev\u00e4\u00e4n Sarjaliput :15 kpl lippuja ,jotka k\u00e4yv\u00e4t viikkokalenterin kaikilla tunneilla paitsi kursseilla.<\/p>\n<p>Kev\u00e4tkaudella 2026 hankitut Sarjalaiput on voimassa syyskauden 2026 loppuun.<\/p>\n","protected":false},"featured_media":310,"comment_status":"open","ping_status":"closed","template":"","meta":{"_acf_changed":false,"_kad_post_transparent":"default","_kad_post_title":"","_kad_post_layout":"default","_kad_post_sidebar_id":"","_kad_post_content_style":"default","_kad_post_vertical_padding":"default","_kad_post_feature":"","_kad_post_feature_position":"","_kad_post_header":false,"_kad_post_footer":false,"_kad_post_classname":""},"product_brand":[],"product_cat":[19,27],"product_tag":[],"class_list":{"0":"post-290","1":"product","2":"type-product","3":"status-publish","4":"has-post-thumbnail","6":"product_cat-liikuntaedut","7":"product_cat-ryhmaliikunta","9":"first","10":"instock","11":"virtual","12":"purchasable","13":"product-type-simple","14":"entry","15":"content-bg","16":"loop-entry"},"acf":[],"_links":{"self":[{"href":"https:\/\/marketplace.epassi.fi\/turunjyry\/wp-json\/wp\/v2\/product\/290","targetHints":{"allow":["GET"]}}],"collection":[{"href":"https:\/\/marketplace.epassi.fi\/turunjyry\/wp-json\/wp\/v2\/product"}],"about":[{"href":"https:\/\/marketplace.epassi.fi\/turunjyry\/wp-json\/wp\/v2\/types\/product"}],"replies":[{"embeddable":true,"href":"https:\/\/marketplace.epassi.fi\/turunjyry\/wp-json\/wp\/v2\/comments?post=290"}],"wp:featuredmedia":[{"embeddable":true,"href":"https:\/\/marketplace.epassi.fi\/turunjyry\/wp-json\/wp\/v2\/media\/310"}],"wp:attachment":[{"href":"https:\/\/marketplace.epassi.fi\/turunjyry\/wp-json\/wp\/v2\/media?parent=290"}],"wp:term":[{"taxonomy":"product_brand","embeddable":true,"href":"https:\/\/marketplace.epassi.fi\/turunjyry\/wp-json\/wp\/v2\/product_brand?post=290"},{"taxonomy":"product_cat","embeddable":true,"href":"https:\/\/marketplace.epassi.fi\/turunjyry\/wp-json\/wp\/v2\/product_cat?post=290"},{"taxonomy":"product_tag","embeddable":true,"href":"https:\/\/marketplace.epassi.fi\/turunjyry\/wp-json\/wp\/v2\/product_tag?post=290"}],"curies":[{"name":"wp","href":"https:\/\/api.w.org\/{rel}","templated":true}]}}