{"id":22,"date":"2021-09-13T17:45:59","date_gmt":"2021-09-13T17:45:59","guid":{"rendered":"https:\/\/marketplace.epassi.fi\/tyostajatar\/?page_id=22"},"modified":"2021-10-12T10:57:35","modified_gmt":"2021-10-12T10:57:35","slug":"info","status":"publish","type":"page","link":"https:\/\/marketplace.epassi.fi\/tyostajatar\/info\/","title":{"rendered":"Info"},"content":{"rendered":"\n\t<div class=\"entry-content single-content\">\n\n\t\t<div class=\"wp-block-columns\" style=\"gap:30px\">\n\t\t\t<div class=\"wp-block-column\">\n\t\t\t\t<h2>Toiminnallista taidety\u00f6skentely\u00e4 ensikertalaisille<\/h2>\n\t\t\t\t<p><p>Tarjoan et\u00e4n\u00e4 ohjattua toiminnallista taidety\u00f6skentely\u00e4, joka perustuu itse tekemiseen ja selke\u00e4\u00e4n ohjaukseen. Ty\u00f6skentelyss\u00e4 hy\u00f6dynnet\u00e4\u00e4n taideterapeuttisia menetelmi\u00e4 kuvallisen ilmaisun tukena, ilman suorituspaineita tai vaatimuksia taiteellisesta osaamisesta.<\/p>\n<p>Kokonaisuudet on suunniteltu erityisesti ensikertalaisille ja niille, jotka haluavat tutustua toiminnalliseen taidety\u00f6skentelyyn matalalla kynnyksell\u00e4. Keski\u00f6ss\u00e4 on tekemisen prosessi, ei lopputulos tai tulkinta.<\/p>\n<p>Kursseilla ty\u00f6skentely tapahtuu ohjattuna kokonaisuutena kirjallisessa sek\u00e4 kuunneltavassa ja katsottavassa muodossa. Harjoituksissa k\u00e4ytet\u00e4\u00e4n tavanomaisia kuvataidev\u00e4lineit\u00e4, joita l\u00f6ytyy useimmiten jo kotoa, kuten paperia ja kyni\u00e4.<\/p>\n<p>Oppaana toimii ratkaisukeskeinen ty\u00f6nohjaaja ja kuvataideterapeutti,<br \/>\nKaroliina Kosmaa<br \/>\ntyostajatar.com<\/p>\n<p>Taidekurssit eiv\u00e4t johda tutkintoon eik\u00e4 niit\u00e4 voi k\u00e4ytt\u00e4\u00e4 tutkinnon osana.<\/p>\n<\/p>\n\t\t\t\t<h3>Ty\u00f6st\u00e4j\u00e4t\u00e4r<\/h3>\n\t\t\t\t<p><br>\n\t\t\t\t\t <\/p>\n\t\t\t\t<p><a href=\"tel:\"><\/a><\/p>\n\t\t\t\t<p><a href=\"mailto:\"><\/a><\/p>\n\n\t\t\t\t\t\t\t<\/div>\n\n\t\t\t<div class=\"wp-block-column\">\n\t\t\t\t<figure class=\"wp-block-image size-large\"><img loading=\"lazy\" decoding=\"async\" width=\"768\" height=\"644\" src=\"https:\/\/marketplace.epassi.fi\/tyostajatar\/wp-content\/uploads\/sites\/433\/2026\/01\/info-768x644.png\" class=\"attachment-medium_large size-medium_large\" alt=\"\" \/><\/figure>\n\t\t\t<\/div>\n\t\t<\/div>\n\t<\/div>\n\t\n","protected":false},"excerpt":{"rendered":"","protected":false},"author":2,"featured_media":0,"parent":0,"menu_order":0,"comment_status":"closed","ping_status":"closed","template":"","meta":{"_acf_changed":false,"_kad_post_transparent":"","_kad_post_title":"","_kad_post_layout":"","_kad_post_sidebar_id":"","_kad_post_content_style":"","_kad_post_vertical_padding":"","_kad_post_feature":"","_kad_post_feature_position":"","_kad_post_header":false,"_kad_post_footer":false,"_kad_post_classname":"","footnotes":""},"class_list":["post-22","page","type-page","status-publish","hentry"],"acf":[],"_links":{"self":[{"href":"https:\/\/marketplace.epassi.fi\/tyostajatar\/wp-json\/wp\/v2\/pages\/22","targetHints":{"allow":["GET"]}}],"collection":[{"href":"https:\/\/marketplace.epassi.fi\/tyostajatar\/wp-json\/wp\/v2\/pages"}],"about":[{"href":"https:\/\/marketplace.epassi.fi\/tyostajatar\/wp-json\/wp\/v2\/types\/page"}],"author":[{"embeddable":true,"href":"https:\/\/marketplace.epassi.fi\/tyostajatar\/wp-json\/wp\/v2\/users\/2"}],"replies":[{"embeddable":true,"href":"https:\/\/marketplace.epassi.fi\/tyostajatar\/wp-json\/wp\/v2\/comments?post=22"}],"version-history":[{"count":10,"href":"https:\/\/marketplace.epassi.fi\/tyostajatar\/wp-json\/wp\/v2\/pages\/22\/revisions"}],"predecessor-version":[{"id":264,"href":"https:\/\/marketplace.epassi.fi\/tyostajatar\/wp-json\/wp\/v2\/pages\/22\/revisions\/264"}],"wp:attachment":[{"href":"https:\/\/marketplace.epassi.fi\/tyostajatar\/wp-json\/wp\/v2\/media?parent=22"}],"curies":[{"name":"wp","href":"https:\/\/api.w.org\/{rel}","templated":true}]}}