{"id":342,"date":"2026-01-18T13:24:13","date_gmt":"2026-01-18T11:24:13","guid":{"rendered":"https:\/\/marketplace.epassi.fi\/tyostajatar\/?post_type=product&#038;p=342"},"modified":"2026-01-19T18:12:10","modified_gmt":"2026-01-19T16:12:10","slug":"yksiloohjaus-kuvalliseen-tyoskentelyyn-ensikertalaisille-45-min","status":"publish","type":"product","link":"https:\/\/marketplace.epassi.fi\/tyostajatar\/kauppa\/kulttuuriedut\/yksiloohjaus-kuvalliseen-tyoskentelyyn-ensikertalaisille-45-min\/","title":{"rendered":"Yksil\u00f6ohjaus kuvalliseen itseilmaisuun \u2013 ensikertalaiselle (45 min) et\u00e4n\u00e4"},"content":{"rendered":"<p>Ty\u00f6skentelyn l\u00e4ht\u00f6kohtana on itse tekeminen. Itse tekemisen kautta pys\u00e4hdyt\u00e4\u00e4n sinun t\u00e4m\u00e4nhetkisen tilanteesi \u00e4\u00e4relle ja tutkitaan sit\u00e4 rauhallisesti luovien ja kuvallisten ty\u00f6skentelymenetelmien avulla.<\/p>\n<p>Harjoituksissa ei analysoida teoksia eik\u00e4 pyrit\u00e4 tulkintoihin, vaan keskityt\u00e4\u00e4n kokemukselliseen ty\u00f6skentelyyn ja siihen, milt\u00e4 tekeminen tuntuu juuri t\u00e4ss\u00e4 hetkess\u00e4. 45 minuutin kokonaisuus mahdollistaa turvallisen ja rajatun kokeilun, joka auttaa tutustumaan kuvalliseen ty\u00f6skentelyyn rauhallisesti ja omaa kokemusta kuunnellen.<\/p>\n<p>Aiempaa kokemusta taiteen tekemisest\u00e4 ei tarvita, eik\u00e4 osallistuminen edellyt\u00e4 luovuutta tai taiteellisuutta. T\u00e4m\u00e4 on tarkoitettu sinulle, joka haluat tutustua taideterapeuttisiin menetelmiin matalalla kynnyksell\u00e4 ja kokeilla, milt\u00e4 yksil\u00f6ohjaus kuvalliseen itseilmaisuun tuntuu.<\/p>\n<p>&nbsp;<\/p>\n<h2><b>Yksil\u00f6ohjaus sis\u00e4lt\u00e4\u00e4<\/b><\/h2>\n<ul>\n<li>ohjeistuksen ennen yhteisesti sovittua ajankohtaa<\/li>\n<li>ohjatun aloituksen ja sinun tilanteen l\u00e4pik\u00e4ynti\u00e4<\/li>\n<li>yhden tai kaksi lempe\u00e4\u00e4, kuvallista ja toiminnallista harjoitusta<\/li>\n<li>ohjatun p\u00e4\u00e4t\u00f6ksen<\/li>\n<\/ul>\n<p>&nbsp;<\/p>\n<h2><b>Kenelle yksil\u00f6ohjaus sopii<\/b><\/h2>\n<ul>\n<li data-start=\"118\" data-end=\"182\">sinulle, joka haluat pys\u00e4hty\u00e4 oman tilanteesi \u00e4\u00e4relle rauhassa<\/li>\n<li data-start=\"185\" data-end=\"256\">sinulle, joka haluat kokeilla taideterapeuttisia menetelmi\u00e4 ohjatusti<\/li>\n<li data-start=\"259\" data-end=\"338\">sinulle, joka etsit kokemuksellista ja tekemiseen perustuvaa ty\u00f6skentelytapaa<\/li>\n<li data-start=\"341\" data-end=\"410\">sinulle, jolla ei ole aiempaa kokemusta kuvallisesta ty\u00f6skentelyst\u00e4<\/li>\n<\/ul>\n<p>&nbsp;<\/p>\n<h2>Hyv\u00e4 tiet\u00e4\u00e4<\/h2>\n<p>Yksil\u00f6ohjaus on toiminnallinen taidekurssi, ei terapiaa tai hoitoa. Materiaalihankinnat eiv\u00e4t sis\u00e4lly kurssiin. Ty\u00f6skentelyss\u00e4 hy\u00f6dynnet\u00e4\u00e4n tavanomaisia kuvataidev\u00e4lineit\u00e4, joita l\u00f6ytyy useimmiten jo kotoa. Ty\u00f6skentely perustuu kuvataiteellisiin harjoituksiin ja itse tekemiseen, eik\u00e4 edellyt\u00e4 aiempaa kokemusta kuvallisesta ty\u00f6skentelyst\u00e4. Yksil\u00f6ohjaukset eiv\u00e4t johda tutkintoon eiv\u00e4tk\u00e4 ole osa tutkintoon johtavaa koulutusta.<\/p>\n<p>&nbsp;<\/p>\n<h2>K\u00e4ytt\u00f6\u00f6notto<\/h2>\n<ol>\n<li>Valitse palvelu ja maksa Epassissa.<\/li>\n<li>L\u00e4het\u00e4 s\u00e4hk\u00f6postilla maksutosite sek\u00e4 kolme sinulle sopivaa ajankohtavaihtoehtoa (ensikertalaiset: arkip\u00e4ivisin klo 16\u201318) osoitteeseen karoliina.kosmaa@tyostajatar.com. Palvelu on k\u00e4ytett\u00e4v\u00e4 2 kuukauden kuluessa ostop\u00e4iv\u00e4st\u00e4.<\/li>\n<li>Saat s\u00e4hk\u00f6postilla vahvistuksen ajankohdasta ja ohjeet yksil\u00f6ohjaukseen et\u00e4n\u00e4 1\u20132 arkip\u00e4iv\u00e4n kuluessa.<\/li>\n<\/ol>\n","protected":false},"excerpt":{"rendered":"<p>Yksil\u00f6ohjaus toteutetaan ohjattuna ja selke\u00e4n\u00e4 kokonaisuutena Teams-et\u00e4yhteyden avulla. T\u00e4m\u00e4 ohjaus on suunniteltu erityisesti ensikertalaisille, jotka haluavat kokeilla kuvallista itseilmaisua matalalla kynnyksell\u00e4, ilman suorituspaineita.<\/p>\n<p>Ohjaus on tarkoitettu sinulle, joka olet utelias kokeilemaan, milt\u00e4 ohjattu kuvallinen ty\u00f6skentely tuntuu. Saat selke\u00e4t ohjeet ty\u00f6skentelyyn eik\u00e4 aiempaa kokemusta kuvallisesta itseilmaisusta tai taiteen tekemisest\u00e4 tarvita.<\/p>\n","protected":false},"featured_media":339,"comment_status":"open","ping_status":"closed","template":"","meta":{"_acf_changed":false,"_kad_post_transparent":"default","_kad_post_title":"","_kad_post_layout":"default","_kad_post_sidebar_id":"","_kad_post_content_style":"default","_kad_post_vertical_padding":"default","_kad_post_feature":"","_kad_post_feature_position":"","_kad_post_header":false,"_kad_post_footer":false,"_kad_post_classname":""},"product_brand":[],"product_cat":[20],"product_tag":[],"class_list":{"0":"post-342","1":"product","2":"type-product","3":"status-publish","4":"has-post-thumbnail","6":"product_cat-kulttuuriedut","8":"first","9":"instock","10":"virtual","11":"taxable","12":"purchasable","13":"product-type-simple","14":"entry","15":"content-bg","16":"loop-entry"},"acf":[],"_links":{"self":[{"href":"https:\/\/marketplace.epassi.fi\/tyostajatar\/wp-json\/wp\/v2\/product\/342","targetHints":{"allow":["GET"]}}],"collection":[{"href":"https:\/\/marketplace.epassi.fi\/tyostajatar\/wp-json\/wp\/v2\/product"}],"about":[{"href":"https:\/\/marketplace.epassi.fi\/tyostajatar\/wp-json\/wp\/v2\/types\/product"}],"replies":[{"embeddable":true,"href":"https:\/\/marketplace.epassi.fi\/tyostajatar\/wp-json\/wp\/v2\/comments?post=342"}],"wp:featuredmedia":[{"embeddable":true,"href":"https:\/\/marketplace.epassi.fi\/tyostajatar\/wp-json\/wp\/v2\/media\/339"}],"wp:attachment":[{"href":"https:\/\/marketplace.epassi.fi\/tyostajatar\/wp-json\/wp\/v2\/media?parent=342"}],"wp:term":[{"taxonomy":"product_brand","embeddable":true,"href":"https:\/\/marketplace.epassi.fi\/tyostajatar\/wp-json\/wp\/v2\/product_brand?post=342"},{"taxonomy":"product_cat","embeddable":true,"href":"https:\/\/marketplace.epassi.fi\/tyostajatar\/wp-json\/wp\/v2\/product_cat?post=342"},{"taxonomy":"product_tag","embeddable":true,"href":"https:\/\/marketplace.epassi.fi\/tyostajatar\/wp-json\/wp\/v2\/product_tag?post=342"}],"curies":[{"name":"wp","href":"https:\/\/api.w.org\/{rel}","templated":true}]}}