{"id":22,"date":"2021-09-13T17:45:59","date_gmt":"2021-09-13T17:45:59","guid":{"rendered":"https:\/\/marketplace.epassi.fi\/uittamon-kuntosali\/?page_id=22"},"modified":"2021-10-12T10:57:35","modified_gmt":"2021-10-12T10:57:35","slug":"info","status":"publish","type":"page","link":"https:\/\/marketplace.epassi.fi\/uittamon-kuntosali\/info\/","title":{"rendered":"Info"},"content":{"rendered":"\n\t<div class=\"entry-content single-content\">\n\n\t\t<div class=\"wp-block-columns\" style=\"gap:30px\">\n\t\t\t<div class=\"wp-block-column\">\n\t\t\t\t<h2>Paikallinen matalan kynnyksen l\u00e4hi\u00f6sali<\/h2>\n\t\t\t\t<p><p>Matalan kynnyksen l\u00e4hi\u00f6sali Turussa. J\u00e4rjest\u00e4mme ryhm\u00e4liikuntaa, kursseja ja kuntosaliohjausta. Meilt\u00e4 onnistuu hankkia henkil\u00f6kohtaisesti sinulle r\u00e4\u00e4t\u00e4l\u00f6ity kuntosaliohjelma et\u00e4n\u00e4 tai paikan p\u00e4\u00e4ll\u00e4 ohjattuna.<\/p>\n<\/p>\n\t\t\t\t<h3>Uittamon kuntosali<\/h3>\n\t\t\t\t<p>Kannuskatu 5<br>\n\t\t\t\t\t20880 Turku<\/p>\n\t\t\t\t<p><a href=\"tel:044 9759 311\">044 9759 311<\/a><\/p>\n\t\t\t\t<p><a href=\"mailto:info@uittamonkuntosali.fi\">info@uittamonkuntosali.fi<\/a><\/p>\n\n\t\t\t\t<h2>Toimipisteet<\/h2><div class=\"info-page-location-list\"><div class=\"info-page-location\"><h3>Uittamon Kuntosali<\/h3><p>Kannuskatu 5, 20880 Turku<\/p><p><a href=\"tel:044 9759 311\">044 9759 311<\/a><br><a href=\"mail:info@uittamonkuntosali.fi\">info@uittamonkuntosali.fi<\/a><p><a href=\"https:\/\/www.google.com\/maps\/search\/?api=1&query=Google&query_place_id=ChIJFwEfaRR3jEYRJ4xxVctSZaw\">Katso sijainti kartalla <span>&#8599;<\/span><\/a><\/p><\/p><p>Paikallinen perheyritys Turussa. Me olemme alueen kotoisin matalan kynnyksen kuntosali.<\/p><\/div><div class=\"info-page-location\"><h3>Uittamon kuntosali <\/h3><p>Kannuskatu , 20880 Turku<\/p><p><a href=\"mail:info@uittamonkuntosali.fi\">info@uittamonkuntosali.fi<\/a><p><a href=\"https:\/\/www.google.com\/maps\/search\/?api=1&query=Google&query_place_id=EiBLYW5udXNrYXR1LCAyMDg4MCBUdXJrdSwgRmlubGFuZCIuKiwKFAoSCdViKWYUd4xGEYVJPGzaxneKEhQKEgmRBImBhHWMRhHW5LpkpHp1ow\">Katso sijainti kartalla <span>&#8599;<\/span><\/a><\/p><\/p><p><\/p><\/div><div class=\"info-page-location\"><h3><\/h3><p><\/p><p><\/p><\/div><\/div>\t\t\t<\/div>\n\n\t\t\t<div class=\"wp-block-column\">\n\t\t\t\t<figure class=\"wp-block-image size-large\"><img loading=\"lazy\" decoding=\"async\" width=\"768\" height=\"1152\" src=\"https:\/\/marketplace.epassi.fi\/uittamon-kuntosali\/wp-content\/uploads\/sites\/410\/2024\/10\/Uittamonkuntosali-111-of-265-768x1152.jpg\" class=\"attachment-medium_large size-medium_large\" alt=\"\" \/><\/figure>\n\t\t\t<\/div>\n\t\t<\/div>\n\t<\/div>\n\t\n","protected":false},"excerpt":{"rendered":"","protected":false},"author":2,"featured_media":0,"parent":0,"menu_order":0,"comment_status":"closed","ping_status":"closed","template":"","meta":{"_acf_changed":false,"_kad_post_transparent":"","_kad_post_title":"","_kad_post_layout":"","_kad_post_sidebar_id":"","_kad_post_content_style":"","_kad_post_vertical_padding":"","_kad_post_feature":"","_kad_post_feature_position":"","_kad_post_header":false,"_kad_post_footer":false,"_kad_post_classname":"","footnotes":""},"class_list":["post-22","page","type-page","status-publish","hentry"],"acf":[],"_links":{"self":[{"href":"https:\/\/marketplace.epassi.fi\/uittamon-kuntosali\/wp-json\/wp\/v2\/pages\/22","targetHints":{"allow":["GET"]}}],"collection":[{"href":"https:\/\/marketplace.epassi.fi\/uittamon-kuntosali\/wp-json\/wp\/v2\/pages"}],"about":[{"href":"https:\/\/marketplace.epassi.fi\/uittamon-kuntosali\/wp-json\/wp\/v2\/types\/page"}],"author":[{"embeddable":true,"href":"https:\/\/marketplace.epassi.fi\/uittamon-kuntosali\/wp-json\/wp\/v2\/users\/2"}],"replies":[{"embeddable":true,"href":"https:\/\/marketplace.epassi.fi\/uittamon-kuntosali\/wp-json\/wp\/v2\/comments?post=22"}],"version-history":[{"count":10,"href":"https:\/\/marketplace.epassi.fi\/uittamon-kuntosali\/wp-json\/wp\/v2\/pages\/22\/revisions"}],"predecessor-version":[{"id":264,"href":"https:\/\/marketplace.epassi.fi\/uittamon-kuntosali\/wp-json\/wp\/v2\/pages\/22\/revisions\/264"}],"wp:attachment":[{"href":"https:\/\/marketplace.epassi.fi\/uittamon-kuntosali\/wp-json\/wp\/v2\/media?parent=22"}],"curies":[{"name":"wp","href":"https:\/\/api.w.org\/{rel}","templated":true}]}}