{"id":290,"date":"2021-10-20T17:09:46","date_gmt":"2021-10-20T17:09:46","guid":{"rendered":"https:\/\/marketplace.epassi.fi\/uittamon-kuntosali\/?post_type=product&#038;p=290"},"modified":"2026-01-01T05:02:06","modified_gmt":"2026-01-01T03:02:06","slug":"ryhmaliikunnan-kertamaksu","status":"publish","type":"product","link":"https:\/\/marketplace.epassi.fi\/uittamon-kuntosali\/kauppa\/liikuntaedut\/ryhmaliikunta\/ryhmaliikunnan-kertamaksu\/","title":{"rendered":"Ryhm\u00e4liikunnan kertamaksu"},"content":{"rendered":"<p>Uittamon kuntosalin ryhm\u00e4liikuntatarjonnasta l\u00f6yd\u00e4t sek\u00e4 helppoja matalan kynnyksen treenej\u00e4 aloittelijoille, ett\u00e4 raskaampia tunteja, joissa p\u00e4\u00e4set haastamaan itsesi ja oppimaan uutta!<\/p>\n<p>Salimme on Turun kotoisin l\u00e4hi\u00f6sali, jossa on matala kynnys liikuntaharrastuksen aloittamiseen!<\/p>\n<p>Tuntivalikoimassamme talvella 2026:<\/p>\n<p>HIIT &#8217;n&#8217; TWERK, Kehonhuolto, YinJooga, HIIT+Voima, \u00c4ijien kehonhuolto, Twerk alkeet, Toiminnallinen treeni, Kuntonyrkkeily, Yl\u00e4vartalo+Kehonhuolto, KuntosaliCircuit, PhysioPilates ja paljon muuta!<\/p>\n<p>Katso lis\u00e4\u00e4: <a href=\"https:\/\/uittamonkuntosali.fi\/palvelut\/ryhmaliikunta\/\">https:\/\/uittamonkuntosali.fi\/palvelut\/ryhmaliikunta\/<\/a><\/p>\n<p>&nbsp;<\/p>\n<p>Markkinapaikalta ostetut kertamaksut ovat voimassa 31.7.2026 asti!<\/p>\n","protected":false},"excerpt":{"rendered":"<p>Tule kokeilemaan matalan kynnyksen ryhm\u00e4liikuntaa hyv\u00e4ss\u00e4 porukassa!<\/p>\n","protected":false},"featured_media":336,"comment_status":"open","ping_status":"closed","template":"","meta":{"_acf_changed":false,"_kad_post_transparent":"default","_kad_post_title":"","_kad_post_layout":"default","_kad_post_sidebar_id":"","_kad_post_content_style":"default","_kad_post_vertical_padding":"default","_kad_post_feature":"","_kad_post_feature_position":"","_kad_post_header":false,"_kad_post_footer":false,"_kad_post_classname":""},"product_brand":[],"product_cat":[19,27],"product_tag":[],"class_list":{"0":"post-290","1":"product","2":"type-product","3":"status-publish","4":"has-post-thumbnail","6":"product_cat-liikuntaedut","7":"product_cat-ryhmaliikunta","9":"first","10":"instock","11":"virtual","12":"taxable","13":"purchasable","14":"product-type-simple","15":"entry","16":"content-bg","17":"loop-entry"},"acf":[],"_links":{"self":[{"href":"https:\/\/marketplace.epassi.fi\/uittamon-kuntosali\/wp-json\/wp\/v2\/product\/290","targetHints":{"allow":["GET"]}}],"collection":[{"href":"https:\/\/marketplace.epassi.fi\/uittamon-kuntosali\/wp-json\/wp\/v2\/product"}],"about":[{"href":"https:\/\/marketplace.epassi.fi\/uittamon-kuntosali\/wp-json\/wp\/v2\/types\/product"}],"replies":[{"embeddable":true,"href":"https:\/\/marketplace.epassi.fi\/uittamon-kuntosali\/wp-json\/wp\/v2\/comments?post=290"}],"wp:featuredmedia":[{"embeddable":true,"href":"https:\/\/marketplace.epassi.fi\/uittamon-kuntosali\/wp-json\/wp\/v2\/media\/336"}],"wp:attachment":[{"href":"https:\/\/marketplace.epassi.fi\/uittamon-kuntosali\/wp-json\/wp\/v2\/media?parent=290"}],"wp:term":[{"taxonomy":"product_brand","embeddable":true,"href":"https:\/\/marketplace.epassi.fi\/uittamon-kuntosali\/wp-json\/wp\/v2\/product_brand?post=290"},{"taxonomy":"product_cat","embeddable":true,"href":"https:\/\/marketplace.epassi.fi\/uittamon-kuntosali\/wp-json\/wp\/v2\/product_cat?post=290"},{"taxonomy":"product_tag","embeddable":true,"href":"https:\/\/marketplace.epassi.fi\/uittamon-kuntosali\/wp-json\/wp\/v2\/product_tag?post=290"}],"curies":[{"name":"wp","href":"https:\/\/api.w.org\/{rel}","templated":true}]}}