{"id":334,"date":"2024-10-25T17:52:22","date_gmt":"2024-10-25T14:52:22","guid":{"rendered":"https:\/\/marketplace.epassi.fi\/uittamon-kuntosali\/?post_type=product&#038;p=334"},"modified":"2025-12-20T21:45:38","modified_gmt":"2025-12-20T19:45:38","slug":"kurssi-tai-workshop-turussa","status":"publish","type":"product","link":"https:\/\/marketplace.epassi.fi\/uittamon-kuntosali\/kauppa\/liikuntaedut\/kuntosali\/kurssi-tai-workshop-turussa\/","title":{"rendered":"Kuntosalin alkeiskurssi Turussa"},"content":{"rendered":"<p>Uittamon kuntosali j\u00e4rjest\u00e4\u00e4 yksil\u00f6llisi\u00e4 kuntosalin alkeiskursseja Turussa. Yhden kurssin kesto on useimmiten noin 60-75 min.<\/p>\n<p>Valikoimastamme l\u00f6yd\u00e4t seuraavat kurssit talvella 2025-2026:<\/p>\n<p>Kuntosalin alkeiskurssi<\/p>\n<p>Kuntosalin jatkokurssi<\/p>\n<p>Kuntosalikurssi istumaty\u00f6ntekij\u00e4lle<\/p>\n<p>Kuntosalilla tapahtuvissa ohjauksissa ryhm\u00e4ss\u00e4 on maksimissaan kolmesta viiteen osallistujaa ohjaajaa kohden, joten saat aina henkil\u00f6kohtaista opastusta tekniikassa.<\/p>\n<p>Lis\u00e4tiedot: https:\/\/uittamonkuntosali.fi\/palvelut\/kuntosalikurssi-turku\/<\/p>\n<p>Ilmoittaudu mukaan: info@uittamonkuntosali.fi<\/p>\n<p>&nbsp;<\/p>\n","protected":false},"excerpt":{"rendered":"<p>Uittamon kuntosali j\u00e4rjest\u00e4\u00e4 yksil\u00f6llisi\u00e4 kuntosalin alkeiskursseja Turussa. Yhden kurssin kesto on useimmiten noin 60-75 min. Valikoimastamme l\u00f6yd\u00e4t seuraavat kurssit talvella 2025-2026: Kuntosalin alkeiskurssi Kuntosalin jatkokurssi Kuntosalikurssi istumaty\u00f6ntekij\u00e4lle Kuntosalilla tapahtuvissa ohjauksissa ryhm\u00e4ss\u00e4 on maksimissaan kolmesta viiteen osallistujaa ohjaajaa kohden, joten saat aina henkil\u00f6kohtaista opastusta tekniikassa. Lis\u00e4tiedot: https:\/\/uittamonkuntosali.fi\/palvelut\/kuntosalikurssi-turku\/ Ilmoittaudu mukaan: info@uittamonkuntosali.fi &nbsp;<\/p>\n","protected":false},"featured_media":335,"comment_status":"open","ping_status":"closed","template":"","meta":{"_acf_changed":false,"_kad_post_transparent":"default","_kad_post_title":"","_kad_post_layout":"default","_kad_post_sidebar_id":"","_kad_post_content_style":"default","_kad_post_vertical_padding":"default","_kad_post_feature":"","_kad_post_feature_position":"","_kad_post_header":false,"_kad_post_footer":false,"_kad_post_classname":""},"product_brand":[],"product_cat":[23,19,27],"product_tag":[],"class_list":{"0":"post-334","1":"product","2":"type-product","3":"status-publish","4":"has-post-thumbnail","6":"product_cat-kuntosali","7":"product_cat-liikuntaedut","8":"product_cat-ryhmaliikunta","10":"first","11":"instock","12":"taxable","13":"shipping-taxable","14":"purchasable","15":"product-type-simple","16":"entry","17":"content-bg","18":"loop-entry"},"acf":[],"_links":{"self":[{"href":"https:\/\/marketplace.epassi.fi\/uittamon-kuntosali\/wp-json\/wp\/v2\/product\/334","targetHints":{"allow":["GET"]}}],"collection":[{"href":"https:\/\/marketplace.epassi.fi\/uittamon-kuntosali\/wp-json\/wp\/v2\/product"}],"about":[{"href":"https:\/\/marketplace.epassi.fi\/uittamon-kuntosali\/wp-json\/wp\/v2\/types\/product"}],"replies":[{"embeddable":true,"href":"https:\/\/marketplace.epassi.fi\/uittamon-kuntosali\/wp-json\/wp\/v2\/comments?post=334"}],"wp:featuredmedia":[{"embeddable":true,"href":"https:\/\/marketplace.epassi.fi\/uittamon-kuntosali\/wp-json\/wp\/v2\/media\/335"}],"wp:attachment":[{"href":"https:\/\/marketplace.epassi.fi\/uittamon-kuntosali\/wp-json\/wp\/v2\/media?parent=334"}],"wp:term":[{"taxonomy":"product_brand","embeddable":true,"href":"https:\/\/marketplace.epassi.fi\/uittamon-kuntosali\/wp-json\/wp\/v2\/product_brand?post=334"},{"taxonomy":"product_cat","embeddable":true,"href":"https:\/\/marketplace.epassi.fi\/uittamon-kuntosali\/wp-json\/wp\/v2\/product_cat?post=334"},{"taxonomy":"product_tag","embeddable":true,"href":"https:\/\/marketplace.epassi.fi\/uittamon-kuntosali\/wp-json\/wp\/v2\/product_tag?post=334"}],"curies":[{"name":"wp","href":"https:\/\/api.w.org\/{rel}","templated":true}]}}