{"id":348,"date":"2024-12-29T23:23:09","date_gmt":"2024-12-29T21:23:09","guid":{"rendered":"https:\/\/marketplace.epassi.fi\/uittamon-kuntosali\/?post_type=product&#038;p=348"},"modified":"2025-12-20T21:51:55","modified_gmt":"2025-12-20T19:51:55","slug":"henkilokohtainen-saliohjaus","status":"publish","type":"product","link":"https:\/\/marketplace.epassi.fi\/uittamon-kuntosali\/kauppa\/yleinen\/henkilokohtainen-saliohjaus\/","title":{"rendered":"Henkil\u00f6kohtainen kuntosaliohjaus ja ohjelma"},"content":{"rendered":"<p>Henkil\u00f6kohtainen kuntosaliohjaus Uittamon kuntosalilla Turussa tai et\u00e4n\u00e4 esim. Zoomin v\u00e4lityksell\u00e4.<\/p>\n<p>Ohjaus sopii esimerkiksi kuntosalitreenien aloittamiseen Ohjauksessa saat varmuutta liikkeiden suoritustekniikkaan ja opastusta laitteiden k\u00e4ytt\u00f6\u00f6n.<\/p>\n<p>Kuntosaliohjauksia tekev\u00e4t kuntosaliohjaajamme Erik ja Helmi.<\/p>\n<p>Ajanvaraus: info@uittamonkuntosali.fi<\/p>\n<p>Kuntosaliohjaus sis\u00e4lt\u00e4\u00e4 my\u00f6s kuvallisen saliohjelman.<\/p>\n","protected":false},"excerpt":{"rendered":"<p>Henkil\u00f6kohtainen ohjaus ja ohjelma.<\/p>\n","protected":false},"featured_media":350,"comment_status":"open","ping_status":"closed","template":"","meta":{"_acf_changed":false,"_kad_post_transparent":"default","_kad_post_title":"","_kad_post_layout":"default","_kad_post_sidebar_id":"","_kad_post_content_style":"default","_kad_post_vertical_padding":"default","_kad_post_feature":"","_kad_post_feature_position":"","_kad_post_header":false,"_kad_post_footer":false,"_kad_post_classname":""},"product_brand":[],"product_cat":[15],"product_tag":[],"class_list":{"0":"post-348","1":"product","2":"type-product","3":"status-publish","4":"has-post-thumbnail","6":"product_cat-yleinen","8":"first","9":"instock","10":"taxable","11":"shipping-taxable","12":"purchasable","13":"product-type-simple","14":"entry","15":"content-bg","16":"loop-entry"},"acf":[],"_links":{"self":[{"href":"https:\/\/marketplace.epassi.fi\/uittamon-kuntosali\/wp-json\/wp\/v2\/product\/348","targetHints":{"allow":["GET"]}}],"collection":[{"href":"https:\/\/marketplace.epassi.fi\/uittamon-kuntosali\/wp-json\/wp\/v2\/product"}],"about":[{"href":"https:\/\/marketplace.epassi.fi\/uittamon-kuntosali\/wp-json\/wp\/v2\/types\/product"}],"replies":[{"embeddable":true,"href":"https:\/\/marketplace.epassi.fi\/uittamon-kuntosali\/wp-json\/wp\/v2\/comments?post=348"}],"wp:featuredmedia":[{"embeddable":true,"href":"https:\/\/marketplace.epassi.fi\/uittamon-kuntosali\/wp-json\/wp\/v2\/media\/350"}],"wp:attachment":[{"href":"https:\/\/marketplace.epassi.fi\/uittamon-kuntosali\/wp-json\/wp\/v2\/media?parent=348"}],"wp:term":[{"taxonomy":"product_brand","embeddable":true,"href":"https:\/\/marketplace.epassi.fi\/uittamon-kuntosali\/wp-json\/wp\/v2\/product_brand?post=348"},{"taxonomy":"product_cat","embeddable":true,"href":"https:\/\/marketplace.epassi.fi\/uittamon-kuntosali\/wp-json\/wp\/v2\/product_cat?post=348"},{"taxonomy":"product_tag","embeddable":true,"href":"https:\/\/marketplace.epassi.fi\/uittamon-kuntosali\/wp-json\/wp\/v2\/product_tag?post=348"}],"curies":[{"name":"wp","href":"https:\/\/api.w.org\/{rel}","templated":true}]}}