{"id":22,"date":"2021-09-13T17:45:59","date_gmt":"2021-09-13T17:45:59","guid":{"rendered":"https:\/\/marketplace.epassi.fi\/ulkoilmaakatemia\/?page_id=22"},"modified":"2021-10-12T10:57:35","modified_gmt":"2021-10-12T10:57:35","slug":"info","status":"publish","type":"page","link":"https:\/\/marketplace.epassi.fi\/ulkoilmaakatemia\/info\/","title":{"rendered":"Info"},"content":{"rendered":"\n\t<div class=\"entry-content single-content\">\n\n\t\t<div class=\"wp-block-columns\" style=\"gap:30px\">\n\t\t\t<div class=\"wp-block-column\">\n\t\t\t\t<h2>Ulkoilma Akatemia<\/h2>\n\t\t\t\t<p><p>Ulkoilma Akatemia on j\u00e4rjest\u00e4nyt kursseja sek\u00e4 ohjattuja vaelluksia jo vuodesta 2017 l\u00e4htien. Kannustamme ja ohjaamme omatoimiseen retkeilyyn, vaeltamiseen sek\u00e4 melontaan. Haastamme ja tuemme sinua harrastuksessa eteenp\u00e4in. Meill\u00e4 p\u00e4\u00e4set itse tekem\u00e4\u00e4n ja oppimaan.<\/p>\n<p>Meilt\u00e4 l\u00f6yd\u00e4t monipuolinen kattaus kursseja ja ohjattuja vaelluksia melonnan sek\u00e4 retkeilyn saralla ymp\u00e4ri vuoden.<br \/>\nMahdollisuus helppoon ja turvalliseen luontoel\u00e4mykseen sek\u00e4 uuden oppimiseen ammattitaitoisten oppaiden johdolla.<\/p>\n<p>Ulkoilma Akatemian partnerit mahdollistavat k\u00e4ytt\u00f6\u00f6si retkeilyvarusteita. Kuljetamme lainavarusteet vaelluksen l\u00e4ht\u00f6\u00f6n. Meill\u00e4 lainattavat laadukkaat retkeilyvarusteet kuuluvat aina hintaan, ilman lis\u00e4veloitusta!<\/p>\n<\/p>\n\t\t\t\t<h3>Ulkoilma Akatemia<\/h3>\n\t\t\t\t<p>www.ulkoilmaakatemia.fi<br>\n\t\t\t\t\t40270 Jyv\u00e4skyl\u00e4<\/p>\n\t\t\t\t<p><a href=\"tel:0405268562\">0405268562<\/a><\/p>\n\t\t\t\t<p><a href=\"mailto:info@ulkoilmaakatemia.fi\">info@ulkoilmaakatemia.fi<\/a><\/p>\n\n\t\t\t\t\t\t\t<\/div>\n\n\t\t\t<div class=\"wp-block-column\">\n\t\t\t\t<figure class=\"wp-block-image size-large\"><img loading=\"lazy\" decoding=\"async\" width=\"768\" height=\"96\" src=\"https:\/\/marketplace.epassi.fi\/ulkoilmaakatemia\/wp-content\/uploads\/sites\/71\/2024\/02\/Etusivu-kuva-partnereilla-2-768x96.jpg\" class=\"attachment-medium_large size-medium_large\" alt=\"\" \/><\/figure>\n\t\t\t<\/div>\n\t\t<\/div>\n\t<\/div>\n\t\n","protected":false},"excerpt":{"rendered":"","protected":false},"author":2,"featured_media":0,"parent":0,"menu_order":0,"comment_status":"closed","ping_status":"closed","template":"","meta":{"_acf_changed":false,"_kad_post_transparent":"","_kad_post_title":"","_kad_post_layout":"","_kad_post_sidebar_id":"","_kad_post_content_style":"","_kad_post_vertical_padding":"","_kad_post_feature":"","_kad_post_feature_position":"","_kad_post_header":false,"_kad_post_footer":false,"_kad_post_classname":"","footnotes":""},"class_list":["post-22","page","type-page","status-publish","hentry"],"acf":[],"_links":{"self":[{"href":"https:\/\/marketplace.epassi.fi\/ulkoilmaakatemia\/wp-json\/wp\/v2\/pages\/22","targetHints":{"allow":["GET"]}}],"collection":[{"href":"https:\/\/marketplace.epassi.fi\/ulkoilmaakatemia\/wp-json\/wp\/v2\/pages"}],"about":[{"href":"https:\/\/marketplace.epassi.fi\/ulkoilmaakatemia\/wp-json\/wp\/v2\/types\/page"}],"author":[{"embeddable":true,"href":"https:\/\/marketplace.epassi.fi\/ulkoilmaakatemia\/wp-json\/wp\/v2\/users\/2"}],"replies":[{"embeddable":true,"href":"https:\/\/marketplace.epassi.fi\/ulkoilmaakatemia\/wp-json\/wp\/v2\/comments?post=22"}],"version-history":[{"count":10,"href":"https:\/\/marketplace.epassi.fi\/ulkoilmaakatemia\/wp-json\/wp\/v2\/pages\/22\/revisions"}],"predecessor-version":[{"id":264,"href":"https:\/\/marketplace.epassi.fi\/ulkoilmaakatemia\/wp-json\/wp\/v2\/pages\/22\/revisions\/264"}],"wp:attachment":[{"href":"https:\/\/marketplace.epassi.fi\/ulkoilmaakatemia\/wp-json\/wp\/v2\/media?parent=22"}],"curies":[{"name":"wp","href":"https:\/\/api.w.org\/{rel}","templated":true}]}}