{"id":409,"date":"2024-02-15T11:09:30","date_gmt":"2024-02-15T09:09:30","guid":{"rendered":"https:\/\/marketplace.epassi.fi\/ulkoilmaakatemia\/?post_type=product&#038;p=409"},"modified":"2024-07-18T16:19:21","modified_gmt":"2024-07-18T13:19:21","slug":"kaamosvaellus-kasivarren-eramaa-30-12-2024-2-1-2025","status":"publish","type":"product","link":"https:\/\/marketplace.epassi.fi\/ulkoilmaakatemia\/kauppa\/liikuntaedut\/liikunta-muut\/kaamosvaellus-kasivarren-eramaa-30-12-2024-2-1-2025\/","title":{"rendered":"Kaamosvaellus, K\u00e4sivarren er\u00e4maa (30.12.2024-2.1.2025)"},"content":{"rendered":"<p>Lue lis\u00e4\u00e4 linkist\u00e4 -&gt; <strong>https:\/\/ulkoilmaakatemia.fi\/kaamosvaellus-kasivarren-eramaa-alue-30-12-2-1-2025\/<\/strong><\/p>\n","protected":false},"excerpt":{"rendered":"<p>Lue lis\u00e4\u00e4 linkist\u00e4 -&gt; https:\/\/ulkoilmaakatemia.fi\/kaamosvaellus-kasivarren-eramaa-alue-30-12-2-1-2025\/<\/p>\n","protected":false},"featured_media":410,"comment_status":"open","ping_status":"closed","template":"","meta":{"_acf_changed":false,"_kad_post_transparent":"default","_kad_post_title":"","_kad_post_layout":"default","_kad_post_sidebar_id":"","_kad_post_content_style":"default","_kad_post_vertical_padding":"default","_kad_post_feature":"","_kad_post_feature_position":"","_kad_post_header":false,"_kad_post_footer":false,"_kad_post_classname":""},"product_brand":[],"product_cat":[29,19],"product_tag":[],"class_list":{"0":"post-409","1":"product","2":"type-product","3":"status-publish","4":"has-post-thumbnail","6":"product_cat-liikunta-muut","7":"product_cat-liikuntaedut","9":"first","10":"instock","11":"taxable","12":"shipping-taxable","13":"purchasable","14":"product-type-simple","15":"entry","16":"content-bg","17":"loop-entry"},"acf":[],"_links":{"self":[{"href":"https:\/\/marketplace.epassi.fi\/ulkoilmaakatemia\/wp-json\/wp\/v2\/product\/409","targetHints":{"allow":["GET"]}}],"collection":[{"href":"https:\/\/marketplace.epassi.fi\/ulkoilmaakatemia\/wp-json\/wp\/v2\/product"}],"about":[{"href":"https:\/\/marketplace.epassi.fi\/ulkoilmaakatemia\/wp-json\/wp\/v2\/types\/product"}],"replies":[{"embeddable":true,"href":"https:\/\/marketplace.epassi.fi\/ulkoilmaakatemia\/wp-json\/wp\/v2\/comments?post=409"}],"wp:featuredmedia":[{"embeddable":true,"href":"https:\/\/marketplace.epassi.fi\/ulkoilmaakatemia\/wp-json\/wp\/v2\/media\/410"}],"wp:attachment":[{"href":"https:\/\/marketplace.epassi.fi\/ulkoilmaakatemia\/wp-json\/wp\/v2\/media?parent=409"}],"wp:term":[{"taxonomy":"product_brand","embeddable":true,"href":"https:\/\/marketplace.epassi.fi\/ulkoilmaakatemia\/wp-json\/wp\/v2\/product_brand?post=409"},{"taxonomy":"product_cat","embeddable":true,"href":"https:\/\/marketplace.epassi.fi\/ulkoilmaakatemia\/wp-json\/wp\/v2\/product_cat?post=409"},{"taxonomy":"product_tag","embeddable":true,"href":"https:\/\/marketplace.epassi.fi\/ulkoilmaakatemia\/wp-json\/wp\/v2\/product_tag?post=409"}],"curies":[{"name":"wp","href":"https:\/\/api.w.org\/{rel}","templated":true}]}}