{"id":289,"date":"2021-10-20T17:08:34","date_gmt":"2021-10-20T14:08:34","guid":{"rendered":"https:\/\/marketplace.epassi.fi\/unelmio\/?post_type=product&#038;p=289"},"modified":"2025-10-30T15:35:44","modified_gmt":"2025-10-30T13:35:44","slug":"hemmotteleva-paahieronta-45-minuuttia","status":"publish","type":"product","link":"https:\/\/marketplace.epassi.fi\/unelmio\/kauppa\/hyvinvointi\/hieronta\/hemmotteleva-paahieronta-45-minuuttia\/","title":{"rendered":"Hemmotteleva p\u00e4\u00e4hieronta 45 minuuttia"},"content":{"rendered":"<p>Rentouttava p\u00e4\u00e4hieronta, jossa k\u00e4sitell\u00e4\u00e4n p\u00e4\u00e4, kasvot ja kaula, niska-hartiaseutu sek\u00e4 rintalihakset.<\/p>\n","protected":false},"excerpt":{"rendered":"<p>Kirjoita t\u00e4h\u00e4n lyhyt tuotekuvaus. T\u00e4m\u00e4 kuvaus n\u00e4kyy tuotesivun yl\u00e4osassa tuotteen nimen alla.<\/p>\n","protected":false},"featured_media":375,"comment_status":"open","ping_status":"closed","template":"","meta":{"_acf_changed":false,"_kad_post_transparent":"default","_kad_post_title":"","_kad_post_layout":"default","_kad_post_sidebar_id":"","_kad_post_content_style":"default","_kad_post_vertical_padding":"default","_kad_post_feature":"","_kad_post_feature_position":"","_kad_post_header":false,"_kad_post_footer":false,"_kad_post_classname":""},"product_brand":[],"product_cat":[31,21],"product_tag":[],"class_list":{"0":"post-289","1":"product","2":"type-product","3":"status-publish","4":"has-post-thumbnail","6":"product_cat-hieronta","7":"product_cat-hyvinvointi","9":"first","10":"instock","11":"virtual","12":"taxable","13":"purchasable","14":"product-type-simple","15":"entry","16":"content-bg","17":"loop-entry"},"acf":[],"_links":{"self":[{"href":"https:\/\/marketplace.epassi.fi\/unelmio\/wp-json\/wp\/v2\/product\/289","targetHints":{"allow":["GET"]}}],"collection":[{"href":"https:\/\/marketplace.epassi.fi\/unelmio\/wp-json\/wp\/v2\/product"}],"about":[{"href":"https:\/\/marketplace.epassi.fi\/unelmio\/wp-json\/wp\/v2\/types\/product"}],"replies":[{"embeddable":true,"href":"https:\/\/marketplace.epassi.fi\/unelmio\/wp-json\/wp\/v2\/comments?post=289"}],"wp:featuredmedia":[{"embeddable":true,"href":"https:\/\/marketplace.epassi.fi\/unelmio\/wp-json\/wp\/v2\/media\/375"}],"wp:attachment":[{"href":"https:\/\/marketplace.epassi.fi\/unelmio\/wp-json\/wp\/v2\/media?parent=289"}],"wp:term":[{"taxonomy":"product_brand","embeddable":true,"href":"https:\/\/marketplace.epassi.fi\/unelmio\/wp-json\/wp\/v2\/product_brand?post=289"},{"taxonomy":"product_cat","embeddable":true,"href":"https:\/\/marketplace.epassi.fi\/unelmio\/wp-json\/wp\/v2\/product_cat?post=289"},{"taxonomy":"product_tag","embeddable":true,"href":"https:\/\/marketplace.epassi.fi\/unelmio\/wp-json\/wp\/v2\/product_tag?post=289"}],"curies":[{"name":"wp","href":"https:\/\/api.w.org\/{rel}","templated":true}]}}