{"id":22,"date":"2021-09-13T17:45:59","date_gmt":"2021-09-13T17:45:59","guid":{"rendered":"https:\/\/marketplace.epassi.fi\/urheiluhieroja-santeri-harja\/?page_id=22"},"modified":"2021-10-12T10:57:35","modified_gmt":"2021-10-12T10:57:35","slug":"info","status":"publish","type":"page","link":"https:\/\/marketplace.epassi.fi\/urheiluhieroja-santeri-harja\/info\/","title":{"rendered":"Info"},"content":{"rendered":"\n\t<div class=\"entry-content single-content\">\n\n\t\t<div class=\"wp-block-columns\" style=\"gap:30px\">\n\t\t\t<div class=\"wp-block-column\">\n\t\t\t\t<h2>Laadukasta kehonhuoltoa Matinkyl\u00e4ss\u00e4<\/h2>\n\t\t\t\t<p><p>Tarjoan klassista hierontaa, urheiluhierontaa ja purentalihashierontaa viihtyisiss\u00e4 Huoltamo Espoon tiloissa Matinkyl\u00e4ss\u00e4. Olen toiminut t\u00e4ysip\u00e4iv\u00e4isen\u00e4 hierojayritt\u00e4j\u00e4n\u00e4 2018 kes\u00e4st\u00e4 asti. Tavoitteeni on tarjota asiakkaalle ihmisl\u00e4heinen ja rento hierontakokemus, jossa asiakasta kuunnellaan. Ajanvaraus osoitteessa: www.hierojasanteriharja.fi<\/p>\n<\/p>\n\t\t\t\t<h3>Urheiluhieroja Santeri Harja<\/h3>\n\t\t\t\t<p>Tiistil\u00e4nkuja 3 C<br>\n\t\t\t\t\t02230 Espoo<\/p>\n\t\t\t\t<p><a href=\"tel:0408367472\">0408367472<\/a><\/p>\n\t\t\t\t<p><a href=\"mailto:santeri.harja@hotmail.com\">santeri.harja@hotmail.com<\/a><\/p>\n\n\t\t\t\t<h2>Toimipisteet<\/h2><div class=\"info-page-location-list\"><div class=\"info-page-location\"><h3>Urheiluhieroja Santeri Harja\/ Huoltamo Espoo<\/h3><p>Tiistil\u00e4nkuja 3c, 02230 Espoo<\/p><p><a href=\"tel:0408367472\">0408367472<\/a><br><a href=\"mail:santeri.harja@hotmail.com\">santeri.harja@hotmail.com<\/a><p><a href=\"https:\/\/www.google.com\/maps\/search\/?api=1&query=Google&query_place_id=ChIJ8VnzqR_1jUYROVocf8C3WxA\">Katso sijainti kartalla <span>&#8599;<\/span><\/a><\/p><\/p><p>Ty\u00f6skentelen Huoltamo Espoon tiloissa omassa hoitohuoneessa. L\u00e4hialueella on autolle pys\u00e4k\u00f6intimahdollisuus (4h parkkikiekolla). <\/p><\/div><div class=\"info-page-location\"><h3><\/h3><p><\/p><p><\/p><\/div><\/div>\t\t\t<\/div>\n\n\t\t\t<div class=\"wp-block-column\">\n\t\t\t\t<figure class=\"wp-block-image size-large\"><img loading=\"lazy\" decoding=\"async\" width=\"768\" height=\"432\" src=\"https:\/\/marketplace.epassi.fi\/urheiluhieroja-santeri-harja\/wp-content\/uploads\/sites\/302\/2022\/12\/Epassi-profiilikuva_000032-768x432.png\" class=\"attachment-medium_large size-medium_large\" alt=\"\" \/><\/figure>\n\t\t\t<\/div>\n\t\t<\/div>\n\t<\/div>\n\t\n","protected":false},"excerpt":{"rendered":"","protected":false},"author":2,"featured_media":0,"parent":0,"menu_order":0,"comment_status":"closed","ping_status":"closed","template":"","meta":{"_acf_changed":false,"_kad_post_transparent":"","_kad_post_title":"","_kad_post_layout":"","_kad_post_sidebar_id":"","_kad_post_content_style":"","_kad_post_vertical_padding":"","_kad_post_feature":"","_kad_post_feature_position":"","_kad_post_header":false,"_kad_post_footer":false,"_kad_post_classname":"","footnotes":""},"class_list":["post-22","page","type-page","status-publish","hentry"],"acf":[],"_links":{"self":[{"href":"https:\/\/marketplace.epassi.fi\/urheiluhieroja-santeri-harja\/wp-json\/wp\/v2\/pages\/22","targetHints":{"allow":["GET"]}}],"collection":[{"href":"https:\/\/marketplace.epassi.fi\/urheiluhieroja-santeri-harja\/wp-json\/wp\/v2\/pages"}],"about":[{"href":"https:\/\/marketplace.epassi.fi\/urheiluhieroja-santeri-harja\/wp-json\/wp\/v2\/types\/page"}],"author":[{"embeddable":true,"href":"https:\/\/marketplace.epassi.fi\/urheiluhieroja-santeri-harja\/wp-json\/wp\/v2\/users\/2"}],"replies":[{"embeddable":true,"href":"https:\/\/marketplace.epassi.fi\/urheiluhieroja-santeri-harja\/wp-json\/wp\/v2\/comments?post=22"}],"version-history":[{"count":10,"href":"https:\/\/marketplace.epassi.fi\/urheiluhieroja-santeri-harja\/wp-json\/wp\/v2\/pages\/22\/revisions"}],"predecessor-version":[{"id":264,"href":"https:\/\/marketplace.epassi.fi\/urheiluhieroja-santeri-harja\/wp-json\/wp\/v2\/pages\/22\/revisions\/264"}],"wp:attachment":[{"href":"https:\/\/marketplace.epassi.fi\/urheiluhieroja-santeri-harja\/wp-json\/wp\/v2\/media?parent=22"}],"curies":[{"name":"wp","href":"https:\/\/api.w.org\/{rel}","templated":true}]}}