{"id":333,"date":"2022-12-05T23:45:32","date_gmt":"2022-12-05T21:45:32","guid":{"rendered":"https:\/\/marketplace.epassi.fi\/urheiluhieroja-santeri-harja\/?post_type=product&#038;p=333"},"modified":"2025-10-30T15:55:59","modified_gmt":"2025-10-30T13:55:59","slug":"hieronta-45min","status":"publish","type":"product","link":"https:\/\/marketplace.epassi.fi\/urheiluhieroja-santeri-harja\/kauppa\/hyvinvointi\/hieronta\/hieronta-45min\/","title":{"rendered":"Hieronta 45min"},"content":{"rendered":"","protected":false},"excerpt":{"rendered":"<p>Klassinen hieronta tai urheiluhieronta. K\u00e4sitelt\u00e4v\u00e4t alueet p\u00e4\u00e4tet\u00e4\u00e4n asiakkaan kanssa yhdess\u00e4 hieronnan yhteydess\u00e4. Maksu on voimassa 12kk.<\/p>\n","protected":false},"featured_media":332,"comment_status":"open","ping_status":"closed","template":"","meta":{"_acf_changed":false,"_kad_post_transparent":"default","_kad_post_title":"","_kad_post_layout":"default","_kad_post_sidebar_id":"","_kad_post_content_style":"default","_kad_post_vertical_padding":"default","_kad_post_feature":"","_kad_post_feature_position":"","_kad_post_header":false,"_kad_post_footer":false,"_kad_post_classname":""},"product_brand":[],"product_cat":[31,21],"product_tag":[],"class_list":{"0":"post-333","1":"product","2":"type-product","3":"status-publish","4":"has-post-thumbnail","6":"product_cat-hieronta","7":"product_cat-hyvinvointi","9":"first","10":"instock","11":"virtual","12":"purchasable","13":"product-type-simple","14":"entry","15":"content-bg","16":"loop-entry"},"acf":[],"_links":{"self":[{"href":"https:\/\/marketplace.epassi.fi\/urheiluhieroja-santeri-harja\/wp-json\/wp\/v2\/product\/333","targetHints":{"allow":["GET"]}}],"collection":[{"href":"https:\/\/marketplace.epassi.fi\/urheiluhieroja-santeri-harja\/wp-json\/wp\/v2\/product"}],"about":[{"href":"https:\/\/marketplace.epassi.fi\/urheiluhieroja-santeri-harja\/wp-json\/wp\/v2\/types\/product"}],"replies":[{"embeddable":true,"href":"https:\/\/marketplace.epassi.fi\/urheiluhieroja-santeri-harja\/wp-json\/wp\/v2\/comments?post=333"}],"wp:featuredmedia":[{"embeddable":true,"href":"https:\/\/marketplace.epassi.fi\/urheiluhieroja-santeri-harja\/wp-json\/wp\/v2\/media\/332"}],"wp:attachment":[{"href":"https:\/\/marketplace.epassi.fi\/urheiluhieroja-santeri-harja\/wp-json\/wp\/v2\/media?parent=333"}],"wp:term":[{"taxonomy":"product_brand","embeddable":true,"href":"https:\/\/marketplace.epassi.fi\/urheiluhieroja-santeri-harja\/wp-json\/wp\/v2\/product_brand?post=333"},{"taxonomy":"product_cat","embeddable":true,"href":"https:\/\/marketplace.epassi.fi\/urheiluhieroja-santeri-harja\/wp-json\/wp\/v2\/product_cat?post=333"},{"taxonomy":"product_tag","embeddable":true,"href":"https:\/\/marketplace.epassi.fi\/urheiluhieroja-santeri-harja\/wp-json\/wp\/v2\/product_tag?post=333"}],"curies":[{"name":"wp","href":"https:\/\/api.w.org\/{rel}","templated":true}]}}