{"id":22,"date":"2021-09-13T17:45:59","date_gmt":"2021-09-13T17:45:59","guid":{"rendered":"https:\/\/marketplace.epassi.fi\/vapaalentotunneli-fooni\/?page_id=22"},"modified":"2021-10-12T10:57:35","modified_gmt":"2021-10-12T10:57:35","slug":"info","status":"publish","type":"page","link":"https:\/\/marketplace.epassi.fi\/vapaalentotunneli-fooni\/info\/","title":{"rendered":"Info"},"content":{"rendered":"\n\t<div class=\"entry-content single-content\">\n\n\t\t<div class=\"wp-block-columns\" style=\"gap:30px\">\n\t\t\t<div class=\"wp-block-column\">\n\t\t\t\t<h2>TOTEUTA UNELMA LENT\u00c4MISEST\u00c4<\/h2>\n\t\t\t\t<p><p>KENELLE TUNNELILENT\u00c4MINEN SOPII?<br \/>\nTunnelilent\u00e4minen sopii melkein kaikille yli 5-vuotiaille perusterveille seikkailijoille! Tsekkaathan kuitenkin viel\u00e4 ennen ostoa ettet:<\/p>\n<p>- ole raskaana<br \/>\n- ole alle 5-vuotias<br \/>\n- k\u00e4rsi selk\u00e4-, nivel- tai niskavammoista tai -sairauksista<br \/>\n- k\u00e4rsi olkap\u00e4\u00e4vammasta (erityisesti aiemmat olkap\u00e4\u00e4n sijoiltaanmenot)<br \/>\n- ole toipilas (toipumassa leikkauksesta, tapaturmasta, vaikeasta sairaudesta, kipsisidoksesta)<br \/>\n- k\u00e4rsi syd\u00e4nvaivoista ja\/tai k\u00e4yt\u00e4 syd\u00e4mentahdistinta<br \/>\n- ole alkoholin \/ l\u00e4\u00e4kkeiden \/ muiden tietoisuuteen vaikuttavien p\u00e4ihteiden vaikutuksen alaisena, ole v\u00e4synyt, henkisesti ep\u00e4vakaa tai holhouksen alaisena tai omaa asenneongelmia liittyen ohjeiden noudattamiseen (tuulitunnelissa on nollatoleranssi alkoholin suhteen)<br \/>\n- paina yli 125 kg.<\/p>\n<p>Lent\u00e4m\u00e4\u00e4n tullessa lent\u00e4j\u00e4n itse tai lent\u00e4j\u00e4n huoltajan tulee t\u00e4ytt\u00e4\u00e4 waiver-lomake:<\/p>\n<p>https:\/\/back.xn--fni-snaa.fi\/waiver<\/p>\n<p>HUOM: Saavuthan paikalle 45-60 minuuttia ennen lentoaikaasi.<\/p>\n<p>(voit t\u00e4ytt\u00e4\u00e4 waiverin ilman varauskoodia ja kun saavutte paikalle l\u00f6yd\u00e4mme teid\u00e4t s\u00e4hk\u00f6postiosoitteen perusteella)<\/p>\n<p>(EPASSIN kautta tehdyt ostokset ovat HENKIL\u00d6KOHTAISIA)<\/p>\n<\/p>\n\t\t\t\t<h3>F\u00d6\u00d6NI - VAPAALENTOTUNNELI<\/h3>\n\t\t\t\t<p>Hermannin rantatie 5 A 39<br>\n\t\t\t\t\t00580 Helsinki<\/p>\n\t\t\t\t<p><a href=\"tel:+358 40 7122 044\">+358 40 7122 044<\/a><\/p>\n\t\t\t\t<p><a href=\"mailto:info@lentotehdas.fi\">info@lentotehdas.fi<\/a><\/p>\n\n\t\t\t\t<h2>Toimipisteet<\/h2><div class=\"info-page-location-list\"><div class=\"info-page-location\"><h3>Helsinki<\/h3><p>Hermannin rantatie 11, 00580 Helsinki<\/p><p><p><a href=\"https:\/\/www.google.com\/maps\/search\/?api=1&query=Google&query_place_id=ChIJkRupLHsJkkYRhIhcmgVWgd8\">Katso sijainti kartalla <span>&#8599;<\/span><\/a><\/p><\/p><p><\/p><\/div><\/div>\t\t\t<\/div>\n\n\t\t\t<div class=\"wp-block-column\">\n\t\t\t\t<figure class=\"wp-block-image size-large\"><img loading=\"lazy\" decoding=\"async\" width=\"768\" height=\"576\" src=\"https:\/\/marketplace.epassi.fi\/vapaalentotunneli-fooni\/wp-content\/uploads\/sites\/297\/2022\/11\/IMG_1473_jpg-768x576.jpg\" class=\"attachment-medium_large size-medium_large\" alt=\"\" \/><\/figure>\n\t\t\t<\/div>\n\t\t<\/div>\n\t<\/div>\n\t\n","protected":false},"excerpt":{"rendered":"","protected":false},"author":2,"featured_media":0,"parent":0,"menu_order":0,"comment_status":"closed","ping_status":"closed","template":"","meta":{"_acf_changed":false,"_kad_post_transparent":"","_kad_post_title":"","_kad_post_layout":"","_kad_post_sidebar_id":"","_kad_post_content_style":"","_kad_post_vertical_padding":"","_kad_post_feature":"","_kad_post_feature_position":"","_kad_post_header":false,"_kad_post_footer":false,"_kad_post_classname":"","footnotes":""},"class_list":["post-22","page","type-page","status-publish","hentry"],"acf":[],"_links":{"self":[{"href":"https:\/\/marketplace.epassi.fi\/vapaalentotunneli-fooni\/wp-json\/wp\/v2\/pages\/22","targetHints":{"allow":["GET"]}}],"collection":[{"href":"https:\/\/marketplace.epassi.fi\/vapaalentotunneli-fooni\/wp-json\/wp\/v2\/pages"}],"about":[{"href":"https:\/\/marketplace.epassi.fi\/vapaalentotunneli-fooni\/wp-json\/wp\/v2\/types\/page"}],"author":[{"embeddable":true,"href":"https:\/\/marketplace.epassi.fi\/vapaalentotunneli-fooni\/wp-json\/wp\/v2\/users\/2"}],"replies":[{"embeddable":true,"href":"https:\/\/marketplace.epassi.fi\/vapaalentotunneli-fooni\/wp-json\/wp\/v2\/comments?post=22"}],"version-history":[{"count":10,"href":"https:\/\/marketplace.epassi.fi\/vapaalentotunneli-fooni\/wp-json\/wp\/v2\/pages\/22\/revisions"}],"predecessor-version":[{"id":264,"href":"https:\/\/marketplace.epassi.fi\/vapaalentotunneli-fooni\/wp-json\/wp\/v2\/pages\/22\/revisions\/264"}],"wp:attachment":[{"href":"https:\/\/marketplace.epassi.fi\/vapaalentotunneli-fooni\/wp-json\/wp\/v2\/media?parent=22"}],"curies":[{"name":"wp","href":"https:\/\/api.w.org\/{rel}","templated":true}]}}