{"id":290,"date":"2021-10-20T17:09:46","date_gmt":"2021-10-20T17:09:46","guid":{"rendered":"https:\/\/marketplace.epassi.fi\/vapaalentotunneli-fooni\/?post_type=product&#038;p=290"},"modified":"2024-07-22T15:34:21","modified_gmt":"2024-07-22T12:34:21","slug":"ohjattu-lento-yhdelle","status":"publish","type":"product","link":"https:\/\/marketplace.epassi.fi\/vapaalentotunneli-fooni\/kauppa\/liikuntaedut\/liikunta-muut\/ohjattu-lento-yhdelle\/","title":{"rendered":"OHJATTU LENTO YHDELLE"},"content":{"rendered":"<p><strong>Ohjattu ensilento sopii kaikenik\u00e4isille ensikertalaisille. Osallistuja p\u00e4\u00e4see lent\u00e4m\u00e4\u00e4n kaksi lentoa kouluttajan avustamana. Koulutus, varusteet ja lentovideo sis\u00e4ltyv\u00e4t pakettiin. (Tuote on Henkil\u00f6kohtainen)<\/strong><\/p>\n<p>Vastauksia usein kysyttyihin kysymyksiin l\u00f6yd\u00e4t osoitteesta\u00a0<a href=\"https:\/\/xn--fni-snaa.fi\/info\/\">f\u00f6\u00f6ni.fi\/info<\/a><\/p>\n<p>Lunastettu koodi on voimassa 6 kk ostop\u00e4iv\u00e4st\u00e4.<\/p>\n<p>&nbsp;<\/p>\n<p>&nbsp;<\/p>\n","protected":false},"excerpt":{"rendered":"<p><strong>TOTEUTA UNELMA LENT\u00c4MISEST\u00c4<\/strong><\/p>\n<p><strong>Ohjattu tutustumislento yhdelle sis\u00e4lt\u00e4\u00e4 t\u00e4yden lentokoulutuksen, henkil\u00f6kohtaisen ohjaajan mukaan lennolle ja lentovarusteet sek\u00e4 lentovideon. (kaksi lentoa yhteens\u00e4 2 min joka vastaa yli kahta laskuvarjohypyn vapaapudotusta)<\/strong><\/p>\n<p>&nbsp;<\/p>\n","protected":false},"featured_media":340,"comment_status":"open","ping_status":"closed","template":"","meta":{"_acf_changed":false,"_kad_post_transparent":"default","_kad_post_title":"","_kad_post_layout":"default","_kad_post_sidebar_id":"","_kad_post_content_style":"default","_kad_post_vertical_padding":"default","_kad_post_feature":"","_kad_post_feature_position":"","_kad_post_header":false,"_kad_post_footer":false,"_kad_post_classname":""},"product_brand":[],"product_cat":[29,19],"product_tag":[],"class_list":{"0":"post-290","1":"product","2":"type-product","3":"status-publish","4":"has-post-thumbnail","6":"product_cat-liikunta-muut","7":"product_cat-liikuntaedut","9":"first","10":"instock","11":"virtual","12":"sold-individually","13":"taxable","14":"purchasable","15":"product-type-simple","16":"entry","17":"content-bg","18":"loop-entry"},"acf":[],"_links":{"self":[{"href":"https:\/\/marketplace.epassi.fi\/vapaalentotunneli-fooni\/wp-json\/wp\/v2\/product\/290","targetHints":{"allow":["GET"]}}],"collection":[{"href":"https:\/\/marketplace.epassi.fi\/vapaalentotunneli-fooni\/wp-json\/wp\/v2\/product"}],"about":[{"href":"https:\/\/marketplace.epassi.fi\/vapaalentotunneli-fooni\/wp-json\/wp\/v2\/types\/product"}],"replies":[{"embeddable":true,"href":"https:\/\/marketplace.epassi.fi\/vapaalentotunneli-fooni\/wp-json\/wp\/v2\/comments?post=290"}],"wp:featuredmedia":[{"embeddable":true,"href":"https:\/\/marketplace.epassi.fi\/vapaalentotunneli-fooni\/wp-json\/wp\/v2\/media\/340"}],"wp:attachment":[{"href":"https:\/\/marketplace.epassi.fi\/vapaalentotunneli-fooni\/wp-json\/wp\/v2\/media?parent=290"}],"wp:term":[{"taxonomy":"product_brand","embeddable":true,"href":"https:\/\/marketplace.epassi.fi\/vapaalentotunneli-fooni\/wp-json\/wp\/v2\/product_brand?post=290"},{"taxonomy":"product_cat","embeddable":true,"href":"https:\/\/marketplace.epassi.fi\/vapaalentotunneli-fooni\/wp-json\/wp\/v2\/product_cat?post=290"},{"taxonomy":"product_tag","embeddable":true,"href":"https:\/\/marketplace.epassi.fi\/vapaalentotunneli-fooni\/wp-json\/wp\/v2\/product_tag?post=290"}],"curies":[{"name":"wp","href":"https:\/\/api.w.org\/{rel}","templated":true}]}}