{"id":22,"date":"2021-09-13T17:45:59","date_gmt":"2021-09-13T17:45:59","guid":{"rendered":"https:\/\/marketplace.epassi.fi\/verneri-hast\/?page_id=22"},"modified":"2021-10-12T10:57:35","modified_gmt":"2021-10-12T10:57:35","slug":"info","status":"publish","type":"page","link":"https:\/\/marketplace.epassi.fi\/verneri-hast\/info\/","title":{"rendered":"Info"},"content":{"rendered":"\n\t<div class=\"entry-content single-content\">\n\n\t\t<div class=\"wp-block-columns\" style=\"gap:30px\">\n\t\t\t<div class=\"wp-block-column\">\n\t\t\t\t<h2>Verneri Hast | Fysioterapia &amp; Hieronta<\/h2>\n\t\t\t\t<p><p>Hei ! \ud83d\ude00<\/p>\n<p>Olen kuopiolainen fysioterapeutti ja koulutettu hieroja. Tuotan fyysiseen hyvinvointiin liittyvi\u00e4 palveluita ammattitaidolla ja l\u00e4mpim\u00e4ll\u00e4 syd\u00e4mell\u00e4, Kuopion keskustassa. <\/p>\n<p>T\u00e4ss\u00e4 verkkokaupassa voit ostaa itsellesi kortin Hyvinvoinnin palveluihini. Kortti on k\u00e4tev\u00e4, esim. silloin kun et ehdi k\u00e4ytt\u00e4\u00e4 Hyvinvointisaldoja ennen vuodenvaihdetta. Kortin voi hy\u00f6dynt\u00e4\u00e4 sitten seuraavana vuonna. Kortit ovat voimassa 6 - 12 kk, hinnasta riippuen. <\/p>\n<p>Tilatut kortit l\u00e4hetet\u00e4\u00e4n PDF-tiedostona s-postiin, viimeist\u00e4\u00e4n 4 arkip\u00e4iv\u00e4n p\u00e4\u00e4st\u00e4 tilauksesta.<\/p>\n<p>Palvelen sopimuksen mukaan yleens\u00e4 maanantaista perjantaihin. Ilmoitan ennakkoon sosiaalisessa mediassa (Facebook ja Instagram) jos teen viikonloppuna t\u00f6it\u00e4. Aikoja voi varata k\u00e4tev\u00e4sti verkkoajanvarauksestani:  https:\/\/vernerihast.com\/<br \/>\nKuten asiakkaat, my\u00f6s kaikki fysioterapia- ja hierontak\u00e4ynnit ovat yksil\u00f6llisi\u00e4.<br \/>\nFysioterapeuttina minua erityisesti kiinnostaa tuki- ja liikuntaelinvaivojen fysioterapia. Olen opintojeni sek\u00e4 urani aikana perehtynyt mm. terapeuttisen harjoittelun ohjaukseen sek\u00e4 nivelten mobilisointiin.<br \/>\nHieronnan tavoitteena on l\u00f6yt\u00e4\u00e4 asiakkaan vaivaan\/ongelmaan ratkaisu k\u00e4sittelyn keinoin. Hieronta on my\u00f6s oiva tapa rentoutua, purkaa kuormitusta ja tilaisuus antaa itselleen omaa aikaa hektisen arjen keskell\u00e4.<br \/>\nAsiakkaan tavoitteiden ja tarpeen mukaan hy\u00f6dynn\u00e4n k\u00e4sittelyiss\u00e4 osaamistani hieronnan eri osa-alueista, joihin kuuluu muun muassa:<br \/>\n- klassinen hieronta<br \/>\n- urheiluhieronta<br \/>\n- mobilisoiva hieronta<br \/>\n- nivelten mobilisointi<br \/>\n- fascia-k\u00e4sittely<br \/>\n- triggerpistek\u00e4sittely<br \/>\n- kinesioteippaus<br \/>\n- j\u00e4senkorjaus<br \/>\n- kuumakivihieronta<\/p>\n<p>Mik\u00e4li haluat tutustua minuun tarkemmin niin lis\u00e4tietoa l\u00f6ytyy:<br \/>\nhttps:\/\/vernerihast.com\/<\/p>\n<p>Onko sinulla kysytt\u00e4v\u00e4\u00e4? Lis\u00e4\u00e4 voi tiedustella:<br \/>\nhttps:\/\/vernerihast.com\/ota-yhteytta\/<\/p>\n<p>Ajat voi perua veloituksetta 12 h ennen varausta. Ajan peruminen onnistuu verkkoajanvarauksesta (varausvahvistuksen linkki s-postissa) &amp; verkkosivujen \u201dOta yhteytt\u00e4\u201d -sivun kautta. Alle 12 h ennen varausta perutuista ajoista veloitetaan 50 % hoidon hinnasta. Peruuttamattomista varauksista veloitetaan 100 % hoidon hinnasta.<\/p>\n<p>Yst\u00e4v\u00e4llisin terveisin,<br \/>\nVerneri Hast<br \/>\nfysioterapeutti &amp; koulutettu hieroja<br \/>\nvernerihast.com<\/p>\n<\/p>\n\t\t\t\t<h3>Verneri Hast | Fysioterapia ja Hieronta<\/h3>\n\t\t\t\t<p>Maaherrankatu 27<br>\n\t\t\t\t\t70100 Kuopio<\/p>\n\t\t\t\t<p><a href=\"tel:050 366 0497\">050 366 0497<\/a><\/p>\n\t\t\t\t<p><a href=\"mailto:verneri.hast@gmail.com\">verneri.hast@gmail.com<\/a><\/p>\n\n\t\t\t\t<h2>Toimipisteet<\/h2><div class=\"info-page-location-list\"><div class=\"info-page-location\"><h3>Verneri Hast | Fysioterapia ja Hieronta<\/h3><p>Asemakatu 7, 70110 Kuopio<\/p><p><a href=\"tel:050 366 0497 \">050 366 0497 <\/a><br><a href=\"mail:verneri.hast@gmail.com \">verneri.hast@gmail.com <\/a><p><a href=\"https:\/\/www.google.com\/maps\/search\/?api=1&query=Google&query_place_id=ChIJ66zyC4iwhEYRuL1Y35U5y6I\">Katso sijainti kartalla <span>&#8599;<\/span><\/a><\/p><\/p><p><\/p><\/div><div class=\"info-page-location\"><h3><\/h3><p><\/p><p><\/p><\/div><\/div>\t\t\t<\/div>\n\n\t\t\t<div class=\"wp-block-column\">\n\t\t\t\t<figure class=\"wp-block-image size-large\"><img loading=\"lazy\" decoding=\"async\" width=\"568\" height=\"459\" src=\"https:\/\/marketplace.epassi.fi\/verneri-hast\/wp-content\/uploads\/sites\/26\/2021\/11\/logo.jpg\" class=\"attachment-medium_large size-medium_large\" alt=\"\" \/><\/figure>\n\t\t\t<\/div>\n\t\t<\/div>\n\t<\/div>\n\t\n","protected":false},"excerpt":{"rendered":"","protected":false},"author":2,"featured_media":0,"parent":0,"menu_order":0,"comment_status":"closed","ping_status":"closed","template":"","meta":{"_acf_changed":false,"_kad_post_transparent":"","_kad_post_title":"","_kad_post_layout":"","_kad_post_sidebar_id":"","_kad_post_content_style":"","_kad_post_vertical_padding":"","_kad_post_feature":"","_kad_post_feature_position":"","_kad_post_header":false,"_kad_post_footer":false,"_kad_post_classname":"","footnotes":""},"class_list":["post-22","page","type-page","status-publish","hentry"],"acf":[],"_links":{"self":[{"href":"https:\/\/marketplace.epassi.fi\/verneri-hast\/wp-json\/wp\/v2\/pages\/22","targetHints":{"allow":["GET"]}}],"collection":[{"href":"https:\/\/marketplace.epassi.fi\/verneri-hast\/wp-json\/wp\/v2\/pages"}],"about":[{"href":"https:\/\/marketplace.epassi.fi\/verneri-hast\/wp-json\/wp\/v2\/types\/page"}],"author":[{"embeddable":true,"href":"https:\/\/marketplace.epassi.fi\/verneri-hast\/wp-json\/wp\/v2\/users\/2"}],"replies":[{"embeddable":true,"href":"https:\/\/marketplace.epassi.fi\/verneri-hast\/wp-json\/wp\/v2\/comments?post=22"}],"version-history":[{"count":10,"href":"https:\/\/marketplace.epassi.fi\/verneri-hast\/wp-json\/wp\/v2\/pages\/22\/revisions"}],"predecessor-version":[{"id":264,"href":"https:\/\/marketplace.epassi.fi\/verneri-hast\/wp-json\/wp\/v2\/pages\/22\/revisions\/264"}],"wp:attachment":[{"href":"https:\/\/marketplace.epassi.fi\/verneri-hast\/wp-json\/wp\/v2\/media?parent=22"}],"curies":[{"name":"wp","href":"https:\/\/api.w.org\/{rel}","templated":true}]}}