{"id":320,"date":"2021-11-16T20:37:26","date_gmt":"2021-11-16T18:37:26","guid":{"rendered":"https:\/\/marketplace.epassi.fi\/verneri-hast\/?post_type=product&#038;p=320"},"modified":"2026-04-01T16:41:58","modified_gmt":"2026-04-01T13:41:58","slug":"hieronta-45-min","status":"publish","type":"product","link":"https:\/\/marketplace.epassi.fi\/verneri-hast\/kauppa\/hyvinvointi\/hieronta\/hieronta-45-min\/","title":{"rendered":"Hieronta 45 min"},"content":{"rendered":"<p>K\u00e4sittelen lihakset, nivelet, kalvot ja muut pehmytkudokset erilaisin k\u00e4den ottein sek\u00e4 ty\u00f6kaluin, s\u00e4\u00e4dellen hieronnan voimaa ja nopeutta niin, ett\u00e4 hieronta on anatomisesti ja fysiologisesti perusteltua ja tehokasta.<\/p>\n<p>Kortti on voimassa 6 kk, ostohetkest\u00e4.<\/p>\n<p>Hierontak\u00e4ynti sis\u00e4lt\u00e4\u00e4 lakis\u00e4\u00e4teisen 5-10 minuutin kirjaamisajan.<\/p>\n","protected":false},"excerpt":{"rendered":"<p>Kuten asiakkaat, my\u00f6s jokainen hieronta on erilainen. K\u00e4ynnin tavoitteena on l\u00f6yt\u00e4\u00e4 asiakkaan vaivaan\/ongelmaan ratkaisu hieronnan keinoin. Hieronta on my\u00f6s oiva tapa rentoutua ja tilaisuus antaa itselleen omaa aikaa hektisen arjen keskell\u00e4.<\/p>\n<p>Asiakkaan tavoitteiden ja tarpeen mukaan hy\u00f6dynn\u00e4n k\u00e4sittelyiss\u00e4 osaamistani hieronnan eri osa-alueista, joihin kuuluu muun muassa:<\/p>\n<ul>\n<li>klassinen hieronta<\/li>\n<li>urheiluhieronta<\/li>\n<li>mobilisoiva hieronta<\/li>\n<li>nivelten mobilisointi<\/li>\n<li>fascia-k\u00e4sittely<\/li>\n<li>triggerpistek\u00e4sittely<\/li>\n<li>kinesioteippaus<\/li>\n<li>j\u00e4senkorjaus<\/li>\n<li>kuumakivihieronta<\/li>\n<li>lihashuoltovasara<\/li>\n<\/ul>\n","protected":false},"featured_media":312,"comment_status":"open","ping_status":"closed","template":"","meta":{"_acf_changed":false,"_kad_post_transparent":"default","_kad_post_title":"","_kad_post_layout":"default","_kad_post_sidebar_id":"","_kad_post_content_style":"default","_kad_post_vertical_padding":"default","_kad_post_feature":"","_kad_post_feature_position":"","_kad_post_header":false,"_kad_post_footer":false,"_kad_post_classname":""},"product_brand":[],"product_cat":[31,21],"product_tag":[],"class_list":{"0":"post-320","1":"product","2":"type-product","3":"status-publish","4":"has-post-thumbnail","6":"product_cat-hieronta","7":"product_cat-hyvinvointi","9":"first","10":"instock","11":"taxable","12":"shipping-taxable","13":"purchasable","14":"product-type-simple","15":"entry","16":"content-bg","17":"loop-entry"},"acf":[],"_links":{"self":[{"href":"https:\/\/marketplace.epassi.fi\/verneri-hast\/wp-json\/wp\/v2\/product\/320","targetHints":{"allow":["GET"]}}],"collection":[{"href":"https:\/\/marketplace.epassi.fi\/verneri-hast\/wp-json\/wp\/v2\/product"}],"about":[{"href":"https:\/\/marketplace.epassi.fi\/verneri-hast\/wp-json\/wp\/v2\/types\/product"}],"replies":[{"embeddable":true,"href":"https:\/\/marketplace.epassi.fi\/verneri-hast\/wp-json\/wp\/v2\/comments?post=320"}],"wp:featuredmedia":[{"embeddable":true,"href":"https:\/\/marketplace.epassi.fi\/verneri-hast\/wp-json\/wp\/v2\/media\/312"}],"wp:attachment":[{"href":"https:\/\/marketplace.epassi.fi\/verneri-hast\/wp-json\/wp\/v2\/media?parent=320"}],"wp:term":[{"taxonomy":"product_brand","embeddable":true,"href":"https:\/\/marketplace.epassi.fi\/verneri-hast\/wp-json\/wp\/v2\/product_brand?post=320"},{"taxonomy":"product_cat","embeddable":true,"href":"https:\/\/marketplace.epassi.fi\/verneri-hast\/wp-json\/wp\/v2\/product_cat?post=320"},{"taxonomy":"product_tag","embeddable":true,"href":"https:\/\/marketplace.epassi.fi\/verneri-hast\/wp-json\/wp\/v2\/product_tag?post=320"}],"curies":[{"name":"wp","href":"https:\/\/api.w.org\/{rel}","templated":true}]}}