{"id":321,"date":"2021-11-16T20:49:00","date_gmt":"2021-11-16T18:49:00","guid":{"rendered":"https:\/\/marketplace.epassi.fi\/verneri-hast\/?post_type=product&#038;p=321"},"modified":"2026-04-01T16:41:10","modified_gmt":"2026-04-01T13:41:10","slug":"fysioterapia-45-min","status":"publish","type":"product","link":"https:\/\/marketplace.epassi.fi\/verneri-hast\/kauppa\/hyvinvointi\/fysioterapia\/fysioterapia-45-min\/","title":{"rendered":"Fysioterapia 45 min"},"content":{"rendered":"<p>Fysioterapia perustuu terveyden, liikkumisen ja toimintakyvyn edellytysten tuntemiseen ja parhaaseen saatavilla olevaan tietoon. Fysioterapiassa arvioidaan asiakkaan\/potilaan terveytt\u00e4, liikkumista, toimintakyky\u00e4 ja toimintarajoitteita h\u00e4nen toimintaymp\u00e4rist\u00f6ss\u00e4\u00e4n. Fysioterapian menetelmi\u00e4 ovat terveytt\u00e4 ja toimintakyky\u00e4 edist\u00e4v\u00e4 ohjaus ja neuvonta, terapeuttinen harjoittelu sek\u00e4 manuaalinen ja fysikaalinen terapia.<\/p>\n<p>Kortti voimassa 6 kk, ostohetkest\u00e4.<\/p>\n<p>K\u00e4ynti sis\u00e4lt\u00e4\u00e4 lakis\u00e4\u00e4teisen 5-10 minuutin kirjaamisajan.<\/p>\n","protected":false},"excerpt":{"rendered":"<p>Fysioterapeuttina minua erityisesti kiinnostaa tuki- ja liikuntaelinvaivojen fysioterapia. Olen opintojeni sek\u00e4 urani aikana perehtynyt mm. terapeuttisen harjoittelun ohjaukseen sek\u00e4 nivelten mobilisointiin.<\/p>\n<h3><strong>Koulutukset:<\/strong><\/h3>\n<ul>\n<li>Fysioterapian ko. Savonia, 2015<\/li>\n<li>Fasciamobilisaatio &amp; -manipulaatiokoulutus, Manipulatiivinen ft Teemu Lepp\u00e4m\u00e4ki, 6.6.2015<\/li>\n<li>INTEGRAALINEN FYSIOTERAPIA. Neurobiomekaaniset ja biopsykososiaaliset tekij\u00e4t alaraajakivuissa. Teorioista tutkimiseen, hoitoon ja hallintaan, Kehonhuoltamo Fixit, ft Jari Tapio, 4.-5.5.2018<\/li>\n<li>Manuaalisen terapian harjoittelup\u00e4iv\u00e4t: Teemana nivelten mobilisaatio, fysioterapeutti OMT, TtM (fysioterapian opettaja) Raimo K\u00e4\u00e4ri\u00e4inen, 18.-19.5.2018<\/li>\n<li>Polven etuosan kiputila -Webinaari, Kehonhuoltamo Fixit, ft Jari Tapio, 18.3.2021<\/li>\n<\/ul>\n","protected":false},"featured_media":322,"comment_status":"open","ping_status":"closed","template":"","meta":{"_acf_changed":false,"_kad_post_transparent":"default","_kad_post_title":"","_kad_post_layout":"default","_kad_post_sidebar_id":"","_kad_post_content_style":"default","_kad_post_vertical_padding":"default","_kad_post_feature":"","_kad_post_feature_position":"","_kad_post_header":false,"_kad_post_footer":false,"_kad_post_classname":""},"product_brand":[],"product_cat":[32,21],"product_tag":[],"class_list":{"0":"post-321","1":"product","2":"type-product","3":"status-publish","4":"has-post-thumbnail","6":"product_cat-fysioterapia","7":"product_cat-hyvinvointi","9":"first","10":"instock","11":"taxable","12":"shipping-taxable","13":"purchasable","14":"product-type-simple","15":"entry","16":"content-bg","17":"loop-entry"},"acf":[],"_links":{"self":[{"href":"https:\/\/marketplace.epassi.fi\/verneri-hast\/wp-json\/wp\/v2\/product\/321","targetHints":{"allow":["GET"]}}],"collection":[{"href":"https:\/\/marketplace.epassi.fi\/verneri-hast\/wp-json\/wp\/v2\/product"}],"about":[{"href":"https:\/\/marketplace.epassi.fi\/verneri-hast\/wp-json\/wp\/v2\/types\/product"}],"replies":[{"embeddable":true,"href":"https:\/\/marketplace.epassi.fi\/verneri-hast\/wp-json\/wp\/v2\/comments?post=321"}],"wp:featuredmedia":[{"embeddable":true,"href":"https:\/\/marketplace.epassi.fi\/verneri-hast\/wp-json\/wp\/v2\/media\/322"}],"wp:attachment":[{"href":"https:\/\/marketplace.epassi.fi\/verneri-hast\/wp-json\/wp\/v2\/media?parent=321"}],"wp:term":[{"taxonomy":"product_brand","embeddable":true,"href":"https:\/\/marketplace.epassi.fi\/verneri-hast\/wp-json\/wp\/v2\/product_brand?post=321"},{"taxonomy":"product_cat","embeddable":true,"href":"https:\/\/marketplace.epassi.fi\/verneri-hast\/wp-json\/wp\/v2\/product_cat?post=321"},{"taxonomy":"product_tag","embeddable":true,"href":"https:\/\/marketplace.epassi.fi\/verneri-hast\/wp-json\/wp\/v2\/product_tag?post=321"}],"curies":[{"name":"wp","href":"https:\/\/api.w.org\/{rel}","templated":true}]}}