{"id":497,"date":"2025-10-30T13:49:37","date_gmt":"2025-10-30T11:49:37","guid":{"rendered":"https:\/\/marketplace.epassi.fi\/verneri-hast\/?post_type=product&#038;p=497"},"modified":"2025-10-30T13:50:05","modified_gmt":"2025-10-30T11:50:05","slug":"sarjakortti-fysioterapia","status":"publish","type":"product","link":"https:\/\/marketplace.epassi.fi\/verneri-hast\/kauppa\/hyvinvointi\/fysioterapia\/sarjakortti-fysioterapia\/","title":{"rendered":"Sarjakortti (fysioterapia)"},"content":{"rendered":"<p>Voit ostaa sarjakortin ePassin Hyvinvointisaldon arvolla. Sarjakortti k\u00e4y fysioterapiak\u00e4ynneille. Voit my\u00f6hemmin p\u00e4\u00e4tt\u00e4\u00e4, miten k\u00e4yt\u00e4t em. summan kun varailet aikoja:<\/p>\n<p>https:\/\/nettiaika.fi\/VerneriHastFysioterapiaHieronta<\/p>\n<p>Yli 150 \u20ac arvoinen kortti on voimassa 12 kk, ostohetkest\u00e4.<\/p>\n<p>Alle 150\u20ac arvoinen kortti on voimassa 6 kk, ostohetkest\u00e4.<\/p>\n<p>K\u00e4ynti sis\u00e4lt\u00e4\u00e4 lakis\u00e4\u00e4teisen 5-10 minuutin kirjaamisajan.<\/p>\n","protected":false},"excerpt":{"rendered":"<blockquote><p>Sarjakortti hierontaan ja \/ tai fysioterapiaan ovat loistavia hankintoja, joista moni hy\u00f6tyy suuresti.<\/p>\n<p>T\u00e4m\u00e4 on hyv\u00e4 valinta jos ePassin saldoa on paljon j\u00e4ljell\u00e4, etk\u00e4 ehdi sit\u00e4 k\u00e4ytt\u00e4m\u00e4\u00e4n vuoden loppuun menness\u00e4.<\/p>\n<p>Fysioterapia perustuu terveyden, liikkumisen ja toimintakyvyn edellytysten tuntemiseen ja parhaaseen saatavilla olevaan tietoon. Fysioterapiassa arvioidaan asiakkaan\/potilaan terveytt\u00e4, liikkumista, toimintakyky\u00e4 ja toimintarajoitteita h\u00e4nen toimintaymp\u00e4rist\u00f6ss\u00e4\u00e4n. Fysioterapian menetelmi\u00e4 ovat terveytt\u00e4 ja toimintakyky\u00e4 edist\u00e4v\u00e4 ohjaus ja neuvonta, terapeuttinen harjoittelu sek\u00e4 manuaalinen ja fysikaalinen terapia.<\/p>\n<p>Hieronnassa k\u00e4sittelen lihakset, nivelet, kalvot ja muut pehmytkudokset erilaisin k\u00e4den ottein sek\u00e4 ty\u00f6kaluin, s\u00e4\u00e4dellen hieronnan voimaa ja nopeutta niin, ett\u00e4 hieronta on anatomisesti ja fysiologisesti perusteltua ja tehokasta.<\/p><\/blockquote>\n","protected":false},"featured_media":310,"comment_status":"open","ping_status":"closed","template":"","meta":{"_acf_changed":false,"_kad_post_transparent":"default","_kad_post_title":"","_kad_post_layout":"default","_kad_post_sidebar_id":"","_kad_post_content_style":"default","_kad_post_vertical_padding":"default","_kad_post_feature":"","_kad_post_feature_position":"","_kad_post_header":false,"_kad_post_footer":false,"_kad_post_classname":""},"product_brand":[],"product_cat":[32,31,21],"product_tag":[],"class_list":{"0":"post-497","1":"product","2":"type-product","3":"status-publish","4":"has-post-thumbnail","6":"product_cat-fysioterapia","7":"product_cat-hieronta","8":"product_cat-hyvinvointi","10":"first","11":"instock","12":"taxable","13":"shipping-taxable","14":"purchasable","15":"product-type-variable","16":"has-default-attributes","17":"entry","18":"content-bg","19":"loop-entry"},"acf":[],"_links":{"self":[{"href":"https:\/\/marketplace.epassi.fi\/verneri-hast\/wp-json\/wp\/v2\/product\/497","targetHints":{"allow":["GET"]}}],"collection":[{"href":"https:\/\/marketplace.epassi.fi\/verneri-hast\/wp-json\/wp\/v2\/product"}],"about":[{"href":"https:\/\/marketplace.epassi.fi\/verneri-hast\/wp-json\/wp\/v2\/types\/product"}],"replies":[{"embeddable":true,"href":"https:\/\/marketplace.epassi.fi\/verneri-hast\/wp-json\/wp\/v2\/comments?post=497"}],"wp:featuredmedia":[{"embeddable":true,"href":"https:\/\/marketplace.epassi.fi\/verneri-hast\/wp-json\/wp\/v2\/media\/310"}],"wp:attachment":[{"href":"https:\/\/marketplace.epassi.fi\/verneri-hast\/wp-json\/wp\/v2\/media?parent=497"}],"wp:term":[{"taxonomy":"product_brand","embeddable":true,"href":"https:\/\/marketplace.epassi.fi\/verneri-hast\/wp-json\/wp\/v2\/product_brand?post=497"},{"taxonomy":"product_cat","embeddable":true,"href":"https:\/\/marketplace.epassi.fi\/verneri-hast\/wp-json\/wp\/v2\/product_cat?post=497"},{"taxonomy":"product_tag","embeddable":true,"href":"https:\/\/marketplace.epassi.fi\/verneri-hast\/wp-json\/wp\/v2\/product_tag?post=497"}],"curies":[{"name":"wp","href":"https:\/\/api.w.org\/{rel}","templated":true}]}}