{"id":22,"date":"2021-09-13T17:45:59","date_gmt":"2021-09-13T17:45:59","guid":{"rendered":"https:\/\/marketplace.epassi.fi\/viaesca\/?page_id=22"},"modified":"2021-10-12T10:57:35","modified_gmt":"2021-10-12T10:57:35","slug":"info","status":"publish","type":"page","link":"https:\/\/marketplace.epassi.fi\/viaesca\/info\/","title":{"rendered":"Info"},"content":{"rendered":"\n\t<div class=\"entry-content single-content\">\n\n\t\t<div class=\"wp-block-columns\" style=\"gap:30px\">\n\t\t\t<div class=\"wp-block-column\">\n\t\t\t\t<h2>Via Esca Oy<\/h2>\n\t\t\t\t<p><p>ViaEsca on suomalainen yritys, jonka missiona on lis\u00e4t\u00e4 hyvinvointia auttamalla ihmisi\u00e4 muuttamaan ruokailutottumuksiaan pysyv\u00e4sti. Palvelussamme r\u00e4\u00e4t\u00e4l\u00f6imme valmennettavalle ruokaohjelman pohjautuen h\u00e4nen omaan kalorinkulutukseensa mahdollisen painonpudotustavoitteen huomioiden. Tukena valmennuksessa on mobiilisovellus ruokalistoineen, resepteineen ja ostoslistoineen, valmentaja chat-yhteyden p\u00e4\u00e4ss\u00e4 sek\u00e4 halutessasi aktiivisuusranneke. <\/p>\n<\/p>\n\t\t\t\t<h3>Via Esca Oy<\/h3>\n\t\t\t\t<p>Salomonkatu 17A<br>\n\t\t\t\t\t00100 Helsinki<\/p>\n\t\t\t\t<p><a href=\"tel:0505298911\">0505298911<\/a><\/p>\n\t\t\t\t<p><a href=\"mailto:info@viaesca.com\">info@viaesca.com<\/a><\/p>\n\n\t\t\t\t\t\t\t<\/div>\n\n\t\t\t<div class=\"wp-block-column\">\n\t\t\t\t<figure class=\"wp-block-image size-large\"><img loading=\"lazy\" decoding=\"async\" width=\"768\" height=\"543\" src=\"https:\/\/marketplace.epassi.fi\/viaesca\/wp-content\/uploads\/sites\/54\/2021\/10\/ViaEscaISOkuva-768x543.jpg\" class=\"attachment-medium_large size-medium_large\" alt=\"\" \/><\/figure>\n\t\t\t<\/div>\n\t\t<\/div>\n\t<\/div>\n\t\n","protected":false},"excerpt":{"rendered":"","protected":false},"author":2,"featured_media":0,"parent":0,"menu_order":0,"comment_status":"closed","ping_status":"closed","template":"","meta":{"_acf_changed":false,"_kad_post_transparent":"","_kad_post_title":"","_kad_post_layout":"","_kad_post_sidebar_id":"","_kad_post_content_style":"","_kad_post_vertical_padding":"","_kad_post_feature":"","_kad_post_feature_position":"","_kad_post_header":false,"_kad_post_footer":false,"_kad_post_classname":"","footnotes":""},"class_list":["post-22","page","type-page","status-publish","hentry"],"acf":[],"_links":{"self":[{"href":"https:\/\/marketplace.epassi.fi\/viaesca\/wp-json\/wp\/v2\/pages\/22","targetHints":{"allow":["GET"]}}],"collection":[{"href":"https:\/\/marketplace.epassi.fi\/viaesca\/wp-json\/wp\/v2\/pages"}],"about":[{"href":"https:\/\/marketplace.epassi.fi\/viaesca\/wp-json\/wp\/v2\/types\/page"}],"author":[{"embeddable":true,"href":"https:\/\/marketplace.epassi.fi\/viaesca\/wp-json\/wp\/v2\/users\/2"}],"replies":[{"embeddable":true,"href":"https:\/\/marketplace.epassi.fi\/viaesca\/wp-json\/wp\/v2\/comments?post=22"}],"version-history":[{"count":10,"href":"https:\/\/marketplace.epassi.fi\/viaesca\/wp-json\/wp\/v2\/pages\/22\/revisions"}],"predecessor-version":[{"id":264,"href":"https:\/\/marketplace.epassi.fi\/viaesca\/wp-json\/wp\/v2\/pages\/22\/revisions\/264"}],"wp:attachment":[{"href":"https:\/\/marketplace.epassi.fi\/viaesca\/wp-json\/wp\/v2\/media?parent=22"}],"curies":[{"name":"wp","href":"https:\/\/api.w.org\/{rel}","templated":true}]}}