{"id":437,"date":"2023-05-17T15:49:54","date_gmt":"2023-05-17T12:49:54","guid":{"rendered":"https:\/\/marketplace.epassi.fi\/viaesca\/?post_type=product&#038;p=437"},"modified":"2025-10-30T14:06:06","modified_gmt":"2025-10-30T12:06:06","slug":"viaescan-90-paivan-valmennus-bodymajan-kehonkoostumusmittauspaketti-3-mittausta","status":"publish","type":"product","link":"https:\/\/marketplace.epassi.fi\/viaesca\/kauppa\/hyvinvointi\/viaescan-90-paivan-valmennus-bodymajan-kehonkoostumusmittauspaketti-3-mittausta\/","title":{"rendered":"ViaEscan 90 p\u00e4iv\u00e4n valmennus + Bodymajan kehonkoostumusmittauspaketti (3 mittausta)"},"content":{"rendered":"<p>Osta nyt ja k\u00e4yt\u00e4 my\u00f6hemmin!<\/p>\n<p>ViaEscan 90 p\u00e4iv\u00e4n valmennus (voit valita aloittaessasi haluatko TEHO- vai Step by step-valmennuksen) sek\u00e4 3 mittauskerran paketti Bodymajan kehonkoostumusmittaukseen (Bodymajalla on 10 mittauspistett\u00e4 eri puolilla Suomea) nyt samassa tuotteessa.<\/p>\n","protected":false},"excerpt":{"rendered":"<p>Nyt sinulla on mahdollisuus mitata oma kehityksesi valmennuksen kuluessa kehonkoostumusmittauksin. Suosittelemme mittausta esim. ennen valmennusohjelman aloitusta, 6 viikon kohdalla sek\u00e4 valmennuksen p\u00e4\u00e4tteeksi. Voit aloittaa valmennuksen itsellesi sopivana ajankohtana ja valita etenemistahdin valitsemalla joko TEHO- tai Step by Step-ohjelman. Valmentajamme auttaa valitsemaan juuri sinulle sopivan valmennusohjelman.<\/p>\n","protected":false},"featured_media":434,"comment_status":"open","ping_status":"closed","template":"","meta":{"_acf_changed":false,"_kad_post_transparent":"default","_kad_post_title":"","_kad_post_layout":"default","_kad_post_sidebar_id":"","_kad_post_content_style":"default","_kad_post_vertical_padding":"default","_kad_post_feature":"","_kad_post_feature_position":"","_kad_post_header":false,"_kad_post_footer":false,"_kad_post_classname":""},"product_brand":[],"product_cat":[21],"product_tag":[],"class_list":{"0":"post-437","1":"product","2":"type-product","3":"status-publish","4":"has-post-thumbnail","6":"product_cat-hyvinvointi","8":"first","9":"instock","10":"taxable","11":"shipping-taxable","12":"purchasable","13":"product-type-simple","14":"entry","15":"content-bg","16":"loop-entry"},"acf":[],"_links":{"self":[{"href":"https:\/\/marketplace.epassi.fi\/viaesca\/wp-json\/wp\/v2\/product\/437","targetHints":{"allow":["GET"]}}],"collection":[{"href":"https:\/\/marketplace.epassi.fi\/viaesca\/wp-json\/wp\/v2\/product"}],"about":[{"href":"https:\/\/marketplace.epassi.fi\/viaesca\/wp-json\/wp\/v2\/types\/product"}],"replies":[{"embeddable":true,"href":"https:\/\/marketplace.epassi.fi\/viaesca\/wp-json\/wp\/v2\/comments?post=437"}],"wp:featuredmedia":[{"embeddable":true,"href":"https:\/\/marketplace.epassi.fi\/viaesca\/wp-json\/wp\/v2\/media\/434"}],"wp:attachment":[{"href":"https:\/\/marketplace.epassi.fi\/viaesca\/wp-json\/wp\/v2\/media?parent=437"}],"wp:term":[{"taxonomy":"product_brand","embeddable":true,"href":"https:\/\/marketplace.epassi.fi\/viaesca\/wp-json\/wp\/v2\/product_brand?post=437"},{"taxonomy":"product_cat","embeddable":true,"href":"https:\/\/marketplace.epassi.fi\/viaesca\/wp-json\/wp\/v2\/product_cat?post=437"},{"taxonomy":"product_tag","embeddable":true,"href":"https:\/\/marketplace.epassi.fi\/viaesca\/wp-json\/wp\/v2\/product_tag?post=437"}],"curies":[{"name":"wp","href":"https:\/\/api.w.org\/{rel}","templated":true}]}}