{"id":67,"date":"2021-09-13T18:36:17","date_gmt":"2021-09-13T15:36:17","guid":{"rendered":"https:\/\/marketplace.epassi.fi\/viaesca\/?post_type=product&#038;p=67"},"modified":"2025-10-30T14:06:37","modified_gmt":"2025-10-30T12:06:37","slug":"viaesca-jatkomatka-6kk","status":"publish","type":"product","link":"https:\/\/marketplace.epassi.fi\/viaesca\/kauppa\/hyvinvointi\/viaesca-jatkomatka-6kk\/","title":{"rendered":"ViaEsca jatkomatka 6kk"},"content":{"rendered":"<p>Osta nyt ja aktivoi haluamanasi ajankohtana!<\/p>\n<p>ViaEsca jatkomatka-tuote on mahdollinen vain jo aloitus- tai muutosmatkan l\u00e4pik\u00e4yneille.<\/p>\n","protected":false},"excerpt":{"rendered":"<p>ViaEscan\u00a0jatkomatka tukee\u00a0sinua painonhallintatavoitteissasi, terveellisten ruokailutottumusten lujittamisessa ja uusissa haasteissa aloitus- tai muutosmatkan j\u00e4lkeen. Voit jatkaa helppojen ja terveellisten ViaEsca aterioiden nauttimista, tulostaa ostoslistoja sek\u00e4 selata ViaEsca reseptej\u00e4. Voit itse p\u00e4\u00e4tt\u00e4\u00e4 haluatko k\u00e4ytt\u00e4\u00e4 sovellusta edelleen ruuat merkiten ja kaloritasapainoa seuraten vai keskitty\u00e4 rennompaan ruokailuun laittamalla Rento-asetuksen p\u00e4\u00e4lle. Julkaisemme uusia reseptej\u00e4 sovelluksessa kuukausittain.<\/p>\n","protected":false},"featured_media":316,"comment_status":"open","ping_status":"closed","template":"","meta":{"_acf_changed":false,"_kad_post_transparent":"default","_kad_post_title":"","_kad_post_layout":"default","_kad_post_sidebar_id":"","_kad_post_content_style":"default","_kad_post_vertical_padding":"default","_kad_post_feature":"","_kad_post_feature_position":"","_kad_post_header":false,"_kad_post_footer":false,"_kad_post_classname":""},"product_brand":[],"product_cat":[21],"product_tag":[],"class_list":{"0":"post-67","1":"product","2":"type-product","3":"status-publish","4":"has-post-thumbnail","6":"product_cat-hyvinvointi","8":"first","9":"instock","10":"virtual","11":"taxable","12":"purchasable","13":"product-type-simple","14":"entry","15":"content-bg","16":"loop-entry"},"acf":[],"_links":{"self":[{"href":"https:\/\/marketplace.epassi.fi\/viaesca\/wp-json\/wp\/v2\/product\/67","targetHints":{"allow":["GET"]}}],"collection":[{"href":"https:\/\/marketplace.epassi.fi\/viaesca\/wp-json\/wp\/v2\/product"}],"about":[{"href":"https:\/\/marketplace.epassi.fi\/viaesca\/wp-json\/wp\/v2\/types\/product"}],"replies":[{"embeddable":true,"href":"https:\/\/marketplace.epassi.fi\/viaesca\/wp-json\/wp\/v2\/comments?post=67"}],"wp:featuredmedia":[{"embeddable":true,"href":"https:\/\/marketplace.epassi.fi\/viaesca\/wp-json\/wp\/v2\/media\/316"}],"wp:attachment":[{"href":"https:\/\/marketplace.epassi.fi\/viaesca\/wp-json\/wp\/v2\/media?parent=67"}],"wp:term":[{"taxonomy":"product_brand","embeddable":true,"href":"https:\/\/marketplace.epassi.fi\/viaesca\/wp-json\/wp\/v2\/product_brand?post=67"},{"taxonomy":"product_cat","embeddable":true,"href":"https:\/\/marketplace.epassi.fi\/viaesca\/wp-json\/wp\/v2\/product_cat?post=67"},{"taxonomy":"product_tag","embeddable":true,"href":"https:\/\/marketplace.epassi.fi\/viaesca\/wp-json\/wp\/v2\/product_tag?post=67"}],"curies":[{"name":"wp","href":"https:\/\/api.w.org\/{rel}","templated":true}]}}