{"id":289,"date":"2021-10-20T17:08:34","date_gmt":"2021-10-20T14:08:34","guid":{"rendered":"https:\/\/marketplace.epassi.fi\/voimistaja\/?post_type=product&#038;p=289"},"modified":"2025-11-07T21:40:47","modified_gmt":"2025-11-07T19:40:47","slug":"raskaushieronta-purentalihashieronta-hieronta-45-min","status":"publish","type":"product","link":"https:\/\/marketplace.epassi.fi\/voimistaja\/kauppa\/hyvinvointi\/hieronta\/raskaushieronta-purentalihashieronta-hieronta-45-min\/","title":{"rendered":"Raskaushieronta\/ purentalihashieronta\/ hieronta 45 min"},"content":{"rendered":"<p>45 min hoitava tai klassinen hieronta\/ purentalihashieronta tai raskaushieronta. Lis\u00e4tietoja palveluistani: https:\/\/voimistaja.fi<\/p>\n<p>ePassilla maksettavat hieronnat vain omaa k\u00e4ytt\u00f6\u00f6n, n\u00e4it\u00e4 ei voi antaa lahjaksi.<\/p>\n<p>Varattavissa oikeastaan vain aamu- ja aamup\u00e4iv\u00e4aikoja, satunnaisesti my\u00f6s iltap\u00e4iv\u00e4aikoja (klo 14-15 alkaen) vapaana. Kes\u00e4-ja hein\u00e4kuussa eniten vapaita aikoja.<\/p>\n<p>Hieronta-aika on varattava 6 kk sis\u00e4ll\u00e4 ostosta ja k\u00e4ytett\u00e4v\u00e4 7 kk sis\u00e4ll\u00e4 ostosta, n\u00e4in aika saadaan viel\u00e4 mahtumaan kalenteriin. Otathan ajoissa yhteytt\u00e4, jos kalenterissa ei ole yht\u00e4\u00e4n vapaita aikoja.<\/p>\n","protected":false},"excerpt":{"rendered":"<p>45 min hoitava hieronta\/ purentalihashieronta tai raskaushieronta.<\/p>\n","protected":false},"featured_media":316,"comment_status":"open","ping_status":"closed","template":"","meta":{"_acf_changed":false,"_kad_post_transparent":"default","_kad_post_title":"","_kad_post_layout":"default","_kad_post_sidebar_id":"","_kad_post_content_style":"default","_kad_post_vertical_padding":"default","_kad_post_feature":"","_kad_post_feature_position":"","_kad_post_header":false,"_kad_post_footer":false,"_kad_post_classname":""},"product_brand":[],"product_cat":[31,21,15],"product_tag":[],"class_list":{"0":"post-289","1":"product","2":"type-product","3":"status-publish","4":"has-post-thumbnail","6":"product_cat-hieronta","7":"product_cat-hyvinvointi","8":"product_cat-yleinen","10":"first","11":"instock","12":"virtual","13":"taxable","14":"purchasable","15":"product-type-simple","16":"entry","17":"content-bg","18":"loop-entry"},"acf":[],"_links":{"self":[{"href":"https:\/\/marketplace.epassi.fi\/voimistaja\/wp-json\/wp\/v2\/product\/289","targetHints":{"allow":["GET"]}}],"collection":[{"href":"https:\/\/marketplace.epassi.fi\/voimistaja\/wp-json\/wp\/v2\/product"}],"about":[{"href":"https:\/\/marketplace.epassi.fi\/voimistaja\/wp-json\/wp\/v2\/types\/product"}],"replies":[{"embeddable":true,"href":"https:\/\/marketplace.epassi.fi\/voimistaja\/wp-json\/wp\/v2\/comments?post=289"}],"wp:featuredmedia":[{"embeddable":true,"href":"https:\/\/marketplace.epassi.fi\/voimistaja\/wp-json\/wp\/v2\/media\/316"}],"wp:attachment":[{"href":"https:\/\/marketplace.epassi.fi\/voimistaja\/wp-json\/wp\/v2\/media?parent=289"}],"wp:term":[{"taxonomy":"product_brand","embeddable":true,"href":"https:\/\/marketplace.epassi.fi\/voimistaja\/wp-json\/wp\/v2\/product_brand?post=289"},{"taxonomy":"product_cat","embeddable":true,"href":"https:\/\/marketplace.epassi.fi\/voimistaja\/wp-json\/wp\/v2\/product_cat?post=289"},{"taxonomy":"product_tag","embeddable":true,"href":"https:\/\/marketplace.epassi.fi\/voimistaja\/wp-json\/wp\/v2\/product_tag?post=289"}],"curies":[{"name":"wp","href":"https:\/\/api.w.org\/{rel}","templated":true}]}}