{"id":290,"date":"2021-10-20T17:09:46","date_gmt":"2021-10-20T14:09:46","guid":{"rendered":"https:\/\/marketplace.epassi.fi\/voimistaja\/?post_type=product&#038;p=290"},"modified":"2025-10-30T13:59:59","modified_gmt":"2025-10-30T11:59:59","slug":"hieronta-30-min","status":"publish","type":"product","link":"https:\/\/marketplace.epassi.fi\/voimistaja\/kauppa\/hyvinvointi\/hieronta\/hieronta-30-min\/","title":{"rendered":"Lahjakortti 1 \u20ac (lis\u00e4\u00e4 haluamasi eurom\u00e4\u00e4r\u00e4 ostoskoriin)"},"content":{"rendered":"<p>Lahjakortti hierontaan (ei voi k\u00e4ytt\u00e4\u00e4 hemmotteluhoitoihin eik\u00e4 sokerointiin). Lis\u00e4\u00e4 haluamasi eurom\u00e4\u00e4r\u00e4 kappaleina koriin.<\/p>\n<p>ePassilla maksettavat hieronnat vain omaa k\u00e4ytt\u00f6\u00f6n, n\u00e4it\u00e4 ei voi antaa lahjaksi.<\/p>\n<p>Varattavissa oikeastaan vain aamu- ja aamup\u00e4iv\u00e4aikoja, satunnaisesti my\u00f6s iltap\u00e4iv\u00e4aikoja (klo 14-15 alkaen) vapaana. Kes\u00e4-ja hein\u00e4kuussa eniten vapaita aikoja.<\/p>\n<p>Hieronta-aika on varattava 6 kk sis\u00e4ll\u00e4 ostosta ja k\u00e4ytett\u00e4v\u00e4 7 kk sis\u00e4ll\u00e4 ostosta, n\u00e4in aika saadaan viel\u00e4 mahtumaan kalenteriin. Otathan ajoissa yhteytt\u00e4, jos kalenterissa ei ole yht\u00e4\u00e4n vapaita aikoja.<\/p>\n","protected":false},"excerpt":{"rendered":"<p>Lahjakortti hierontaan (ei voi k\u00e4ytt\u00e4\u00e4 hemmotteluhoitoihin eik\u00e4 sokerointiin). Lis\u00e4\u00e4 haluamasi eurom\u00e4\u00e4r\u00e4 ostoskoriin.<\/p>\n","protected":false},"featured_media":314,"comment_status":"open","ping_status":"closed","template":"","meta":{"_acf_changed":false,"_kad_post_transparent":"default","_kad_post_title":"","_kad_post_layout":"default","_kad_post_sidebar_id":"","_kad_post_content_style":"default","_kad_post_vertical_padding":"default","_kad_post_feature":"","_kad_post_feature_position":"","_kad_post_header":false,"_kad_post_footer":false,"_kad_post_classname":""},"product_brand":[],"product_cat":[31,21,15],"product_tag":[],"class_list":{"0":"post-290","1":"product","2":"type-product","3":"status-publish","4":"has-post-thumbnail","6":"product_cat-hieronta","7":"product_cat-hyvinvointi","8":"product_cat-yleinen","10":"first","11":"instock","12":"virtual","13":"taxable","14":"purchasable","15":"product-type-simple","16":"entry","17":"content-bg","18":"loop-entry"},"acf":[],"_links":{"self":[{"href":"https:\/\/marketplace.epassi.fi\/voimistaja\/wp-json\/wp\/v2\/product\/290","targetHints":{"allow":["GET"]}}],"collection":[{"href":"https:\/\/marketplace.epassi.fi\/voimistaja\/wp-json\/wp\/v2\/product"}],"about":[{"href":"https:\/\/marketplace.epassi.fi\/voimistaja\/wp-json\/wp\/v2\/types\/product"}],"replies":[{"embeddable":true,"href":"https:\/\/marketplace.epassi.fi\/voimistaja\/wp-json\/wp\/v2\/comments?post=290"}],"wp:featuredmedia":[{"embeddable":true,"href":"https:\/\/marketplace.epassi.fi\/voimistaja\/wp-json\/wp\/v2\/media\/314"}],"wp:attachment":[{"href":"https:\/\/marketplace.epassi.fi\/voimistaja\/wp-json\/wp\/v2\/media?parent=290"}],"wp:term":[{"taxonomy":"product_brand","embeddable":true,"href":"https:\/\/marketplace.epassi.fi\/voimistaja\/wp-json\/wp\/v2\/product_brand?post=290"},{"taxonomy":"product_cat","embeddable":true,"href":"https:\/\/marketplace.epassi.fi\/voimistaja\/wp-json\/wp\/v2\/product_cat?post=290"},{"taxonomy":"product_tag","embeddable":true,"href":"https:\/\/marketplace.epassi.fi\/voimistaja\/wp-json\/wp\/v2\/product_tag?post=290"}],"curies":[{"name":"wp","href":"https:\/\/api.w.org\/{rel}","templated":true}]}}