{"id":411,"date":"2023-10-31T13:12:50","date_gmt":"2023-10-31T11:12:50","guid":{"rendered":"https:\/\/marketplace.epassi.fi\/voimistaja\/?post_type=product&#038;p=411"},"modified":"2024-12-15T19:25:56","modified_gmt":"2024-12-15T17:25:56","slug":"matto-tai-laitepilates-yksityistunti-voimassa-6-kk","status":"publish","type":"product","link":"https:\/\/marketplace.epassi.fi\/voimistaja\/kauppa\/liikuntaedut\/liikunta-muut\/matto-tai-laitepilates-yksityistunti-voimassa-6-kk\/","title":{"rendered":"Matto- tai laitepilates\/ yksityistunti (Turku\/ online), ei voi k\u00e4ytt\u00e4\u00e4 hierontaan."},"content":{"rendered":"<p>Matto- tai laitepilates-yksityistunti PilatesM-studiolla Turussa (K\u00e4sity\u00f6l\u00e4iskatu 7) tai esim. oma kotitreeni online. Varaathan ajan mielell\u00e4\u00e4n jo ostaessasi tuotteen, viimeist\u00e4\u00e4n kuitenkin 30.6.2025. Yhteydenotot riikka@voimistaja.fi<\/p>\n<p>HUOM: Liikuntaedulla maksettua palvelua ei voi k\u00e4ytt\u00e4\u00e4 hierontaan.<\/p>\n","protected":false},"excerpt":{"rendered":"<p>Pilates-yksityistunti PilatesM-studiolla Turussa (K\u00e4sity\u00f6l\u00e4iskatu 7). Varaathan ajan mielell\u00e4\u00e4n jo ostaessasi tuotteen, viimeist\u00e4\u00e4n kuitenkin 30.6.2025. Yhteydenotot riikka@voimistaja.fi<\/p>\n<p>HUOM: Liikuntaedulla maksettua palvelua ei voi k\u00e4ytt\u00e4\u00e4 hierontaan.<\/p>\n","protected":false},"featured_media":413,"comment_status":"open","ping_status":"closed","template":"","meta":{"_acf_changed":false,"_kad_post_transparent":"default","_kad_post_title":"","_kad_post_layout":"default","_kad_post_sidebar_id":"","_kad_post_content_style":"default","_kad_post_vertical_padding":"default","_kad_post_feature":"","_kad_post_feature_position":"","_kad_post_header":false,"_kad_post_footer":false,"_kad_post_classname":""},"product_brand":[],"product_cat":[29,19,28],"product_tag":[],"class_list":{"0":"post-411","1":"product","2":"type-product","3":"status-publish","4":"has-post-thumbnail","6":"product_cat-liikunta-muut","7":"product_cat-liikuntaedut","8":"product_cat-verkkotreenit","10":"first","11":"instock","12":"taxable","13":"shipping-taxable","14":"purchasable","15":"product-type-simple","16":"entry","17":"content-bg","18":"loop-entry"},"acf":[],"_links":{"self":[{"href":"https:\/\/marketplace.epassi.fi\/voimistaja\/wp-json\/wp\/v2\/product\/411","targetHints":{"allow":["GET"]}}],"collection":[{"href":"https:\/\/marketplace.epassi.fi\/voimistaja\/wp-json\/wp\/v2\/product"}],"about":[{"href":"https:\/\/marketplace.epassi.fi\/voimistaja\/wp-json\/wp\/v2\/types\/product"}],"replies":[{"embeddable":true,"href":"https:\/\/marketplace.epassi.fi\/voimistaja\/wp-json\/wp\/v2\/comments?post=411"}],"wp:featuredmedia":[{"embeddable":true,"href":"https:\/\/marketplace.epassi.fi\/voimistaja\/wp-json\/wp\/v2\/media\/413"}],"wp:attachment":[{"href":"https:\/\/marketplace.epassi.fi\/voimistaja\/wp-json\/wp\/v2\/media?parent=411"}],"wp:term":[{"taxonomy":"product_brand","embeddable":true,"href":"https:\/\/marketplace.epassi.fi\/voimistaja\/wp-json\/wp\/v2\/product_brand?post=411"},{"taxonomy":"product_cat","embeddable":true,"href":"https:\/\/marketplace.epassi.fi\/voimistaja\/wp-json\/wp\/v2\/product_cat?post=411"},{"taxonomy":"product_tag","embeddable":true,"href":"https:\/\/marketplace.epassi.fi\/voimistaja\/wp-json\/wp\/v2\/product_tag?post=411"}],"curies":[{"name":"wp","href":"https:\/\/api.w.org\/{rel}","templated":true}]}}