{"id":22,"date":"2021-09-13T17:45:59","date_gmt":"2021-09-13T17:45:59","guid":{"rendered":"https:\/\/marketplace.epassi.fi\/wellnessroom-leppavaara\/?page_id=22"},"modified":"2021-10-12T10:57:35","modified_gmt":"2021-10-12T10:57:35","slug":"info","status":"publish","type":"page","link":"https:\/\/marketplace.epassi.fi\/wellnessroom-leppavaara\/info\/","title":{"rendered":"Info"},"content":{"rendered":"\n\t<div class=\"entry-content single-content\">\n\n\t\t<div class=\"wp-block-columns\" style=\"gap:30px\">\n\t\t\t<div class=\"wp-block-column\">\n\t\t\t\t<h2>WellnessRoom Oy: Hieronta- &amp; Fysiopalvelut<\/h2>\n\t\t\t\t<p><p>Ammattitaitoista ja tehokasta kehonhuoltoa vuodesta 2017.<br \/>\nOstamasi lahjakortti k\u00e4y kaikissa toimipisteiss\u00e4mme kaikilla meid\u00e4n ammattilaisilla.<\/p>\n<p>* Kivenlahti<br \/>\n* Lepp\u00e4vaara<br \/>\n* Nihtisilta \/ Mankkaa<br \/>\n* Suurpelto<br \/>\n* Kallio<\/p>\n<p>- urheiluhieronta<br \/>\n- klassinen hieronta<br \/>\n- osteopatia<br \/>\n- fysioterapia<br \/>\n- personal training- valmennukset<\/p>\n<\/p>\n\t\t\t\t<h3>WellnessRoom Oy<\/h3>\n\t\t\t\t<p>Linnoitustie 6 S\u00e4terinportti<br>\n\t\t\t\t\t02600 Espoo<\/p>\n\t\t\t\t<p><a href=\"tel:0105176720\">0105176720<\/a><\/p>\n\t\t\t\t<p><a href=\"mailto:info@wellnessroom.fi\">info@wellnessroom.fi<\/a><\/p>\n\n\t\t\t\t<h2>Toimipisteet<\/h2><div class=\"info-page-location-list\"><div class=\"info-page-location\"><h3>WellnessRoom Oy: Kivenlahti<\/h3><p>Merivirta 5, 02320 Espoo<\/p><p><a href=\"tel:0105176720\">0105176720<\/a><br><a href=\"mail:info@wellnessroom.fi\">info@wellnessroom.fi<\/a><p><a href=\"https:\/\/www.google.com\/maps\/search\/?api=1&query=Google&query_place_id=ChIJkWk-AKr0jUYR9zRieBOnUW8\">Katso sijainti kartalla <span>&#8599;<\/span><\/a><\/p><\/p><p>Ala-kivenlahdessa ostarilla, metron vieress\u00e4.\r\n\r\n- urheiluhieronta\r\n- klassinen hieronta\r\n- osteopatia\r\n- fysioterapia\r\n- personal training- valmennukset<\/p><\/div><div class=\"info-page-location\"><h3>WellnessRoom Oy: Lepp\u00e4vaara<\/h3><p>Linnoitustie 6 C, 02600 Espoo<\/p><p><a href=\"tel:0105176720\">0105176720<\/a><br><a href=\"mail:info@wellnessroom.fi\">info@wellnessroom.fi<\/a><p><a href=\"https:\/\/www.google.com\/maps\/search\/?api=1&query=Google&query_place_id=ChIJpVlbHdj1jUYRyGdI-4PstOY\">Katso sijainti kartalla <span>&#8599;<\/span><\/a><\/p><\/p><p>Business park S\u00e4terinportissa, kuntokeskuksen ja parturikampaamon vieress\u00e4.\r\nRaidejokerin varrella.\r\n\r\n- urheiluhieronta\r\n- klassinen hieronta\r\n- osteopatia\r\n- fysioterapia\r\n- personal training- valmennukset\r\n- Xcryo-huippukylm\u00e4hoidot<\/p><\/div><div class=\"info-page-location\"><h3>WellnessRoom Oy: Nihtisilta \/ Mankkaa<\/h3><p>Klovinpellontie 1, 02180 Espoo<\/p><p><a href=\"tel:0105176720\">0105176720<\/a><br><a href=\"mail:info@wellnessroom.fi\">info@wellnessroom.fi<\/a><p><a href=\"https:\/\/www.google.com\/maps\/search\/?api=1&query=Google&query_place_id=EidLbG92aW5wZWxsb250aWUgMSwgMDIxODAgRXNwb28sIEZpbmxhbmQiMBIuChQKEglBkeW-OfSNRhGOeNlHe8hNFxABKhQKEgmr5CO9OfSNRhGzj1QX-mvOQw\">Katso sijainti kartalla <span>&#8599;<\/span><\/a><\/p><\/p><p>Business park HILLS, 5.krs Loungen vieress\u00e4.\r\n\r\n- urheiluhieronta\r\n- klassinen hieronta\r\n- osteopatia\r\n- fysioterapia\r\n- personal training- valmennukset<\/p><\/div><div class=\"info-page-location\"><h3>WellnessRoom Oy: Suurpelto<\/h3><p>Suurpellon puistokatu 14, 02250 Espoo<\/p><p><a href=\"tel:0105176720\">0105176720<\/a><br><a href=\"mail:info@wellnessroom.fi\">info@wellnessroom.fi<\/a><p><a href=\"https:\/\/www.google.com\/maps\/search\/?api=1&query=Google&query_place_id=ChIJxYToDkn1jUYR-UvWzbZlNgk\">Katso sijainti kartalla <span>&#8599;<\/span><\/a><\/p><\/p><p>Suurpellossa katutasolla, bussipys\u00e4kkien ja palveluiden l\u00e4heisyydess\u00e4.\r\n\r\n- urheiluhieronta\r\n- klassinen hieronta\r\n- osteopatia\r\n- fysioterapia\r\n- personal training- valmennukset<\/p><\/div><div class=\"info-page-location\"><h3>WellnessRoom Oy: Kallio<\/h3><p>Kolmas linja 2, 00530 Helsinki<\/p><p><a href=\"tel:0105176720\">0105176720<\/a><br><a href=\"mail:info@wellnessroom.fi\">info@wellnessroom.fi<\/a><p><a href=\"https:\/\/www.google.com\/maps\/search\/?api=1&query=Google&query_place_id=ChIJu0C2AdULkkYRUL59zXkVLX8\">Katso sijainti kartalla <span>&#8599;<\/span><\/a><\/p><\/p><p>Naisten kuntokeskus B\u00f6\u00f6nan tiloissa. \r\nHUOM. T\u00c4M\u00c4 TOIMIPISTE VAIN NAISILLE. \r\n\r\n- urheiluhieronta\r\n- klassinen hieronta\r\n- osteopatia\r\n- fysioterapia\r\n- personal training- valmennukset<\/p><\/div><\/div>\t\t\t<\/div>\n\n\t\t\t<div class=\"wp-block-column\">\n\t\t\t\t<figure class=\"wp-block-image size-large\"><img loading=\"lazy\" decoding=\"async\" width=\"684\" height=\"154\" src=\"https:\/\/marketplace.epassi.fi\/wellnessroom-leppavaara\/wp-content\/uploads\/sites\/413\/2024\/11\/WR_logo_tumma.jpg\" class=\"attachment-medium_large size-medium_large\" alt=\"\" \/><\/figure>\n\t\t\t<\/div>\n\t\t<\/div>\n\t<\/div>\n\t\n","protected":false},"excerpt":{"rendered":"","protected":false},"author":2,"featured_media":0,"parent":0,"menu_order":0,"comment_status":"closed","ping_status":"closed","template":"","meta":{"_acf_changed":false,"_kad_post_transparent":"","_kad_post_title":"","_kad_post_layout":"","_kad_post_sidebar_id":"","_kad_post_content_style":"","_kad_post_vertical_padding":"","_kad_post_feature":"","_kad_post_feature_position":"","_kad_post_header":false,"_kad_post_footer":false,"_kad_post_classname":"","footnotes":""},"class_list":["post-22","page","type-page","status-publish","hentry"],"acf":[],"_links":{"self":[{"href":"https:\/\/marketplace.epassi.fi\/wellnessroom-leppavaara\/wp-json\/wp\/v2\/pages\/22","targetHints":{"allow":["GET"]}}],"collection":[{"href":"https:\/\/marketplace.epassi.fi\/wellnessroom-leppavaara\/wp-json\/wp\/v2\/pages"}],"about":[{"href":"https:\/\/marketplace.epassi.fi\/wellnessroom-leppavaara\/wp-json\/wp\/v2\/types\/page"}],"author":[{"embeddable":true,"href":"https:\/\/marketplace.epassi.fi\/wellnessroom-leppavaara\/wp-json\/wp\/v2\/users\/2"}],"replies":[{"embeddable":true,"href":"https:\/\/marketplace.epassi.fi\/wellnessroom-leppavaara\/wp-json\/wp\/v2\/comments?post=22"}],"version-history":[{"count":10,"href":"https:\/\/marketplace.epassi.fi\/wellnessroom-leppavaara\/wp-json\/wp\/v2\/pages\/22\/revisions"}],"predecessor-version":[{"id":264,"href":"https:\/\/marketplace.epassi.fi\/wellnessroom-leppavaara\/wp-json\/wp\/v2\/pages\/22\/revisions\/264"}],"wp:attachment":[{"href":"https:\/\/marketplace.epassi.fi\/wellnessroom-leppavaara\/wp-json\/wp\/v2\/media?parent=22"}],"curies":[{"name":"wp","href":"https:\/\/api.w.org\/{rel}","templated":true}]}}