{"id":282,"date":"2024-11-19T17:15:27","date_gmt":"2024-11-19T15:15:27","guid":{"rendered":"https:\/\/marketplace.epassi.fi\/wellnessroom-leppavaara\/?post_type=product&#038;p=282"},"modified":"2025-10-30T16:40:09","modified_gmt":"2025-10-30T14:40:09","slug":"hieronta-90min-hyvinvointietu","status":"publish","type":"product","link":"https:\/\/marketplace.epassi.fi\/wellnessroom-leppavaara\/kauppa\/hyvinvointi\/hieronta\/hieronta-90min-hyvinvointietu\/","title":{"rendered":"Hieronta 90min"},"content":{"rendered":"","protected":false},"excerpt":{"rendered":"<p>Klassinen- tai urheiluhieronta 90min.<\/p>\n<p>Aika soveltuu kokovartalon k\u00e4sittelyyn: jalat, selk\u00e4, niska, k\u00e4det ja hartiat. Tarkempi sis\u00e4lt\u00f6 sovitaan yhdess\u00e4 asiakkaan kanssa vastaanotolla.<\/p>\n<p><strong>Lahjakortti voimassa 6 kk ostop\u00e4iv\u00e4st\u00e4.<\/strong> Lahjakortti k\u00e4y kaikilla meid\u00e4n toimipisteill\u00e4, kaikilla hierojilla.<\/p>\n","protected":false},"featured_media":344,"comment_status":"open","ping_status":"closed","template":"","meta":{"_acf_changed":false,"_kad_post_transparent":"default","_kad_post_title":"","_kad_post_layout":"default","_kad_post_sidebar_id":"","_kad_post_content_style":"default","_kad_post_vertical_padding":"default","_kad_post_feature":"","_kad_post_feature_position":"","_kad_post_header":false,"_kad_post_footer":false,"_kad_post_classname":""},"product_brand":[],"product_cat":[31,21],"product_tag":[],"class_list":{"0":"post-282","1":"product","2":"type-product","3":"status-publish","4":"has-post-thumbnail","6":"product_cat-hieronta","7":"product_cat-hyvinvointi","9":"first","10":"instock","11":"virtual","12":"purchasable","13":"product-type-simple","14":"entry","15":"content-bg","16":"loop-entry"},"acf":[],"_links":{"self":[{"href":"https:\/\/marketplace.epassi.fi\/wellnessroom-leppavaara\/wp-json\/wp\/v2\/product\/282","targetHints":{"allow":["GET"]}}],"collection":[{"href":"https:\/\/marketplace.epassi.fi\/wellnessroom-leppavaara\/wp-json\/wp\/v2\/product"}],"about":[{"href":"https:\/\/marketplace.epassi.fi\/wellnessroom-leppavaara\/wp-json\/wp\/v2\/types\/product"}],"replies":[{"embeddable":true,"href":"https:\/\/marketplace.epassi.fi\/wellnessroom-leppavaara\/wp-json\/wp\/v2\/comments?post=282"}],"wp:featuredmedia":[{"embeddable":true,"href":"https:\/\/marketplace.epassi.fi\/wellnessroom-leppavaara\/wp-json\/wp\/v2\/media\/344"}],"wp:attachment":[{"href":"https:\/\/marketplace.epassi.fi\/wellnessroom-leppavaara\/wp-json\/wp\/v2\/media?parent=282"}],"wp:term":[{"taxonomy":"product_brand","embeddable":true,"href":"https:\/\/marketplace.epassi.fi\/wellnessroom-leppavaara\/wp-json\/wp\/v2\/product_brand?post=282"},{"taxonomy":"product_cat","embeddable":true,"href":"https:\/\/marketplace.epassi.fi\/wellnessroom-leppavaara\/wp-json\/wp\/v2\/product_cat?post=282"},{"taxonomy":"product_tag","embeddable":true,"href":"https:\/\/marketplace.epassi.fi\/wellnessroom-leppavaara\/wp-json\/wp\/v2\/product_tag?post=282"}],"curies":[{"name":"wp","href":"https:\/\/api.w.org\/{rel}","templated":true}]}}