{"id":289,"date":"2021-10-20T17:08:34","date_gmt":"2021-10-20T17:08:34","guid":{"rendered":"https:\/\/marketplace.epassi.fi\/wellnessroom-leppavaara\/?post_type=product&#038;p=289"},"modified":"2025-10-30T16:40:15","modified_gmt":"2025-10-30T14:40:15","slug":"hieronta-60min-hyvinvointietu","status":"publish","type":"product","link":"https:\/\/marketplace.epassi.fi\/wellnessroom-leppavaara\/kauppa\/hyvinvointi\/hieronta\/hieronta-60min-hyvinvointietu\/","title":{"rendered":"Hieronta 60min"},"content":{"rendered":"","protected":false},"excerpt":{"rendered":"<p>Klassinen- tai urheiluhieronta 60min.<\/p>\n<p>Aika soveltuu kehon puolihoitoon, esim. alaselk\u00e4, yl\u00e4selk\u00e4 ja niska-hartiaseutu, tai alaraajat perusteellisemmin. Hoidon tarkempi sis\u00e4lt\u00f6 sovitaan yhdess\u00e4 asiakkaan kanssa vastaanotolla.<\/p>\n<p><strong>Lahjakortti voimassa 6 kk ostop\u00e4iv\u00e4st\u00e4.<\/strong> Lahjakortti k\u00e4y kaikilla meid\u00e4n toimipisteill\u00e4, kaikilla hierojilla.<\/p>\n","protected":false},"featured_media":344,"comment_status":"open","ping_status":"closed","template":"","meta":{"_acf_changed":false,"_kad_post_transparent":"default","_kad_post_title":"","_kad_post_layout":"default","_kad_post_sidebar_id":"","_kad_post_content_style":"default","_kad_post_vertical_padding":"default","_kad_post_feature":"","_kad_post_feature_position":"","_kad_post_header":false,"_kad_post_footer":false,"_kad_post_classname":""},"product_brand":[],"product_cat":[31,21],"product_tag":[],"class_list":{"0":"post-289","1":"product","2":"type-product","3":"status-publish","4":"has-post-thumbnail","6":"product_cat-hieronta","7":"product_cat-hyvinvointi","9":"first","10":"instock","11":"virtual","12":"purchasable","13":"product-type-simple","14":"entry","15":"content-bg","16":"loop-entry"},"acf":[],"_links":{"self":[{"href":"https:\/\/marketplace.epassi.fi\/wellnessroom-leppavaara\/wp-json\/wp\/v2\/product\/289","targetHints":{"allow":["GET"]}}],"collection":[{"href":"https:\/\/marketplace.epassi.fi\/wellnessroom-leppavaara\/wp-json\/wp\/v2\/product"}],"about":[{"href":"https:\/\/marketplace.epassi.fi\/wellnessroom-leppavaara\/wp-json\/wp\/v2\/types\/product"}],"replies":[{"embeddable":true,"href":"https:\/\/marketplace.epassi.fi\/wellnessroom-leppavaara\/wp-json\/wp\/v2\/comments?post=289"}],"wp:featuredmedia":[{"embeddable":true,"href":"https:\/\/marketplace.epassi.fi\/wellnessroom-leppavaara\/wp-json\/wp\/v2\/media\/344"}],"wp:attachment":[{"href":"https:\/\/marketplace.epassi.fi\/wellnessroom-leppavaara\/wp-json\/wp\/v2\/media?parent=289"}],"wp:term":[{"taxonomy":"product_brand","embeddable":true,"href":"https:\/\/marketplace.epassi.fi\/wellnessroom-leppavaara\/wp-json\/wp\/v2\/product_brand?post=289"},{"taxonomy":"product_cat","embeddable":true,"href":"https:\/\/marketplace.epassi.fi\/wellnessroom-leppavaara\/wp-json\/wp\/v2\/product_cat?post=289"},{"taxonomy":"product_tag","embeddable":true,"href":"https:\/\/marketplace.epassi.fi\/wellnessroom-leppavaara\/wp-json\/wp\/v2\/product_tag?post=289"}],"curies":[{"name":"wp","href":"https:\/\/api.w.org\/{rel}","templated":true}]}}