{"id":351,"date":"2024-11-20T14:27:25","date_gmt":"2024-11-20T12:27:25","guid":{"rendered":"https:\/\/marketplace.epassi.fi\/wellnessroom-leppavaara\/?post_type=product&#038;p=351"},"modified":"2024-11-20T15:22:32","modified_gmt":"2024-11-20T13:22:32","slug":"personal-trainer-valmennus","status":"publish","type":"product","link":"https:\/\/marketplace.epassi.fi\/wellnessroom-leppavaara\/kauppa\/liikuntaedut\/kuntosali\/personal-trainer-valmennus\/","title":{"rendered":"Personal trainer- valmennus"},"content":{"rendered":"","protected":false},"excerpt":{"rendered":"<p>n. 90min tapaaminen koulutetun ja kokeneen valmentajan kanssa, joka on koulutukseltaan my\u00f6s Fysioterapeutti tai Osteopaatti sek\u00e4 Urheiluhieroja. Tapaaminen ensisijaisesti meid\u00e4n yhteisty\u00f6 kuntokeskuksissa Lepp\u00e4vaara, Kivenlahti tai Kallio. Valmennuksen ajaksi et tarvitse erikseen kuntosalille j\u00e4senyytt\u00e4.<\/p>\n<p>Tapaaminen sis\u00e4lt\u00e4\u00e4:<\/p>\n<ul>\n<li>alkukartoitus<\/li>\n<li>henkil\u00f6kohtainen, juuri Sinun tarpeisiin ja\/tai rajoitteisiin r\u00e4\u00e4t\u00e4l\u00f6ity treeniohjelma kuntosalille<\/li>\n<li>liikkeiden tekniikat perusteellisesti tutuiksi<\/li>\n<\/ul>\n<p><strong>Lahjakortti voimassa 6 kk ostop\u00e4iv\u00e4st\u00e4.\u00a0<\/strong><\/p>\n","protected":false},"featured_media":353,"comment_status":"open","ping_status":"closed","template":"","meta":{"_acf_changed":false,"_kad_post_transparent":"default","_kad_post_title":"","_kad_post_layout":"default","_kad_post_sidebar_id":"","_kad_post_content_style":"default","_kad_post_vertical_padding":"default","_kad_post_feature":"","_kad_post_feature_position":"","_kad_post_header":false,"_kad_post_footer":false,"_kad_post_classname":""},"product_brand":[],"product_cat":[23,29,19],"product_tag":[],"class_list":{"0":"post-351","1":"product","2":"type-product","3":"status-publish","4":"has-post-thumbnail","6":"product_cat-kuntosali","7":"product_cat-liikunta-muut","8":"product_cat-liikuntaedut","10":"first","11":"instock","12":"virtual","13":"taxable","14":"purchasable","15":"product-type-simple","16":"entry","17":"content-bg","18":"loop-entry"},"acf":[],"_links":{"self":[{"href":"https:\/\/marketplace.epassi.fi\/wellnessroom-leppavaara\/wp-json\/wp\/v2\/product\/351","targetHints":{"allow":["GET"]}}],"collection":[{"href":"https:\/\/marketplace.epassi.fi\/wellnessroom-leppavaara\/wp-json\/wp\/v2\/product"}],"about":[{"href":"https:\/\/marketplace.epassi.fi\/wellnessroom-leppavaara\/wp-json\/wp\/v2\/types\/product"}],"replies":[{"embeddable":true,"href":"https:\/\/marketplace.epassi.fi\/wellnessroom-leppavaara\/wp-json\/wp\/v2\/comments?post=351"}],"wp:featuredmedia":[{"embeddable":true,"href":"https:\/\/marketplace.epassi.fi\/wellnessroom-leppavaara\/wp-json\/wp\/v2\/media\/353"}],"wp:attachment":[{"href":"https:\/\/marketplace.epassi.fi\/wellnessroom-leppavaara\/wp-json\/wp\/v2\/media?parent=351"}],"wp:term":[{"taxonomy":"product_brand","embeddable":true,"href":"https:\/\/marketplace.epassi.fi\/wellnessroom-leppavaara\/wp-json\/wp\/v2\/product_brand?post=351"},{"taxonomy":"product_cat","embeddable":true,"href":"https:\/\/marketplace.epassi.fi\/wellnessroom-leppavaara\/wp-json\/wp\/v2\/product_cat?post=351"},{"taxonomy":"product_tag","embeddable":true,"href":"https:\/\/marketplace.epassi.fi\/wellnessroom-leppavaara\/wp-json\/wp\/v2\/product_tag?post=351"}],"curies":[{"name":"wp","href":"https:\/\/api.w.org\/{rel}","templated":true}]}}