{"id":22,"date":"2021-09-13T17:45:59","date_gmt":"2021-09-13T17:45:59","guid":{"rendered":"https:\/\/marketplace.epassi.fi\/yllas-ski-resort-akaslompolo\/?page_id=22"},"modified":"2021-10-12T10:57:35","modified_gmt":"2021-10-12T10:57:35","slug":"info","status":"publish","type":"page","link":"https:\/\/marketplace.epassi.fi\/yllas-ski-resort-akaslompolo\/info\/","title":{"rendered":"Info"},"content":{"rendered":"\n\t<div class=\"entry-content single-content\">\n\n\t\t<div class=\"wp-block-columns\" style=\"gap:30px\">\n\t\t\t<div class=\"wp-block-column\">\n\t\t\t\t<h2>Yll\u00e4s - Suomen suurin hiihtokeskus<\/h2>\n\t\t\t\t<p><p>Yll\u00e4s on mitoiltaan Suomen ylivoimaisesti suurin hiihtokeskus.<\/p>\n<p>Yhdess\u00e4k\u00e4\u00e4n muussa keskuksessa ei ole tarjolla niin mittavia rinnepituuksia ja korkeuseroja, joista Yll\u00e4ksell\u00e4 saadaan nauttia. Ainutlaatuista on my\u00f6s sijainti kahden aidon lappilaiskyl\u00e4n v\u00e4liss\u00e4, jolloin laskettelup\u00e4iv\u00e4n aikana on mahdollista risteill\u00e4 kahden eri kyl\u00e4n rinnealueilla.<\/p>\n<p>Yll\u00e4stunturin pohjoispuolella sijaitsee \u00c4k\u00e4slompolon rinteet ja etel\u00e4puolella Yll\u00e4sj\u00e4rven rinteet. Huipulle vievien hissien yl\u00e4asemilta voit vapaasti valita mille alueelle kulloinkin suksesi suuntaat.<\/p>\n<p>Yll\u00e4s on vuoden 2024 hiihtokeskus!<\/p>\n<p>Lis\u00e4tiedot:<br \/>\nhttps:\/\/ski.yllas.fi\/<\/p>\n<\/p>\n\t\t\t\t<h3>Yll\u00e4s Ski Resort, \u00c4k\u00e4slompolo<\/h3>\n\t\t\t\t<p>Tunturintie 56<br>\n\t\t\t\t\t95970 \u00c4K\u00c4SLOMPOLO<\/p>\n\t\t\t\t<p><a href=\"tel:+358 40 509 3082\">+358 40 509 3082<\/a><\/p>\n\t\t\t\t<p><a href=\"mailto:north@yllasskiresort.fi\">north@yllasskiresort.fi<\/a><\/p>\n\n\t\t\t\t<h2>Toimipisteet<\/h2><div class=\"info-page-location-list\"><div class=\"info-page-location\"><h3>Yll\u00e4s Ski Resort, \u00c4k\u00e4slompolo<\/h3><p>Tunturintie 56a, 95970 Lappi<\/p><p><a href=\"tel:+358 40 509 3082\">+358 40 509 3082<\/a><br><a href=\"mail:north@yllasskiresort.fi\">north@yllasskiresort.fi<\/a><p><a href=\"https:\/\/www.google.com\/maps\/search\/?api=1&query=Google&query_place_id=ChIJ7_kLCdK-00URFRlntViGeis\">Katso sijainti kartalla <span>&#8599;<\/span><\/a><\/p><\/p><p>\u00c4k\u00e4slompolon puolen rinteilt\u00e4 avautuu Yll\u00e4ksen upeimmat n\u00e4kym\u00e4t Pallas-Yll\u00e4stunturin kansallispuistoon. Eip\u00e4 siis ihme, ett\u00e4 tunturihiiht\u00e4j\u00e4t kipusivat Varkaankuruun laskemaan jo kauan ennen kuin Yll\u00e4ksen ensimm\u00e4inen hissi pystytettiin sinne vuonna 1956. Paljon on vuosien varrella tullut uutta, mutta aito tunturitunnelma on pysynyt samana.<\/p><\/div><\/div>\t\t\t<\/div>\n\n\t\t\t<div class=\"wp-block-column\">\n\t\t\t\t<figure class=\"wp-block-image size-large\"><img loading=\"lazy\" decoding=\"async\" width=\"768\" height=\"768\" src=\"https:\/\/marketplace.epassi.fi\/yllas-ski-resort-akaslompolo\/wp-content\/uploads\/sites\/365\/2023\/09\/yllas_ski_resort_area_map-768x768.png\" class=\"attachment-medium_large size-medium_large\" alt=\"\" \/><\/figure>\n\t\t\t<\/div>\n\t\t<\/div>\n\t<\/div>\n\t\n","protected":false},"excerpt":{"rendered":"","protected":false},"author":2,"featured_media":0,"parent":0,"menu_order":0,"comment_status":"closed","ping_status":"closed","template":"","meta":{"_acf_changed":false,"_kad_post_transparent":"","_kad_post_title":"","_kad_post_layout":"","_kad_post_sidebar_id":"","_kad_post_content_style":"","_kad_post_vertical_padding":"","_kad_post_feature":"","_kad_post_feature_position":"","_kad_post_header":false,"_kad_post_footer":false,"_kad_post_classname":"","footnotes":""},"class_list":["post-22","page","type-page","status-publish","hentry"],"acf":[],"_links":{"self":[{"href":"https:\/\/marketplace.epassi.fi\/yllas-ski-resort-akaslompolo\/wp-json\/wp\/v2\/pages\/22","targetHints":{"allow":["GET"]}}],"collection":[{"href":"https:\/\/marketplace.epassi.fi\/yllas-ski-resort-akaslompolo\/wp-json\/wp\/v2\/pages"}],"about":[{"href":"https:\/\/marketplace.epassi.fi\/yllas-ski-resort-akaslompolo\/wp-json\/wp\/v2\/types\/page"}],"author":[{"embeddable":true,"href":"https:\/\/marketplace.epassi.fi\/yllas-ski-resort-akaslompolo\/wp-json\/wp\/v2\/users\/2"}],"replies":[{"embeddable":true,"href":"https:\/\/marketplace.epassi.fi\/yllas-ski-resort-akaslompolo\/wp-json\/wp\/v2\/comments?post=22"}],"version-history":[{"count":10,"href":"https:\/\/marketplace.epassi.fi\/yllas-ski-resort-akaslompolo\/wp-json\/wp\/v2\/pages\/22\/revisions"}],"predecessor-version":[{"id":264,"href":"https:\/\/marketplace.epassi.fi\/yllas-ski-resort-akaslompolo\/wp-json\/wp\/v2\/pages\/22\/revisions\/264"}],"wp:attachment":[{"href":"https:\/\/marketplace.epassi.fi\/yllas-ski-resort-akaslompolo\/wp-json\/wp\/v2\/media?parent=22"}],"curies":[{"name":"wp","href":"https:\/\/api.w.org\/{rel}","templated":true}]}}