{"id":347,"date":"2023-09-11T13:21:39","date_gmt":"2023-09-11T10:21:39","guid":{"rendered":"https:\/\/marketplace.epassi.fi\/yllas-ski-resort-akaslompolo\/?post_type=product&#038;p=347"},"modified":"2026-01-01T09:42:45","modified_gmt":"2026-01-01T07:42:45","slug":"kausilippu-talvi-2023-2024","status":"publish","type":"product","link":"https:\/\/marketplace.epassi.fi\/yllas-ski-resort-akaslompolo\/kauppa\/liikuntaedut\/hiihtokeskus\/kausilippu-talvi-2023-2024\/","title":{"rendered":"Kausilippu, talvi 2025-2026"},"content":{"rendered":"<p><strong>ePassilla voi ostaa vain henkil\u00f6kohtaisia lippuja samalle henkil\u00f6lle, jonka ePassi-rahaa k\u00e4ytet\u00e4\u00e4n. Hissilipun tietoihin tallennetaan latausvaiheessa nimi ja selke\u00e4 kasvokuva. Lipun v\u00e4\u00e4rink\u00e4ytt\u00f6 johtaa lipun takavarikointiin.<\/strong><\/p>\n<p>Ostaessaan kausilipun ePassin Market Placelta, saa asiakas ohjeet kausilipun lataamiseen Yll\u00e4ksen verkkokaupasta s\u00e4hk\u00f6postitse <strong>kolmen arkip\u00e4iv\u00e4n kuluessa<\/strong>. Kausilipun voi ladata omalle keycardille, jonka sarjanumero alkaa 01- ja 30-. Vaihtoehtoisesti keycardin voi latausvaiheessa lunastaa itselleen verkkokaupasta verkkokaupan maksutavoilla hintaan 8 \u20ac.<\/p>\n<p>ePassilla voi ostaa vain henkil\u00f6kohtaisia lippuja samalle henkil\u00f6lle, kenen ePassi-rahaa k\u00e4ytet\u00e4\u00e4n. Kausilipun tietoihin tallennetaan latausvaiheessa nimi, syntym\u00e4aika ja selke\u00e4 kasvokuva. Lipun v\u00e4\u00e4rink\u00e4ytt\u00f6 johtaa lipun takavarikointiin.<\/p>\n<p>Omalle keycardille lipun ladattuaan saa halutessaan k\u00e4yd\u00e4 lipunmyynniss\u00e4 p\u00e4ivitt\u00e4m\u00e4ss\u00e4 kortin printin, jolloin saa k\u00e4ytt\u00f6\u00f6ns\u00e4 my\u00f6s Yll\u00e4ksen hyv\u00e4t kausilippuedut.<\/p>\n<p>ePassi-maksuja ei muuteta rahaksi eik\u00e4 hyvitet\u00e4 miss\u00e4\u00e4n tapauksessa. ePassi-maksut eiv\u00e4t ole yhdistett\u00e4viss\u00e4 muihin alennuksiin (esim. perhealennukset).<\/p>\n<p>Yll\u00e4s Ski Resort, \u00c4k\u00e4slompolo<br \/>\nTunturintie 56, 95970 \u00c4K\u00c4SLOMPOLO<br \/>\nPuh 040-509 3082<br \/>\nnorth@yllasskiresort.fi<\/p>\n","protected":false},"excerpt":{"rendered":"<p>Yll\u00e4ksen kausilippu kaudelle 2025-2026.<\/p>\n<p>Kausilipun voi yhdist\u00e4\u00e4 omaan keycardiin tai ostaa uuden keycardin 8\u20ac hintaan Yll\u00e4ksen verkkokaupassa.<\/p>\n","protected":false},"featured_media":353,"comment_status":"open","ping_status":"closed","template":"","meta":{"_acf_changed":false,"_kad_post_transparent":"default","_kad_post_title":"","_kad_post_layout":"default","_kad_post_sidebar_id":"","_kad_post_content_style":"default","_kad_post_vertical_padding":"default","_kad_post_feature":"","_kad_post_feature_position":"","_kad_post_header":false,"_kad_post_footer":false,"_kad_post_classname":""},"product_brand":[],"product_cat":[24,19],"product_tag":[],"class_list":{"0":"post-347","1":"product","2":"type-product","3":"status-publish","4":"has-post-thumbnail","6":"product_cat-hiihtokeskus","7":"product_cat-liikuntaedut","9":"first","10":"instock","11":"virtual","12":"taxable","13":"purchasable","14":"product-type-simple","15":"entry","16":"content-bg","17":"loop-entry"},"acf":[],"_links":{"self":[{"href":"https:\/\/marketplace.epassi.fi\/yllas-ski-resort-akaslompolo\/wp-json\/wp\/v2\/product\/347","targetHints":{"allow":["GET"]}}],"collection":[{"href":"https:\/\/marketplace.epassi.fi\/yllas-ski-resort-akaslompolo\/wp-json\/wp\/v2\/product"}],"about":[{"href":"https:\/\/marketplace.epassi.fi\/yllas-ski-resort-akaslompolo\/wp-json\/wp\/v2\/types\/product"}],"replies":[{"embeddable":true,"href":"https:\/\/marketplace.epassi.fi\/yllas-ski-resort-akaslompolo\/wp-json\/wp\/v2\/comments?post=347"}],"wp:featuredmedia":[{"embeddable":true,"href":"https:\/\/marketplace.epassi.fi\/yllas-ski-resort-akaslompolo\/wp-json\/wp\/v2\/media\/353"}],"wp:attachment":[{"href":"https:\/\/marketplace.epassi.fi\/yllas-ski-resort-akaslompolo\/wp-json\/wp\/v2\/media?parent=347"}],"wp:term":[{"taxonomy":"product_brand","embeddable":true,"href":"https:\/\/marketplace.epassi.fi\/yllas-ski-resort-akaslompolo\/wp-json\/wp\/v2\/product_brand?post=347"},{"taxonomy":"product_cat","embeddable":true,"href":"https:\/\/marketplace.epassi.fi\/yllas-ski-resort-akaslompolo\/wp-json\/wp\/v2\/product_cat?post=347"},{"taxonomy":"product_tag","embeddable":true,"href":"https:\/\/marketplace.epassi.fi\/yllas-ski-resort-akaslompolo\/wp-json\/wp\/v2\/product_tag?post=347"}],"curies":[{"name":"wp","href":"https:\/\/api.w.org\/{rel}","templated":true}]}}