{"id":22,"date":"2021-09-13T17:45:59","date_gmt":"2021-09-13T17:45:59","guid":{"rendered":"https:\/\/marketplace.epassi.fi\/yllas-ski-resort-yllasjarvi\/?page_id=22"},"modified":"2021-10-12T10:57:35","modified_gmt":"2021-10-12T10:57:35","slug":"info","status":"publish","type":"page","link":"https:\/\/marketplace.epassi.fi\/yllas-ski-resort-yllasjarvi\/info\/","title":{"rendered":"Info"},"content":{"rendered":"\n\t<div class=\"entry-content single-content\">\n\n\t\t<div class=\"wp-block-columns\" style=\"gap:30px\">\n\t\t\t<div class=\"wp-block-column\">\n\t\t\t\t<h2>Yll\u00e4s - Suomen suurin hiihtokeskus <\/h2>\n\t\t\t\t<p><p>Yll\u00e4s on mitoiltaan Suomen ylivoimaisesti suurin hiihtokeskus.<\/p>\n<p>Yhdess\u00e4k\u00e4\u00e4n muussa keskuksessa ei ole tarjolla niin mittavia rinnepituuksia ja korkeuseroja, joista Yll\u00e4ksell\u00e4 saadaan nauttia. Ainutlaatuista on my\u00f6s sijainti kahden aidon lappilaiskyl\u00e4n v\u00e4liss\u00e4, jolloin laskettelup\u00e4iv\u00e4n aikana on mahdollista risteill\u00e4 kahden eri kyl\u00e4n rinnealueilla.<\/p>\n<p>Yll\u00e4stunturin pohjoispuolella sijaitsee \u00c4k\u00e4slompolon rinnealue ja etel\u00e4puolella Yll\u00e4sj\u00e4rven rinnealue. Huipulle vievien hissien yl\u00e4asemilta voit vapaasti valita mille alueelle kulloinkin suksesi suuntaat.<\/p>\n<\/p>\n\t\t\t\t<h3>Yll\u00e4s Ski Resort, Yll\u00e4sj\u00e4rvi<\/h3>\n\t\t\t\t<p>Iso-Yll\u00e4ksentie 44<br>\n\t\t\t\t\t95980 Yll\u00e4sj\u00e4rvi<\/p>\n\t\t\t\t<p><a href=\"tel:0165103500\">0165103500<\/a><\/p>\n\t\t\t\t<p><a href=\"mailto:south@yllasskiresort.fi\">south@yllasskiresort.fi<\/a><\/p>\n\n\t\t\t\t<h2>Toimipisteet<\/h2><div class=\"info-page-location-list\"><div class=\"info-page-location\"><h3>Yll\u00e4s Ski Resort, Yll\u00e4sj\u00e4rvi<\/h3><p>Iso-Yll\u00e4ksentie 44, 95980 Lappi<\/p><p><a href=\"tel:+358165103500\">+358165103500<\/a><br><a href=\"mail:south@yllasskiresort.fi\">south@yllasskiresort.fi<\/a><p><a href=\"https:\/\/www.google.com\/maps\/search\/?api=1&query=Google&query_place_id=ChIJM9jYOkm800URd7RI6Hr0qI8\">Katso sijainti kartalla <span>&#8599;<\/span><\/a><\/p><\/p><p>Yll\u00e4sj\u00e4rven puolella sijaitsee Yll\u00e4ksen nopea Gondolihissi jolla matka tunturin huipulle taittuu muutamassa minuutissa. T\u00e4\u00e4lt\u00e4 l\u00f6yd\u00e4t my\u00f6s Suomen pisimm\u00e4t, 3 kilometrin mittaiset rinteet sek\u00e4 jokaiseen taitotasoon sopivat snowparkit. Sek\u00e4 kes\u00e4ll\u00e4 pitk\u00e4t reitit alam\u00e4kipy\u00f6r\u00e4ilyst\u00e4 nauttimiseen.<\/p><\/div><\/div>\t\t\t<\/div>\n\n\t\t\t<div class=\"wp-block-column\">\n\t\t\t\t<figure class=\"wp-block-image size-large\"><img loading=\"lazy\" decoding=\"async\" width=\"768\" height=\"768\" src=\"https:\/\/marketplace.epassi.fi\/yllas-ski-resort-yllasjarvi\/wp-content\/uploads\/sites\/366\/2023\/09\/yllas_ski_resort_area_map-768x768.png\" class=\"attachment-medium_large size-medium_large\" alt=\"\" \/><\/figure>\n\t\t\t<\/div>\n\t\t<\/div>\n\t<\/div>\n\t\n","protected":false},"excerpt":{"rendered":"","protected":false},"author":2,"featured_media":0,"parent":0,"menu_order":0,"comment_status":"closed","ping_status":"closed","template":"","meta":{"_acf_changed":false,"_kad_post_transparent":"","_kad_post_title":"","_kad_post_layout":"","_kad_post_sidebar_id":"","_kad_post_content_style":"","_kad_post_vertical_padding":"","_kad_post_feature":"","_kad_post_feature_position":"","_kad_post_header":false,"_kad_post_footer":false,"_kad_post_classname":"","footnotes":""},"class_list":["post-22","page","type-page","status-publish","hentry"],"acf":[],"_links":{"self":[{"href":"https:\/\/marketplace.epassi.fi\/yllas-ski-resort-yllasjarvi\/wp-json\/wp\/v2\/pages\/22","targetHints":{"allow":["GET"]}}],"collection":[{"href":"https:\/\/marketplace.epassi.fi\/yllas-ski-resort-yllasjarvi\/wp-json\/wp\/v2\/pages"}],"about":[{"href":"https:\/\/marketplace.epassi.fi\/yllas-ski-resort-yllasjarvi\/wp-json\/wp\/v2\/types\/page"}],"author":[{"embeddable":true,"href":"https:\/\/marketplace.epassi.fi\/yllas-ski-resort-yllasjarvi\/wp-json\/wp\/v2\/users\/2"}],"replies":[{"embeddable":true,"href":"https:\/\/marketplace.epassi.fi\/yllas-ski-resort-yllasjarvi\/wp-json\/wp\/v2\/comments?post=22"}],"version-history":[{"count":10,"href":"https:\/\/marketplace.epassi.fi\/yllas-ski-resort-yllasjarvi\/wp-json\/wp\/v2\/pages\/22\/revisions"}],"predecessor-version":[{"id":264,"href":"https:\/\/marketplace.epassi.fi\/yllas-ski-resort-yllasjarvi\/wp-json\/wp\/v2\/pages\/22\/revisions\/264"}],"wp:attachment":[{"href":"https:\/\/marketplace.epassi.fi\/yllas-ski-resort-yllasjarvi\/wp-json\/wp\/v2\/media?parent=22"}],"curies":[{"name":"wp","href":"https:\/\/api.w.org\/{rel}","templated":true}]}}